{"id":57781,"date":"2017-05-10T11:43:40","date_gmt":"2017-05-10T09:43:40","guid":{"rendered":"https:\/\/undsgn.com\/uncode\/?page_id=57781"},"modified":"2021-10-08T15:25:55","modified_gmt":"2021-10-08T13:25:55","slug":"creative-digital-agency","status":"publish","type":"page","link":"https:\/\/tisal.ba\/","title":{"rendered":"Po\u010detna"},"content":{"rendered":"<p>[vc_row unlock_row_content=&#8221;yes&#8221; row_height_percent=&#8221;0&#8221; override_padding=&#8221;yes&#8221; h_padding=&#8221;5&#8221; top_padding=&#8221;0&#8221; bottom_padding=&#8221;3&#8221; overlay_alpha=&#8221;50&#8221; gutter_size=&#8221;3&#8221; column_width_percent=&#8221;100&#8221; shift_y=&#8221;0&#8221; z_index=&#8221;0&#8221;][vc_column width=&#8221;1\/1&#8221;][vc_row_inner][vc_column_inner width=&#8221;1\/1&#8221;][vc_empty_space empty_h=&#8221;1&#8221;][\/vc_column_inner][\/vc_row_inner][vc_row_inner][vc_column_inner width=&#8221;1\/1&#8221;][vc_custom_heading text_size=&#8221;fontsize-155944&#8221; text_space=&#8221;fontspace-781688&#8221; text_font=&#8221;font-762333&#8221; text_weight=&#8221;700&#8221; css_animation=&#8221;curtain&#8221; animation_delay=&#8221;200&#8221; interval_animation=&#8221;200&#8221;]Visok standard kvaliteta i zavidan dizajn proizvoda uskla\u0111enih sa EU standardima[\/vc_custom_heading][vc_custom_heading heading_semantic=&#8221;h5&#8221; text_size=&#8221;h4&#8221; text_height=&#8221;fontheight-524109&#8221; text_space=&#8221;fontspace-781688&#8221; text_font=&#8221;font-134980&#8221; text_weight=&#8221;400&#8221; text_color=&#8221;color-wvjs&#8221; css_animation=&#8221;curtain&#8221; animation_delay=&#8221;600&#8221; interval_animation=&#8221;200&#8221;]Preduze\u0107e EZ d.o.o. Busova\u010da egzistira od 1989. godine. Na tr\u017ei\u0161tu je prisutno sa tri razli\u010dita, ali me\u0111usobno povezana proizvodna programa i to:[\/vc_custom_heading][\/vc_column_inner][\/vc_row_inner][vc_row_inner][vc_column_inner width=&#8221;1\/3&#8221;][vc_icon icon_image=&#8221;80879&#8221; icon_color=&#8221;accent&#8221; text_size=&#8221;h4&#8221; text_font=&#8221;font-762333&#8221; text_weight=&#8221;300&#8221; text_height=&#8221;fontheight-524109&#8221; text_space=&#8221;fontspace-111509&#8221; css_animation=&#8221;right-t-left&#8221; animation_delay=&#8221;200&#8221; link=&#8221;url:http%3A%2F%2Ftisal.ba%2Findex.php%2Fshop-classic%2F|title:Higijena||&#8221;]Program proizvodnje sredstava za odr\u017eavanje higijene (ku\u0107na hemija), pod prepoznatljivim imenom TISal, Citral, GLANZ, Lilla i DAILY[\/vc_icon][\/vc_column_inner][vc_column_inner width=&#8221;1\/3&#8221;][vc_icon icon_image=&#8221;80880&#8221; text_size=&#8221;h4&#8221; text_font=&#8221;font-762333&#8221; text_weight=&#8221;300&#8221; text_height=&#8221;fontheight-524109&#8221; text_space=&#8221;fontspace-111509&#8221; text_reduced=&#8221;yes&#8221; css_animation=&#8221;right-t-left&#8221; animation_delay=&#8221;200&#8221; link=&#8221;url:http%3A%2F%2Ftisal.ba%2Findex.php%2Fkozmetika%2F|title:Kozmetika||&#8221;]Program proizvodnje kozmeti\u010dkih proizvoda pod nazivom Ella[\/vc_icon][\/vc_column_inner][vc_column_inner width=&#8221;1\/3&#8221;][vc_icon icon_image=&#8221;80881&#8221; text_size=&#8221;h4&#8221; text_font=&#8221;font-762333&#8221; text_weight=&#8221;300&#8221; text_height=&#8221;fontheight-524109&#8221; text_space=&#8221;fontspace-111509&#8221; text_reduced=&#8221;yes&#8221; css_animation=&#8221;right-t-left&#8221; animation_delay=&#8221;200&#8221; link=&#8221;url:http%3A%2F%2Ftisal.ba%2Findex.php%2Fambalaza%2F|title:Ambala%C5%BEa||&#8221;]Program prizvodnje ekolo\u0161ki prihvatljive brizgane i puhane ambala\u017ee koja se koristi za zadovoljenje vlastitih potreba, kao i za potrebe drugih proizvo\u0111a\u010da (PET, PE, PP)[\/vc_icon][\/vc_column_inner][\/vc_row_inner][vc_row_inner][vc_column_inner width=&#8221;1\/1&#8221;][vc_button button_color=&#8221;color-314254&#8221; radius=&#8221;btn-circle&#8221; border_animation=&#8221;btn-ripple-out&#8221; hover_fx=&#8221;full-colored&#8221; border_width=&#8221;1&#8221; css_animation=&#8221;left-t-right&#8221; link=&#8221;url:https%3A%2F%2Ftisal.ba%2Findex.php%2Fbs%2Fo-nama%2F|title:O%20nama||&#8221;]Saznaj vi\u0161e[\/vc_button][\/vc_column_inner][\/vc_row_inner][\/vc_column][\/vc_row][vc_row row_height_percent=&#8221;65&#8221; override_padding=&#8221;yes&#8221; h_padding=&#8221;2&#8221; top_padding=&#8221;7&#8221; bottom_padding=&#8221;7&#8221; back_color=&#8221;color-nhtu&#8221; back_image=&#8221;83082&#8221; parallax=&#8221;yes&#8221; overlay_color=&#8221;color-wayh&#8221; overlay_alpha=&#8221;10&#8221; gutter_size=&#8221;3&#8221; column_width_percent=&#8221;100&#8221; shift_y=&#8221;0&#8221; z_index=&#8221;2&#8221; bottom_divider=&#8221;step_2_3&#8221;][vc_column column_width_use_pixel=&#8221;yes&#8221; position_vertical=&#8221;middle&#8221; align_horizontal=&#8221;align_center&#8221; style=&#8221;dark&#8221; overlay_alpha=&#8221;50&#8221; gutter_size=&#8221;3&#8221; medium_width=&#8221;0&#8221; align_mobile=&#8221;align_center_mobile&#8221; mobile_width=&#8221;0&#8221; shift_x=&#8221;0&#8221; shift_y=&#8221;0&#8221; shift_y_down=&#8221;0&#8221; shift_y_down_fixed=&#8221;yes&#8221; z_index=&#8221;0&#8221; width=&#8221;1\/1&#8221; column_width_pixel=&#8221;1000&#8221;][vc_icon icon=&#8221;fa fa-play&#8221; icon_color=&#8221;color-314254&#8221; background_style=&#8221;fa-rounded&#8221; size=&#8221;fa-3x&#8221; icon_automatic=&#8221;yes&#8221; shadow=&#8221;yes&#8221; css_animation=&#8221;zoom-out&#8221; animation_delay=&#8221;200&#8221; link=&#8221;|||&#8221; media_lightbox=&#8221;83084&#8221;][\/vc_icon][\/vc_column][\/vc_row][vc_row unlock_row_content=&#8221;yes&#8221; row_height_percent=&#8221;0&#8221; override_padding=&#8221;yes&#8221; h_padding=&#8221;5&#8221; top_padding=&#8221;3&#8221; bottom_padding=&#8221;3&#8221; overlay_alpha=&#8221;50&#8221; gutter_size=&#8221;3&#8221; column_width_percent=&#8221;100&#8221; border_color=&#8221;color-314254&#8221; border_style=&#8221;solid&#8221; shift_y=&#8221;0&#8221; z_index=&#8221;0&#8221; css=&#8221;.vc_custom_1552466866232{border-top-width: 13px !important;}&#8221;][vc_column width=&#8221;1\/1&#8221;][vc_custom_heading text_size=&#8221;fontsize-155944&#8221; text_space=&#8221;fontspace-781688&#8221; text_font=&#8221;font-762333&#8221; text_weight=&#8221;700&#8221; css_animation=&#8221;curtain&#8221; animation_delay=&#8221;200&#8221; interval_animation=&#8221;200&#8221;]<\/p>\n<p style=\"text-align: center;\">Na\u0161i brendovi<\/p>\n<p>[\/vc_custom_heading][vc_gallery el_id=&#8221;gallery-613482&#8221; type=&#8221;carousel&#8221; medias=&#8221;83756,81140,81141,81142,81143,81144,81139&#8221; carousel_lg=&#8221;5&#8221; carousel_md=&#8221;5&#8221; carousel_sm=&#8221;1&#8221; gutter_size=&#8221;3&#8221; media_items=&#8221;media|custom_link|poster,icon,category&#8221; carousel_interval=&#8221;3000&#8221; carousel_navspeed=&#8221;400&#8221; carousel_loop=&#8221;yes&#8221; carousel_nav=&#8221;yes&#8221; carousel_nav_mobile=&#8221;yes&#8221; stage_padding=&#8221;0&#8221; single_overlay_opacity=&#8221;1&#8221; single_image_color_anim=&#8221;yes&#8221; single_image_anim_move=&#8221;yes&#8221; single_padding=&#8221;5&#8221; title=&#8221;NA\u0160I BRENDOVI&#8221; items=&#8221;eyI4MDU4OF9pIjp7InNpbmdsZV9pY29uIjoiIiwic2luZ2xlX2xpbmsiOiJ1cmw6aHR0cCUzQSUyRiUyRmxvY2FsaG9zdCUyRmluZGV4LnBocCUyRmNyZWF0aXZlLW1hcmtldGluZyUyRnx0aXRsZTpDcmVhdGl2ZSUyME1hcmtldGluZ3x8In19&#8221;][\/vc_column][\/vc_row][vc_row unlock_row_content=&#8221;yes&#8221; row_height_percent=&#8221;0&#8221; override_padding=&#8221;yes&#8221; h_padding=&#8221;2&#8221; top_padding=&#8221;5&#8221; bottom_padding=&#8221;3&#8221; back_color=&#8221;color-rgdb&#8221; back_image=&#8221;80737&#8221; back_position=&#8221;center top&#8221; parallax=&#8221;yes&#8221; overlay_alpha=&#8221;49&#8221; gutter_size=&#8221;3&#8221; column_width_percent=&#8221;100&#8221; shift_y=&#8221;0&#8221; z_index=&#8221;0&#8221; style=&#8221;inherited&#8221;][vc_column column_width_use_pixel=&#8221;yes&#8221; position_vertical=&#8221;middle&#8221; align_horizontal=&#8221;align_center&#8221; style=&#8221;dark&#8221; font_family=&#8221;font-762333&#8221; overlay_alpha=&#8221;100&#8221; gutter_size=&#8221;0&#8221; medium_width=&#8221;0&#8221; mobile_width=&#8221;0&#8221; shift_x=&#8221;0&#8221; shift_y=&#8221;0&#8221; shift_y_down=&#8221;0&#8221; z_index=&#8221;0&#8221; zoom_width=&#8221;0&#8221; zoom_height=&#8221;0&#8221; width=&#8221;1\/1&#8221; column_width_pixel=&#8221;700&#8221;][vc_custom_heading text_size=&#8221;fontsize-338686&#8221; text_space=&#8221;fontspace-111509&#8221; text_font=&#8221;font-762333&#8221; text_weight=&#8221;700&#8221; sub_lead=&#8221;yes&#8221; sub_reduced=&#8221;yes&#8221; text_align=&#8221;text-center&#8221; text_serif=&#8221;&#8221; subheading=&#8221;Pratite nas i prvi saznajte za na\u0161e nove projekte!&#8221;]Novosti[\/vc_custom_heading][vc_empty_space empty_h=&#8221;3&#8221;][\/vc_column][\/vc_row][vc_row unlock_row_content=&#8221;yes&#8221; row_height_percent=&#8221;0&#8221; override_padding=&#8221;yes&#8221; h_padding=&#8221;2&#8221; top_padding=&#8221;0&#8221; bottom_padding=&#8221;3&#8221; back_color=&#8221;color-gyho&#8221; overlay_alpha=&#8221;0&#8221; gutter_size=&#8221;3&#8221; column_width_percent=&#8221;100&#8221; shift_y=&#8221;0&#8221; z_index=&#8221;0&#8221; style=&#8221;inherited&#8221; el_class=&#8221;blog-carousel&#8221;][vc_column column_width_percent=&#8221;100&#8221; position_horizontal=&#8221;left&#8221; align_horizontal=&#8221;align_center&#8221; style=&#8221;dark&#8221; overlay_alpha=&#8221;100&#8221; gutter_size=&#8221;3&#8221; medium_width=&#8221;0&#8221; shift_x=&#8221;0&#8221; shift_y=&#8221;0&#8221; z_index=&#8221;0&#8221; zoom_width=&#8221;0&#8221; zoom_height=&#8221;0&#8221; width=&#8221;1\/1&#8221;][vc_row_inner row_inner_height_percent=&#8221;0&#8221; overlay_alpha=&#8221;0&#8221; gutter_size=&#8221;3&#8221; shift_y=&#8221;0&#8221;][vc_column_inner column_width_percent=&#8221;90&#8221; align_horizontal=&#8221;align_center&#8221; override_padding=&#8221;yes&#8221; column_padding=&#8221;1&#8221; gutter_size=&#8221;3&#8221; font_family=&#8221;font-762333&#8221; overlay_alpha=&#8221;100&#8221; medium_width=&#8221;0&#8221; mobile_width=&#8221;0&#8221; shift_x=&#8221;0&#8221; shift_y=&#8221;-4&#8221; shift_y_fixed=&#8221;yes&#8221; shift_y_down=&#8221;0&#8221; z_index=&#8221;0&#8221; zoom_width=&#8221;0&#8221; zoom_height=&#8221;0&#8221; width=&#8221;1\/1&#8221; mobile_width_full=&#8221;&#8221;][uncode_index el_id=&#8221;index-73887447&#8221; index_type=&#8221;carousel&#8221; loop=&#8221;size:20|order_by:date|order:DESC|categories:99|by_id:-4245&#8221; index_back_color=&#8221;color-gyho&#8221; carousel_lg=&#8221;3&#8221; carousel_md=&#8221;2&#8221; carousel_sm=&#8221;1&#8221; thumb_size=&#8221;sixteen-nine&#8221; gutter_size=&#8221;1&#8221; post_items=&#8221;icon|sm,date,title,media|custom|nolink|original,text|excerpt,sep-one|full,author|sm_size|hide_qualification&#8221; carousel_height=&#8221;equal&#8221; carousel_interval=&#8221;0&#8221; carousel_navspeed=&#8221;400&#8221; carousel_dots=&#8221;yes&#8221; carousel_dots_mobile=&#8221;yes&#8221; stage_padding=&#8221;0&#8221; single_back_color=&#8221;color-xsdn&#8221; single_overlay_color=&#8221;color-wayh&#8221; single_overlay_opacity=&#8221;80&#8221; single_text_anim_type=&#8221;btt&#8221; single_image_anim=&#8221;no&#8221; single_h_align_mobile=&#8221;center&#8221; single_padding=&#8221;4&#8221; single_title_dimension=&#8221;h3&#8221; single_title_family=&#8221;font-762333&#8221; single_title_weight=&#8221;700&#8221; single_title_space=&#8221;fontspace-111509&#8221; single_border=&#8221;yes&#8221; single_css_animation=&#8221;zoom-in&#8221; single_animation_delay=&#8221;200&#8221; footer_position=&#8221;left&#8221; carousel_rtl=&#8221;&#8221; single_title_serif=&#8221;&#8221; single_no_background=&#8221;&#8221; title=&#8221;BLOG POST CAROUSEL&#8221; order_ids=&#8221;20528,4225,4252,20518,4193,4229,4254&#8221; single_icon=&#8221;fa fa-plus2&#8221;][\/vc_column_inner][\/vc_row_inner][\/vc_column][\/vc_row][vc_row row_height_percent=&#8221;0&#8221; override_padding=&#8221;yes&#8221; h_padding=&#8221;2&#8221; top_padding=&#8221;4&#8221; bottom_padding=&#8221;4&#8221; back_color=&#8221;color-jevc&#8221; overlay_alpha=&#8221;50&#8221; gutter_size=&#8221;3&#8221; column_width_use_pixel=&#8221;yes&#8221; border_color=&#8221;color-314254&#8221; border_style=&#8221;solid&#8221; shift_y=&#8221;0&#8221; z_index=&#8221;0&#8221; column_width_pixel=&#8221;800&#8221; css=&#8221;.vc_custom_1552478536708{border-top-width: 13px !important;}&#8221;][vc_column column_width_percent=&#8221;100&#8221; align_horizontal=&#8221;align_center&#8221; overlay_alpha=&#8221;50&#8221; gutter_size=&#8221;3&#8221; medium_width=&#8221;0&#8221; mobile_width=&#8221;0&#8221; shift_x=&#8221;0&#8221; shift_y=&#8221;0&#8221; shift_y_down=&#8221;0&#8221; z_index=&#8221;0&#8221; css_animation=&#8221;bottom-t-top&#8221; animation_delay=&#8221;200&#8221; width=&#8221;1\/1&#8221;][vc_row_inner][vc_column_inner column_width_use_pixel=&#8221;yes&#8221; align_horizontal=&#8221;align_center&#8221; style=&#8221;dark&#8221; gutter_size=&#8221;2&#8221; overlay_alpha=&#8221;50&#8221; medium_width=&#8221;0&#8221; mobile_width=&#8221;0&#8221; shift_x=&#8221;0&#8221; shift_y=&#8221;0&#8221; shift_y_down=&#8221;0&#8221; z_index=&#8221;0&#8221; width=&#8221;1\/1&#8221; column_width_pixel=&#8221;600&#8221;][vc_custom_heading heading_semantic=&#8221;h5&#8221; text_size=&#8221;fontsize-160000&#8221; text_space=&#8221;fontspace-135905&#8221; text_font=&#8221;font-762333&#8221; text_transform=&#8221;uppercase&#8221; text_color=&#8221;color-314254&#8221;]Kontakt[\/vc_custom_heading][vc_empty_space empty_h=&#8221;1&#8221;][vc_custom_heading heading_semantic=&#8221;h1&#8221; text_size=&#8221;h1&#8221; text_space=&#8221;fontspace-111509&#8221; text_font=&#8221;font-762333&#8221; text_weight=&#8221;700&#8221; sub_lead=&#8221;yes&#8221;]Imate pitanje? Kontaktirajte nas![\/vc_custom_heading][\/vc_column_inner][\/vc_row_inner][vc_row_inner][vc_column_inner column_width_use_pixel=&#8221;yes&#8221; align_horizontal=&#8221;align_center&#8221; gutter_size=&#8221;3&#8221; font_family=&#8221;font-134980&#8221; overlay_alpha=&#8221;50&#8221; medium_width=&#8221;0&#8221; mobile_width=&#8221;0&#8221; shift_x=&#8221;0&#8221; shift_y=&#8221;0&#8221; shift_y_down=&#8221;0&#8221; z_index=&#8221;0&#8221; width=&#8221;1\/1&#8221; column_width_pixel=&#8221;800&#8221;]\n<div class=\"wpcf7 no-js\" id=\"wpcf7-f61789-o1\" lang=\"en-US\" dir=\"ltr\" data-wpcf7-id=\"61789\">\n<div class=\"screen-reader-response\"><p role=\"status\" aria-live=\"polite\" aria-atomic=\"true\"><\/p> <ul><\/ul><\/div>\n<form action=\"\/index.php\/wp-json\/wp\/v2\/pages\/57781#wpcf7-f61789-o1\" method=\"post\" class=\"wpcf7-form init\" aria-label=\"Contact form\" novalidate=\"novalidate\" data-status=\"init\">\n<fieldset class=\"hidden-fields-container\"><input type=\"hidden\" name=\"_wpcf7\" value=\"61789\" \/><input type=\"hidden\" name=\"_wpcf7_version\" value=\"6.1.4\" \/><input type=\"hidden\" name=\"_wpcf7_locale\" value=\"en_US\" \/><input type=\"hidden\" name=\"_wpcf7_unit_tag\" value=\"wpcf7-f61789-o1\" \/><input type=\"hidden\" name=\"_wpcf7_container_post\" value=\"0\" \/><input type=\"hidden\" name=\"_wpcf7_posted_data_hash\" value=\"\" \/><input type=\"hidden\" name=\"_wpcf7_recaptcha_response\" value=\"\" \/>\n<\/fieldset>\n<div class=\"wpcf7-inline-wrapper\">\n\t<p class=\"wpcf7-inline-field\"><span class=\"wpcf7-form-control-wrap\" data-name=\"your-name\"><input size=\"40\" maxlength=\"400\" class=\"wpcf7-form-control wpcf7-text wpcf7-validates-as-required form-xl\" aria-required=\"true\" aria-invalid=\"false\" placeholder=\"Ime i Prezime *\" value=\"\" type=\"text\" name=\"your-name\" \/><\/span>\n\t<\/p>\n\t<p class=\"wpcf7-inline-field\"><span class=\"wpcf7-form-control-wrap\" data-name=\"your-company\"><input size=\"40\" maxlength=\"400\" class=\"wpcf7-form-control wpcf7-text wpcf7-validates-as-required form-xl\" aria-required=\"true\" aria-invalid=\"false\" placeholder=\"Kompanija *\" value=\"\" type=\"text\" name=\"your-company\" \/><\/span>\n\t<\/p>\n<\/div>\n<div class=\"wpcf7-inline-wrapper\">\n\t<p class=\"wpcf7-inline-field\"><span class=\"wpcf7-form-control-wrap\" data-name=\"your-email\"><input size=\"40\" maxlength=\"400\" class=\"wpcf7-form-control wpcf7-email wpcf7-validates-as-required wpcf7-text wpcf7-validates-as-email form-xl\" aria-required=\"true\" aria-invalid=\"false\" placeholder=\"Email *\" value=\"\" type=\"email\" name=\"your-email\" \/><\/span>\n\t<\/p>\n\t<p class=\"wpcf7-inline-field\"><span class=\"wpcf7-form-control-wrap\" data-name=\"your-tel\"><input size=\"40\" maxlength=\"400\" class=\"wpcf7-form-control wpcf7-text wpcf7-validates-as-required form-xl\" aria-required=\"true\" aria-invalid=\"false\" placeholder=\"Telefon *\" value=\"\" type=\"text\" name=\"your-tel\" \/><\/span>\n\t<\/p>\n<\/div>\n<p><span class=\"wpcf7-form-control-wrap\" data-name=\"your-message\"><textarea cols=\"40\" rows=\"10\" maxlength=\"2000\" class=\"wpcf7-form-control wpcf7-textarea form-xl\" aria-invalid=\"false\" placeholder=\"Poruka\" name=\"your-message\"><\/textarea><\/span>\n<\/p>\n<div style=\"display: flex; justify-content: center; margin-top: 20px\">\n<span class=\"wpcf7-form-control-wrap recaptcha\" data-name=\"recaptcha\"><span data-sitekey=\"6LeP2bYUAAAAACWZG96_GrIqaK222T0_OpzZ8vM0\" class=\"wpcf7-form-control wpcf7-recaptcha g-recaptcha\"><\/span>\r\n<noscript>\r\n\t<div class=\"grecaptcha-noscript\">\r\n\t\t<iframe loading=\"lazy\" src=\"https:\/\/www.google.com\/recaptcha\/api\/fallback?k=6LeP2bYUAAAAACWZG96_GrIqaK222T0_OpzZ8vM0\" frameborder=\"0\" scrolling=\"no\" width=\"310\" height=\"430\">\r\n\t\t<\/iframe>\r\n\t\t<textarea name=\"g-recaptcha-response\" rows=\"3\" cols=\"40\" placeholder=\"reCaptcha Response Here\">\r\n\t\t<\/textarea>\r\n\t<\/div>\r\n<\/noscript>\r\n<\/span>\n<\/div>\n<p><input class=\"wpcf7-form-control wpcf7-submit has-spinner custom-link btn btn-color-314254 btn-circle btn-flat btn-icon-left btn-ripple-out btn-border-animated\" type=\"submit\" value=\"Po\u0161alji poruku\" \/>\n<\/p><p style=\"display: none !important;\" class=\"akismet-fields-container\" data-prefix=\"_wpcf7_ak_\"><label>&#916;<textarea name=\"_wpcf7_ak_hp_textarea\" cols=\"45\" rows=\"8\" maxlength=\"100\"><\/textarea><\/label><input type=\"hidden\" id=\"ak_js_1\" name=\"_wpcf7_ak_js\" value=\"56\"\/><script>document.getElementById( \"ak_js_1\" ).setAttribute( \"value\", ( new Date() ).getTime() );<\/script><\/p><div class=\"wpcf7-response-output\" aria-hidden=\"true\"><\/div>\n<\/form>\n<\/div>\n[\/vc_column_inner][\/vc_row_inner][\/vc_column][\/vc_row]<\/p>\n","protected":false},"excerpt":{"rendered":"<p>[vc_row unlock_row_content=&#8221;yes&#8221; row_height_percent=&#8221;0&#8221; override_padding=&#8221;yes&#8221; h_padding=&#8221;5&#8221; top_padding=&#8221;0&#8221; bottom_padding=&#8221;3&#8221; overlay_alpha=&#8221;50&#8221; gutter_size=&#8221;3&#8221; column_width_percent=&#8221;100&#8221; shift_y=&#8221;0&#8221; z_index=&#8221;0&#8221;][vc_column width=&#8221;1\/1&#8221;][vc_row_inner][vc_column_inner width=&#8221;1\/1&#8221;][vc_empty_space empty_h=&#8221;1&#8221;][\/vc_column_inner][\/vc_row_inner][vc_row_inner][vc_column_inner width=&#8221;1\/1&#8221;][vc_custom_heading text_size=&#8221;fontsize-155944&#8221; text_space=&#8221;fontspace-781688&#8221; text_font=&#8221;font-762333&#8221; text_weight=&#8221;700&#8221; [&hellip;]<\/p>\n","protected":false},"author":1,"featured_media":0,"parent":0,"menu_order":0,"comment_status":"closed","ping_status":"closed","template":"","meta":{"footnotes":""},"class_list":["post-57781","page","type-page","status-publish","hentry","page_category-creative"],"_links":{"self":[{"href":"https:\/\/tisal.ba\/index.php\/wp-json\/wp\/v2\/pages\/57781","targetHints":{"allow":["GET"]}}],"collection":[{"href":"https:\/\/tisal.ba\/index.php\/wp-json\/wp\/v2\/pages"}],"about":[{"href":"https:\/\/tisal.ba\/index.php\/wp-json\/wp\/v2\/types\/page"}],"author":[{"embeddable":true,"href":"https:\/\/tisal.ba\/index.php\/wp-json\/wp\/v2\/users\/1"}],"replies":[{"embeddable":true,"href":"https:\/\/tisal.ba\/index.php\/wp-json\/wp\/v2\/comments?post=57781"}],"version-history":[{"count":221,"href":"https:\/\/tisal.ba\/index.php\/wp-json\/wp\/v2\/pages\/57781\/revisions"}],"predecessor-version":[{"id":83854,"href":"https:\/\/tisal.ba\/index.php\/wp-json\/wp\/v2\/pages\/57781\/revisions\/83854"}],"wp:attachment":[{"href":"https:\/\/tisal.ba\/index.php\/wp-json\/wp\/v2\/media?parent=57781"}],"curies":[{"name":"wp","href":"https:\/\/api.w.org\/{rel}","templated":true}]}}