{"id":80816,"date":"2019-03-12T15:30:26","date_gmt":"2019-03-12T15:30:26","guid":{"rendered":"http:\/\/localhost\/?page_id=80816"},"modified":"2024-05-07T14:57:29","modified_gmt":"2024-05-07T12:57:29","slug":"o-nama","status":"publish","type":"page","link":"https:\/\/tisal.ba\/index.php\/o-nama\/","title":{"rendered":"O nama"},"content":{"rendered":"<p>[vc_row unlock_row_content=&#8221;yes&#8221; row_height_percent=&#8221;0&#8221; override_padding=&#8221;yes&#8221; h_padding=&#8221;5&#8221; top_padding=&#8221;0&#8221; bottom_padding=&#8221;3&#8221; overlay_alpha=&#8221;50&#8221; gutter_size=&#8221;3&#8221; column_width_percent=&#8221;100&#8221; shift_y=&#8221;0&#8221; z_index=&#8221;0&#8221;][vc_column width=&#8221;1\/1&#8221;][vc_row_inner][vc_column_inner width=&#8221;1\/1&#8221;][vc_empty_space empty_h=&#8221;1&#8221;][\/vc_column_inner][\/vc_row_inner][vc_row_inner][vc_column_inner width=&#8221;1\/1&#8221;][vc_custom_heading text_size=&#8221;fontsize-155944&#8221; text_space=&#8221;fontspace-781688&#8221; text_font=&#8221;font-762333&#8221; text_weight=&#8221;700&#8221; css_animation=&#8221;curtain&#8221; animation_delay=&#8221;200&#8221; interval_animation=&#8221;200&#8221;]Proizvodi uskla\u0111eni sa standardima EU[\/vc_custom_heading][vc_custom_heading heading_semantic=&#8221;h5&#8221; text_size=&#8221;h4&#8221; text_height=&#8221;fontheight-524109&#8221; text_space=&#8221;fontspace-781688&#8221; text_font=&#8221;font-175345&#8221; text_weight=&#8221;400&#8221; text_color=&#8221;color-wvjs&#8221; css_animation=&#8221;bottom-t-top&#8221; animation_delay=&#8221;100&#8221;]<\/p>\n<p class=\"second\">U okviru programa &#8220;GLANZ&#8221;, &#8220;ELLA&#8221;, &#8220;LILLA&#8221;, &#8220;TISAL&#8221;, &#8220;DAILY&#8221; i &#8220;CITRAL&#8221; nalazimo 41 proizvod za \u0161iroku potro\u0161nju u 135 razli\u010ditih pakovanja. Plasman i distribuciju proizvoda obavljamo na kompletnoj teritoriji BiH, kao i na teritoriji Hrvatske, Srbije, Slovenije, Gane, \u0160vicarske, Crne Gore, \u0160vedske i Saudijske Arabije.<\/p>\n<p class=\"second\">Poseban akcenat dajemo na razvoj tehnologije, stalno uvo\u0111enje novih proizvoda, kao i permanentno usavr\u0161avanje postoje\u0107eg kadra. Visoke standarde kvaliteta, kao i zavidan dizajn proizvoda, poduze\u0107e odr\u017eava zahvaljuju\u0107i poslovnim i prijateljskim vezama s poznatim svjetskim proizvo\u0111a\u010dima srodnih djelatnosti. Sirovine koje se koriste u proizvodnji su isklju\u010divo EU porijekla \u0161to garantuje visok stepen kvaliteta proizvoda, sukladnost sa Standardima i Direktivama Evropske Unije \u0161to pridonosi uklanjanju \u0161tetnih tvari za okoli\u0161, kancerogenih materija i alergenih faktora.<\/p>\n<p>[\/vc_custom_heading][\/vc_column_inner][\/vc_row_inner][\/vc_column][\/vc_row][vc_row unlock_row_content=&#8221;yes&#8221; row_height_percent=&#8221;0&#8221; override_padding=&#8221;yes&#8221; h_padding=&#8221;5&#8221; top_padding=&#8221;1&#8221; bottom_padding=&#8221;3&#8221; overlay_alpha=&#8221;50&#8221; gutter_size=&#8221;3&#8221; column_width_percent=&#8221;100&#8221; shift_y=&#8221;0&#8221; z_index=&#8221;0&#8221;][vc_column width=&#8221;1\/1&#8221;][vc_row_inner row_inner_height_percent=&#8221;0&#8221; force_width_grid=&#8221;yes&#8221; overlay_alpha=&#8221;50&#8221; gutter_size=&#8221;3&#8221; shift_y=&#8221;0&#8221; z_index=&#8221;0&#8221;][vc_column_inner width=&#8221;1\/2&#8221;][vc_custom_heading]Na\u0161a misija[\/vc_custom_heading][vc_column_text]&#8221;Kvalitetan proizvod je na\u0161 imperativ i prepoznat je od strane na\u0161ih kupaca, kao i krajnjih potro\u0161a\u010da&#8221;[\/vc_column_text][\/vc_column_inner][vc_column_inner width=&#8221;1\/2&#8221;][vc_custom_heading]Na\u0161a vizija[\/vc_custom_heading][vc_column_text]&#8221;Na\u0161a vizija je konstantno usavr\u0161avanje kadra, razvoj nove tehnologije, kao i uvo\u0111enje kvalitetnih proizvoda, \u0161to je garancija stabilnosti i rasta firme&#8221;[\/vc_column_text][\/vc_column_inner][\/vc_row_inner][\/vc_column][\/vc_row][vc_row unlock_row_content=&#8221;yes&#8221; row_height_percent=&#8221;0&#8221; override_padding=&#8221;yes&#8221; h_padding=&#8221;2&#8221; top_padding=&#8221;5&#8221; bottom_padding=&#8221;5&#8221; back_color=&#8221;color-rgdb&#8221; back_image=&#8221;80737&#8221; back_position=&#8221;center top&#8221; parallax=&#8221;yes&#8221; overlay_color=&#8221;color-314254&#8221; overlay_alpha=&#8221;90&#8221; gutter_size=&#8221;3&#8221; column_width_percent=&#8221;100&#8221; shift_y=&#8221;0&#8221; z_index=&#8221;0&#8221; style=&#8221;inherited&#8221;][vc_column column_width_use_pixel=&#8221;yes&#8221; position_vertical=&#8221;middle&#8221; align_horizontal=&#8221;align_center&#8221; style=&#8221;dark&#8221; font_family=&#8221;font-762333&#8221; overlay_alpha=&#8221;100&#8221; gutter_size=&#8221;0&#8221; medium_width=&#8221;0&#8221; mobile_width=&#8221;0&#8221; shift_x=&#8221;0&#8221; shift_y=&#8221;0&#8221; shift_y_down=&#8221;0&#8221; z_index=&#8221;0&#8221; zoom_width=&#8221;0&#8221; zoom_height=&#8221;0&#8221; width=&#8221;1\/1&#8221; column_width_pixel=&#8221;700&#8221;][vc_custom_heading text_size=&#8221;fontsize-155944&#8221; text_space=&#8221;fontspace-111509&#8221; text_font=&#8221;font-762333&#8221; text_weight=&#8221;700&#8221; sub_lead=&#8221;yes&#8221; sub_reduced=&#8221;yes&#8221; text_align=&#8221;text-center&#8221; text_serif=&#8221;&#8221; subheading=&#8221;Budite prvi koji \u0107e probati na\u0161e nove proizvode&#8221;]Najnoviji proizvodi[\/vc_custom_heading][vc_empty_space empty_h=&#8221;3&#8221;][\/vc_column][\/vc_row][vc_row unlock_row_content=&#8221;yes&#8221; row_height_percent=&#8221;0&#8221; override_padding=&#8221;yes&#8221; h_padding=&#8221;2&#8221; top_padding=&#8221;0&#8221; bottom_padding=&#8221;3&#8221; back_color=&#8221;color-xsdn&#8221; overlay_alpha=&#8221;0&#8221; gutter_size=&#8221;3&#8221; column_width_percent=&#8221;100&#8221; shift_y=&#8221;0&#8221; z_index=&#8221;0&#8221; style=&#8221;inherited&#8221; el_class=&#8221;blog-carousel&#8221;][vc_column column_width_percent=&#8221;100&#8221; position_horizontal=&#8221;left&#8221; align_horizontal=&#8221;align_center&#8221; style=&#8221;dark&#8221; overlay_alpha=&#8221;100&#8221; gutter_size=&#8221;3&#8221; medium_width=&#8221;0&#8221; shift_x=&#8221;0&#8221; shift_y=&#8221;0&#8221; z_index=&#8221;0&#8221; zoom_width=&#8221;0&#8221; zoom_height=&#8221;0&#8221; width=&#8221;1\/1&#8221;][vc_row_inner row_inner_height_percent=&#8221;0&#8221; overlay_alpha=&#8221;0&#8221; gutter_size=&#8221;3&#8221; shift_y=&#8221;0&#8221;][vc_column_inner column_width_percent=&#8221;90&#8221; align_horizontal=&#8221;align_center&#8221; override_padding=&#8221;yes&#8221; column_padding=&#8221;1&#8221; gutter_size=&#8221;3&#8221; font_family=&#8221;font-762333&#8221; overlay_alpha=&#8221;100&#8221; medium_width=&#8221;0&#8221; mobile_width=&#8221;0&#8221; shift_x=&#8221;0&#8221; shift_y=&#8221;-4&#8221; shift_y_fixed=&#8221;yes&#8221; shift_y_down=&#8221;0&#8221; z_index=&#8221;0&#8221; zoom_width=&#8221;0&#8221; zoom_height=&#8221;0&#8221; width=&#8221;1\/1&#8221; mobile_width_full=&#8221;&#8221;]<div class=\"woocommerce columns-3 \"><div class=\"owl-carousel-wrapper\">\n\t<div class=\"owl-carousel-container owl-carousel-loading half-gutter\">\n\t\t<div id=\"index-149836\" class=\"owl-carousel owl-element owl-theme owl-dots-outside owl-height-auto\" data-loop=\"false\" data-dots=\"true\" data-nav=\"false\" data-navspeed=\"400\" data-autoplay=\"false\" data-lg=\"3\" data-md=\"2\" data-sm=\"1\">\n<div class=\"tmb tmb-light tmb-content-center tmb-no-bg tmb-woocommerce tmb-overlay-anim tmb-overlay-text-anim tmb-iso-w4 post-83115 product type-product status-publish has-post-thumbnail product_cat-lilla-osvjezivaci first instock featured shipping-taxable product-type-simple tmb-content-under tmb-media-first tmb-no-bg\">\n\t\t\t\t\t\t<div class=\"t-inside\" ><div class=\"t-entry-visual\"><div class=\"t-entry-visual-tc\"><div class=\"t-entry-visual-cont\"><a tabindex=\"-1\" href=\"https:\/\/tisal.ba\/index.php\/product\/novo-lilla-lotus-osvjezivac-tkanina-i-prostora\/\" class=\"pushed\"><div class=\"t-entry-visual-overlay\"><div class=\"t-entry-visual-overlay-in style-dark-bg\" style=\"opacity: 0.2;\"><\/div><\/div>\n\t\t\t\t\t\t\t\t\t<div class=\"t-overlay-wrap\">\n\t\t\t\t\t\t\t\t\t\t<div class=\"t-overlay-inner\">\n\t\t\t\t\t\t\t\t\t\t\t<div class=\"t-overlay-content\">\n\t\t\t\t\t\t\t\t\t\t\t\t<div class=\"t-overlay-text half-block-padding\"><div class=\"t-entry t-single-line\"><\/div><\/div><\/div><\/div><\/div><img decoding=\"async\" src=\"\" width=\"\" height=\"\" alt=\"\" \/><\/a><div class=\"add-to-cart-overlay\"><a href=\"https:\/\/tisal.ba\/index.php\/product\/novo-lilla-lotus-osvjezivac-tkanina-i-prostora\/\" rel=\"nofollow\" data-product_id=\"83115\" data-product_sku=\"\" class=\" ajax_add_to_cart product_type_simple product_button_loop\"><span>Pro\u010ditaj vi\u0161e<\/span><\/a><\/div><\/div>\n\t\t\t\t<\/div>\n\t\t\t<\/div><div class=\"t-entry-text\">\n\t\t\t\t\t\t\t<div class=\"t-entry-text-tc half-block-padding\"><div class=\"t-entry\"><h3 class=\"t-entry-title h6\"><a href=\"https:\/\/tisal.ba\/index.php\/product\/novo-lilla-lotus-osvjezivac-tkanina-i-prostora\/\">NOVO! Lilla Lotus \u2013 osvje\u017eiva\u010d tkanina i prostora<\/a><\/h3><span class=\"price h6\"><ins class=\"h2\"><\/ins><\/span><\/div><\/div>\n\t\t\t\t\t<\/div><\/div>\n\t\t\t\t\t<\/div><div class=\"tmb tmb-light tmb-content-center tmb-no-bg tmb-woocommerce tmb-overlay-anim tmb-overlay-text-anim tmb-iso-w4 post-83447 product type-product status-publish has-post-thumbnail product_cat-air-and-fabric-fresheners first instock featured shipping-taxable product-type-simple tmb-content-under tmb-media-first tmb-no-bg\">\n\t\t\t\t\t\t<div class=\"t-inside\" ><div class=\"t-entry-visual\"><div class=\"t-entry-visual-tc\"><div class=\"t-entry-visual-cont\"><a tabindex=\"-1\" href=\"https:\/\/tisal.ba\/index.php\/en\/product\/lilla-lotus-air-and-fabric-freshener\/\" class=\"pushed\"><div class=\"t-entry-visual-overlay\"><div class=\"t-entry-visual-overlay-in style-dark-bg\" style=\"opacity: 0.2;\"><\/div><\/div>\n\t\t\t\t\t\t\t\t\t<div class=\"t-overlay-wrap\">\n\t\t\t\t\t\t\t\t\t\t<div class=\"t-overlay-inner\">\n\t\t\t\t\t\t\t\t\t\t\t<div class=\"t-overlay-content\">\n\t\t\t\t\t\t\t\t\t\t\t\t<div class=\"t-overlay-text half-block-padding\"><div class=\"t-entry t-single-line\"><\/div><\/div><\/div><\/div><\/div><img decoding=\"async\" src=\"\" width=\"\" height=\"\" alt=\"\" \/><\/a><div class=\"add-to-cart-overlay\"><a href=\"https:\/\/tisal.ba\/index.php\/en\/product\/lilla-lotus-air-and-fabric-freshener\/\" rel=\"nofollow\" data-product_id=\"83447\" data-product_sku=\"\" class=\" ajax_add_to_cart product_type_simple product_button_loop\"><span>Pro\u010ditaj vi\u0161e<\/span><\/a><\/div><\/div>\n\t\t\t\t<\/div>\n\t\t\t<\/div><div class=\"t-entry-text\">\n\t\t\t\t\t\t\t<div class=\"t-entry-text-tc half-block-padding\"><div class=\"t-entry\"><h3 class=\"t-entry-title h6\"><a href=\"https:\/\/tisal.ba\/index.php\/en\/product\/lilla-lotus-air-and-fabric-freshener\/\">NEW! Lilla Lotus\u2013 air and fabric freshener<\/a><\/h3><span class=\"price h6\"><ins class=\"h2\"><\/ins><\/span><\/div><\/div>\n\t\t\t\t\t<\/div><\/div>\n\t\t\t\t\t<\/div><div class=\"tmb tmb-light tmb-content-center tmb-no-bg tmb-woocommerce tmb-overlay-anim tmb-overlay-text-anim tmb-iso-w4 post-83894 product type-product status-publish has-post-thumbnail product_cat-lilla first instock featured shipping-taxable product-type-simple tmb-content-under tmb-media-first tmb-no-bg\">\n\t\t\t\t\t\t<div class=\"t-inside\" ><div class=\"t-entry-visual\"><div class=\"t-entry-visual-tc\"><div class=\"t-entry-visual-cont\"><a tabindex=\"-1\" href=\"https:\/\/tisal.ba\/index.php\/product\/lilla-bloom-premium-omeksivac-rublja\/\" class=\"pushed\"><div class=\"t-entry-visual-overlay\"><div class=\"t-entry-visual-overlay-in style-dark-bg\" style=\"opacity: 0.2;\"><\/div><\/div>\n\t\t\t\t\t\t\t\t\t<div class=\"t-overlay-wrap\">\n\t\t\t\t\t\t\t\t\t\t<div class=\"t-overlay-inner\">\n\t\t\t\t\t\t\t\t\t\t\t<div class=\"t-overlay-content\">\n\t\t\t\t\t\t\t\t\t\t\t\t<div class=\"t-overlay-text half-block-padding\"><div class=\"t-entry t-single-line\"><\/div><\/div><\/div><\/div><\/div><img decoding=\"async\" src=\"\" width=\"\" height=\"\" alt=\"\" \/><\/a><div class=\"add-to-cart-overlay\"><a href=\"https:\/\/tisal.ba\/index.php\/product\/lilla-bloom-premium-omeksivac-rublja\/\" rel=\"nofollow\" data-product_id=\"83894\" data-product_sku=\"\" class=\" ajax_add_to_cart product_type_simple product_button_loop\"><span>Pro\u010ditaj vi\u0161e<\/span><\/a><\/div><\/div>\n\t\t\t\t<\/div>\n\t\t\t<\/div><div class=\"t-entry-text\">\n\t\t\t\t\t\t\t<div class=\"t-entry-text-tc half-block-padding\"><div class=\"t-entry\"><h3 class=\"t-entry-title h6\"><a href=\"https:\/\/tisal.ba\/index.php\/product\/lilla-bloom-premium-omeksivac-rublja\/\">Lilla Bloom premium \u2013 omek\u0161iva\u010d rublja<\/a><\/h3><span class=\"price h6\"><ins class=\"h2\"><\/ins><\/span><\/div><\/div>\n\t\t\t\t\t<\/div><\/div>\n\t\t\t\t\t<\/div>\t\t<\/div>\n\t<\/div>\n<\/div><\/div>[\/vc_column_inner][\/vc_row_inner][\/vc_column][\/vc_row][vc_row unlock_row_content=&#8221;yes&#8221; row_height_percent=&#8221;0&#8221; override_padding=&#8221;yes&#8221; h_padding=&#8221;5&#8221; top_padding=&#8221;2&#8221; bottom_padding=&#8221;2&#8221; back_image=&#8221;80606&#8221; overlay_alpha=&#8221;50&#8221; gutter_size=&#8221;3&#8221; column_width_percent=&#8221;100&#8221; desktop_visibility=&#8221;yes&#8221; medium_visibility=&#8221;yes&#8221; mobile_visibility=&#8221;yes&#8221; shift_y=&#8221;0&#8221; z_index=&#8221;0&#8221;][vc_column width=&#8221;2\/3&#8221;][vc_single_image media=&#8221;80616&#8221; media_width_percent=&#8221;50&#8221; css_animation=&#8221;bottom-t-top&#8221; animation_delay=&#8221;400&#8221;][vc_column_text]<span style=\"color: #fff;\"> Va\u0161e prijave mo\u017eete slati putem forme. Ispunite formu s va\u0161im podacima (Ime, prezime&#8230;CV..). Nakon uspje\u0161nog unosa svih tra\u017eenih podataka po\u0161aljite nam formu. Javit \u0107emo vas se u najkra\u0107em roku.<\/span>[\/vc_column_text][\/vc_column][vc_column column_width_percent=&#8221;100&#8221; position_horizontal=&#8221;right&#8221; align_horizontal=&#8221;align_right&#8221; overlay_alpha=&#8221;50&#8221; gutter_size=&#8221;3&#8221; medium_width=&#8221;0&#8221; mobile_width=&#8221;0&#8221; shift_x=&#8221;0&#8221; shift_y=&#8221;0&#8221; shift_y_down=&#8221;0&#8221; z_index=&#8221;0&#8221; width=&#8221;1\/3&#8221;][vc_button button_color=&#8221;color-314254&#8221; size=&#8221;btn-lg&#8221; radius=&#8221;btn-circle&#8221; border_animation=&#8221;btn-ripple-out&#8221; hover_fx=&#8221;full-colored&#8221; border_width=&#8221;1&#8221; css_animation=&#8221;left-t-right&#8221; link=&#8221;url:http%3A%2F%2Ftisal.ba%2Findex.php%2Fcontact-forms%2F|title:Prijavi%20se!||&#8221;]Prijavi se[\/vc_button][\/vc_column][\/vc_row][vc_row unlock_row_content=&#8221;yes&#8221; row_height_percent=&#8221;0&#8221; override_padding=&#8221;yes&#8221; h_padding=&#8221;5&#8221; top_padding=&#8221;0&#8221; bottom_padding=&#8221;3&#8221; overlay_alpha=&#8221;50&#8221; gutter_size=&#8221;3&#8221; column_width_percent=&#8221;100&#8221; shift_y=&#8221;0&#8221; z_index=&#8221;0&#8221;][vc_column width=&#8221;1\/1&#8221;][vc_row_inner][vc_column_inner width=&#8221;1\/1&#8221;][vc_empty_space empty_h=&#8221;1&#8221;][\/vc_column_inner][\/vc_row_inner][vc_row_inner][vc_column_inner width=&#8221;1\/1&#8221;][vc_custom_heading text_size=&#8221;fontsize-155944&#8221; text_space=&#8221;fontspace-781688&#8221; text_font=&#8221;font-762333&#8221; text_weight=&#8221;700&#8221; css_animation=&#8221;curtain&#8221; animation_delay=&#8221;200&#8221; interval_animation=&#8221;200&#8221;]Na\u0161i certifikati[\/vc_custom_heading][\/vc_column_inner][\/vc_row_inner][vc_row_inner][vc_column_inner width=&#8221;1\/3&#8221;][vc_icon icon_image=&#8221;81969&#8221; icon_color=&#8221;color-105616&#8221; title=&#8221;ISO 9001&#8221;][\/vc_icon][\/vc_column_inner][vc_column_inner width=&#8221;1\/3&#8221;][vc_icon icon_image=&#8221;81968&#8221; icon_color=&#8221;color-105616&#8221; size=&#8221;fa-3x&#8221; title=&#8221;HACCP&#8221;][\/vc_icon][\/vc_column_inner][vc_column_inner width=&#8221;1\/3&#8221;][vc_icon icon_image=&#8221;81445&#8221; icon_color=&#8221;color-105616&#8221; size=&#8221;fa-3x&#8221; title=&#8221;QUDAL&#8221;][\/vc_icon][\/vc_column_inner][\/vc_row_inner][\/vc_column][\/vc_row]<\/p>\n","protected":false},"excerpt":{"rendered":"<p>[vc_row unlock_row_content=&#8221;yes&#8221; row_height_percent=&#8221;0&#8221; override_padding=&#8221;yes&#8221; h_padding=&#8221;5&#8221; top_padding=&#8221;0&#8221; bottom_padding=&#8221;3&#8221; overlay_alpha=&#8221;50&#8221; gutter_size=&#8221;3&#8221; column_width_percent=&#8221;100&#8221; shift_y=&#8221;0&#8221; z_index=&#8221;0&#8221;][vc_column width=&#8221;1\/1&#8221;][vc_row_inner][vc_column_inner width=&#8221;1\/1&#8221;][vc_empty_space empty_h=&#8221;1&#8221;][\/vc_column_inner][\/vc_row_inner][vc_row_inner][vc_column_inner width=&#8221;1\/1&#8221;][vc_custom_heading text_size=&#8221;fontsize-155944&#8221; text_space=&#8221;fontspace-781688&#8221; text_font=&#8221;font-762333&#8221; text_weight=&#8221;700&#8221; [&hellip;]<\/p>\n","protected":false},"author":1,"featured_media":0,"parent":0,"menu_order":0,"comment_status":"closed","ping_status":"closed","template":"","meta":{"footnotes":""},"class_list":["post-80816","page","type-page","status-publish","hentry"],"_links":{"self":[{"href":"https:\/\/tisal.ba\/index.php\/wp-json\/wp\/v2\/pages\/80816","targetHints":{"allow":["GET"]}}],"collection":[{"href":"https:\/\/tisal.ba\/index.php\/wp-json\/wp\/v2\/pages"}],"about":[{"href":"https:\/\/tisal.ba\/index.php\/wp-json\/wp\/v2\/types\/page"}],"author":[{"embeddable":true,"href":"https:\/\/tisal.ba\/index.php\/wp-json\/wp\/v2\/users\/1"}],"replies":[{"embeddable":true,"href":"https:\/\/tisal.ba\/index.php\/wp-json\/wp\/v2\/comments?post=80816"}],"version-history":[{"count":89,"href":"https:\/\/tisal.ba\/index.php\/wp-json\/wp\/v2\/pages\/80816\/revisions"}],"predecessor-version":[{"id":83763,"href":"https:\/\/tisal.ba\/index.php\/wp-json\/wp\/v2\/pages\/80816\/revisions\/83763"}],"wp:attachment":[{"href":"https:\/\/tisal.ba\/index.php\/wp-json\/wp\/v2\/media?parent=80816"}],"curies":[{"name":"wp","href":"https:\/\/api.w.org\/{rel}","templated":true}]}}