{"id":81173,"date":"2019-03-14T14:34:14","date_gmt":"2019-03-14T14:34:14","guid":{"rendered":"http:\/\/localhost\/?page_id=81173"},"modified":"2024-05-07T15:07:39","modified_gmt":"2024-05-07T13:07:39","slug":"ambalaza","status":"publish","type":"page","link":"https:\/\/tisal.ba\/index.php\/ambalaza\/","title":{"rendered":"Ambala\u017ea"},"content":{"rendered":"<p>[vc_row unlock_row_content=&#8221;yes&#8221; row_height_percent=&#8221;0&#8221; override_padding=&#8221;yes&#8221; h_padding=&#8221;0&#8221; top_padding=&#8221;0&#8221; bottom_padding=&#8221;0&#8221; back_color=&#8221;color-nhtu&#8221; overlay_alpha=&#8221;50&#8221; equal_height=&#8221;yes&#8221; gutter_size=&#8221;0&#8221; shift_y=&#8221;0&#8221;][vc_column column_width_percent=&#8221;100&#8221; override_padding=&#8221;yes&#8221; column_padding=&#8221;4&#8221; style=&#8221;dark&#8221; back_color=&#8221;color-105898&#8221; back_image=&#8221;15051&#8221; back_position=&#8221;left center&#8221; parallax=&#8221;yes&#8221; overlay_color=&#8221;color-143431&#8221; overlay_alpha=&#8221;98&#8221; gutter_size=&#8221;3&#8221; align_medium=&#8221;align_center_tablet&#8221; medium_width=&#8221;0&#8221; align_mobile=&#8221;align_center_mobile&#8221; mobile_width=&#8221;0&#8221; shift_x=&#8221;0&#8221; shift_y=&#8221;0&#8221; shift_y_down=&#8221;0&#8221; z_index=&#8221;0&#8221; css_animation=&#8221;bottom-t-top&#8221; animation_delay=&#8221;200&#8221; width=&#8221;2\/3&#8221;][vc_custom_heading heading_semantic=&#8221;h1&#8221; text_size=&#8221;fontsize-155944&#8221; text_space=&#8221;fontspace-111509&#8221; text_font=&#8221;font-762333&#8221; text_weight=&#8221;800&#8221;]Proizvodnja ambala\u017ee[\/vc_custom_heading][vc_column_text text_lead=&#8221;yes&#8221;]Program proizvodnje ekolo\u0161ki prihvatljive brizgane i puhane ambala\u017ee koja se koristi za zadovoljenje vlastitih potreba, tako i za potrebe drugih proizvo\u0111a\u010da (PET, PE, PP)[\/vc_column_text][vc_row_inner][vc_column_inner column_width_percent=&#8221;100&#8221; style=&#8221;dark&#8221; gutter_size=&#8221;3&#8221; overlay_alpha=&#8221;50&#8221; align_medium=&#8221;align_center_tablet&#8221; medium_width=&#8221;0&#8221; align_mobile=&#8221;align_center_mobile&#8221; shift_x=&#8221;0&#8221; shift_y=&#8221;0&#8221; z_index=&#8221;0&#8221; width=&#8221;1\/1&#8221;][vc_icon display=&#8221;inline&#8221; icon=&#8221;fa fa-social-twitter&#8221; background_style=&#8221;fa-rounded&#8221; outline=&#8221;yes&#8221; link=&#8221;url:http%3A%2F%2Fwww.google.com||target:%20_blank&#8221;][\/vc_icon][vc_icon display=&#8221;inline&#8221; icon=&#8221;fa fa-social-facebook&#8221; background_style=&#8221;fa-rounded&#8221; outline=&#8221;yes&#8221; link=&#8221;url:http%3A%2F%2Fwww.google.com||target:%20_blank&#8221;][\/vc_icon][vc_icon display=&#8221;inline&#8221; icon=&#8221;fa fa-social-linkedin&#8221; background_style=&#8221;fa-rounded&#8221; outline=&#8221;yes&#8221; link=&#8221;url:http%3A%2F%2Fwww.google.com||target:%20_blank&#8221;][\/vc_icon][\/vc_column_inner][\/vc_row_inner][\/vc_column][vc_column column_width_percent=&#8221;100&#8221; position_vertical=&#8221;middle&#8221; align_horizontal=&#8221;align_center&#8221; override_padding=&#8221;yes&#8221; column_padding=&#8221;4&#8221; style=&#8221;dark&#8221; back_image=&#8221;81390&#8221; overlay_alpha=&#8221;80&#8221; gutter_size=&#8221;3&#8221; medium_width=&#8221;0&#8221; mobile_width=&#8221;0&#8221; shift_x=&#8221;0&#8221; shift_y=&#8221;0&#8221; shift_y_down=&#8221;0&#8221; z_index=&#8221;0&#8221; css_animation=&#8221;bottom-t-top&#8221; animation_delay=&#8221;400&#8221; width=&#8221;1\/3&#8221; mobile_height=&#8221;280&#8221;][\/vc_column][\/vc_row][vc_row row_height_percent=&#8221;0&#8221; override_padding=&#8221;yes&#8221; h_padding=&#8221;2&#8221; top_padding=&#8221;5&#8221; bottom_padding=&#8221;5&#8221; overlay_alpha=&#8221;50&#8221; gutter_size=&#8221;3&#8221; column_width_percent=&#8221;100&#8221; shift_y=&#8221;0&#8221; z_index=&#8221;0&#8221; top_divider=&#8221;step&#8221;][vc_column column_width_percent=&#8221;100&#8221; align_horizontal=&#8221;align_center&#8221; overlay_alpha=&#8221;100&#8221; gutter_size=&#8221;4&#8221; medium_width=&#8221;0&#8221; mobile_width=&#8221;0&#8221; shift_x=&#8221;0&#8221; shift_y=&#8221;0&#8221; shift_y_down=&#8221;0&#8221; z_index=&#8221;0&#8221; zoom_width=&#8221;0&#8221; zoom_height=&#8221;0&#8221; width=&#8221;1\/1&#8221; mobile_width_full=&#8221;&#8221;][vc_custom_heading heading_semantic=&#8221;h3&#8221; text_size=&#8221;fontsize-155944&#8221; text_height=&#8221;fontheight-179065&#8221; text_space=&#8221;fontspace-781688&#8221; text_font=&#8221;font-762333&#8221; text_weight=&#8221;900&#8221; text_transform=&#8221;uppercase&#8221; text_color=&#8221;color-prif&#8221; sub_lead=&#8221;yes&#8221; sub_reduced=&#8221;yes&#8221; css_animation=&#8221;curtain&#8221; animation_delay=&#8221;200&#8221; interval_animation=&#8221;200&#8221;]<\/p>\n<p style=\"text-align: center;\">TEGLE<\/p>\n<p>[\/vc_custom_heading][vc_column_text]<\/p>\n<p style=\"text-align: center;\">I am text block. Click edit button to change this text. Lorem ipsum dolor sit amet, consectetur adipiscing elit. Ut elit tellus, luctus nec ullamcorper mattis, pulvinar dapibus leo.<\/p>\n<p>[\/vc_column_text][uncode_index el_id=&#8221;index-124074&#8221; loop=&#8221;size:100|order_by:date|order:ASC|post_type:product|tax_query:104&#8221; style_preset=&#8221;metro&#8221; single_height_viewport=&#8221;yes&#8221; gutter_size=&#8221;3&#8221; page_items=&#8221;title,media|featured|onpost|original&#8221; product_items=&#8221;media|featured|onpost|original|hide-sale,title&#8221; screen_lg=&#8221;1000&#8221; screen_md=&#8221;600&#8221; screen_sm=&#8221;480&#8221; single_overlay_opacity=&#8221;50&#8221; single_h_align=&#8221;center&#8221; single_padding=&#8221;2&#8221;][\/vc_column][\/vc_row][vc_row row_height_percent=&#8221;0&#8221; override_padding=&#8221;yes&#8221; h_padding=&#8221;2&#8221; top_padding=&#8221;2&#8221; bottom_padding=&#8221;3&#8221; overlay_alpha=&#8221;50&#8221; gutter_size=&#8221;3&#8221; column_width_percent=&#8221;100&#8221; shift_y=&#8221;0&#8221; z_index=&#8221;0&#8221; top_divider=&#8221;step&#8221;][vc_column column_width_percent=&#8221;100&#8221; align_horizontal=&#8221;align_center&#8221; overlay_alpha=&#8221;100&#8221; gutter_size=&#8221;4&#8221; medium_width=&#8221;0&#8221; mobile_width=&#8221;0&#8221; shift_x=&#8221;0&#8221; shift_y=&#8221;0&#8221; shift_y_down=&#8221;0&#8221; z_index=&#8221;0&#8221; zoom_width=&#8221;0&#8221; zoom_height=&#8221;0&#8221; width=&#8221;1\/1&#8221; mobile_width_full=&#8221;&#8221;][vc_custom_heading heading_semantic=&#8221;h3&#8221; text_size=&#8221;fontsize-155944&#8221; text_height=&#8221;fontheight-179065&#8221; text_space=&#8221;fontspace-781688&#8221; text_font=&#8221;font-762333&#8221; text_weight=&#8221;900&#8221; text_transform=&#8221;uppercase&#8221; text_color=&#8221;color-prif&#8221; sub_lead=&#8221;yes&#8221; sub_reduced=&#8221;yes&#8221; css_animation=&#8221;curtain&#8221; animation_delay=&#8221;200&#8221; interval_animation=&#8221;200&#8221;]<\/p>\n<p style=\"text-align: center;\">BOCE<\/p>\n<p>[\/vc_custom_heading][vc_column_text]<\/p>\n<p style=\"text-align: center;\">I am text block. Click edit button to change this text. Lorem ipsum dolor sit amet, consectetur adipiscing elit. Ut elit tellus, luctus nec ullamcorper mattis, pulvinar dapibus leo.<\/p>\n<p>[\/vc_column_text][uncode_index el_id=&#8221;index-124074&#8221; loop=&#8221;size:100|order_by:date|order:ASC|post_type:product|tax_query:105&#8221; style_preset=&#8221;metro&#8221; single_height_viewport=&#8221;yes&#8221; gutter_size=&#8221;3&#8221; page_items=&#8221;title,media|featured|onpost|original&#8221; product_items=&#8221;media|featured|onpost|original|hide-sale,title&#8221; screen_lg=&#8221;1000&#8221; screen_md=&#8221;600&#8221; screen_sm=&#8221;480&#8221; single_overlay_opacity=&#8221;50&#8221; single_h_align=&#8221;center&#8221; single_padding=&#8221;2&#8221;][\/vc_column][\/vc_row][vc_row row_height_percent=&#8221;0&#8221; override_padding=&#8221;yes&#8221; h_padding=&#8221;2&#8221; top_padding=&#8221;2&#8221; bottom_padding=&#8221;3&#8221; overlay_alpha=&#8221;50&#8221; gutter_size=&#8221;3&#8221; column_width_percent=&#8221;100&#8221; shift_y=&#8221;0&#8221; z_index=&#8221;0&#8221; top_divider=&#8221;step&#8221;][vc_column column_width_percent=&#8221;100&#8221; align_horizontal=&#8221;align_center&#8221; overlay_alpha=&#8221;100&#8221; gutter_size=&#8221;4&#8221; medium_width=&#8221;0&#8221; mobile_width=&#8221;0&#8221; shift_x=&#8221;0&#8221; shift_y=&#8221;0&#8221; shift_y_down=&#8221;0&#8221; z_index=&#8221;0&#8221; zoom_width=&#8221;0&#8221; zoom_height=&#8221;0&#8221; width=&#8221;1\/1&#8221; mobile_width_full=&#8221;&#8221;][vc_custom_heading heading_semantic=&#8221;h3&#8221; text_size=&#8221;fontsize-155944&#8221; text_height=&#8221;fontheight-179065&#8221; text_space=&#8221;fontspace-781688&#8221; text_font=&#8221;font-762333&#8221; text_weight=&#8221;900&#8221; text_transform=&#8221;uppercase&#8221; text_color=&#8221;color-prif&#8221; sub_lead=&#8221;yes&#8221; sub_reduced=&#8221;yes&#8221; css_animation=&#8221;curtain&#8221; animation_delay=&#8221;200&#8221; interval_animation=&#8221;200&#8221;]<\/p>\n<p style=\"text-align: center;\">PREDFORME \/ AMPULE<\/p>\n<p>[\/vc_custom_heading][vc_column_text]<\/p>\n<p style=\"text-align: center;\">I am text block. Click edit button to change this text. Lorem ipsum dolor sit amet, consectetur adipiscing elit. Ut elit tellus, luctus nec ullamcorper mattis, pulvinar dapibus leo.<\/p>\n<p>[\/vc_column_text][uncode_index el_id=&#8221;index-124074&#8221; loop=&#8221;size:100|order_by:date|order:ASC|post_type:product|tax_query:127&#8221; style_preset=&#8221;metro&#8221; single_height_viewport=&#8221;yes&#8221; gutter_size=&#8221;3&#8221; page_items=&#8221;title,media|featured|onpost|original&#8221; product_items=&#8221;media|featured|onpost|original|hide-sale,title&#8221; screen_lg=&#8221;1000&#8221; screen_md=&#8221;600&#8221; screen_sm=&#8221;480&#8221; single_overlay_opacity=&#8221;50&#8221; single_h_align=&#8221;center&#8221; single_padding=&#8221;2&#8221;][\/vc_column][\/vc_row][vc_row row_height_percent=&#8221;0&#8221; override_padding=&#8221;yes&#8221; h_padding=&#8221;2&#8221; top_padding=&#8221;2&#8221; bottom_padding=&#8221;3&#8221; overlay_alpha=&#8221;50&#8221; gutter_size=&#8221;3&#8221; column_width_percent=&#8221;100&#8221; shift_y=&#8221;0&#8221; z_index=&#8221;0&#8221; top_divider=&#8221;step&#8221;][vc_column column_width_percent=&#8221;100&#8221; align_horizontal=&#8221;align_center&#8221; overlay_alpha=&#8221;100&#8221; gutter_size=&#8221;4&#8221; medium_width=&#8221;0&#8221; mobile_width=&#8221;0&#8221; shift_x=&#8221;0&#8221; shift_y=&#8221;0&#8221; shift_y_down=&#8221;0&#8221; z_index=&#8221;0&#8221; zoom_width=&#8221;0&#8221; zoom_height=&#8221;0&#8221; width=&#8221;1\/1&#8221; mobile_width_full=&#8221;&#8221;][vc_custom_heading heading_semantic=&#8221;h3&#8221; text_size=&#8221;fontsize-155944&#8221; text_height=&#8221;fontheight-179065&#8221; text_space=&#8221;fontspace-781688&#8221; text_font=&#8221;font-762333&#8221; text_weight=&#8221;900&#8221; text_transform=&#8221;uppercase&#8221; text_color=&#8221;color-prif&#8221; sub_lead=&#8221;yes&#8221; sub_reduced=&#8221;yes&#8221; css_animation=&#8221;curtain&#8221; animation_delay=&#8221;200&#8221; interval_animation=&#8221;200&#8221;]<\/p>\n<p style=\"text-align: center;\">ZATVARA\u010cI<\/p>\n<p>[\/vc_custom_heading][vc_column_text]<\/p>\n<p style=\"text-align: center;\">I am text block. Click edit button to change this text. Lorem ipsum dolor sit amet, consectetur adipiscing elit. Ut elit tellus, luctus nec ullamcorper mattis, pulvinar dapibus leo.<\/p>\n<p>[\/vc_column_text][uncode_index el_id=&#8221;index-124074&#8221; loop=&#8221;size:100|order_by:date|order:ASC|post_type:product|tax_query:128&#8221; style_preset=&#8221;metro&#8221; single_height_viewport=&#8221;yes&#8221; gutter_size=&#8221;3&#8221; page_items=&#8221;title,media|featured|onpost|original&#8221; product_items=&#8221;media|featured|onpost|original|hide-sale,title&#8221; screen_lg=&#8221;1000&#8221; screen_md=&#8221;600&#8221; screen_sm=&#8221;480&#8221; single_overlay_opacity=&#8221;50&#8221; single_h_align=&#8221;center&#8221; single_padding=&#8221;2&#8221;][\/vc_column][\/vc_row][vc_row row_height_percent=&#8221;0&#8221; override_padding=&#8221;yes&#8221; h_padding=&#8221;2&#8221; top_padding=&#8221;2&#8221; bottom_padding=&#8221;3&#8221; overlay_alpha=&#8221;50&#8221; gutter_size=&#8221;3&#8221; column_width_percent=&#8221;100&#8221; shift_y=&#8221;0&#8221; z_index=&#8221;0&#8221; top_divider=&#8221;step&#8221;][vc_column column_width_percent=&#8221;100&#8221; align_horizontal=&#8221;align_center&#8221; overlay_alpha=&#8221;100&#8221; gutter_size=&#8221;4&#8221; medium_width=&#8221;0&#8221; mobile_width=&#8221;0&#8221; shift_x=&#8221;0&#8221; shift_y=&#8221;0&#8221; shift_y_down=&#8221;0&#8221; z_index=&#8221;0&#8221; zoom_width=&#8221;0&#8221; zoom_height=&#8221;0&#8221; width=&#8221;1\/1&#8221; mobile_width_full=&#8221;&#8221;][vc_custom_heading heading_semantic=&#8221;h3&#8221; text_size=&#8221;fontsize-155944&#8221; text_height=&#8221;fontheight-179065&#8221; text_space=&#8221;fontspace-781688&#8221; text_font=&#8221;font-762333&#8221; text_weight=&#8221;900&#8221; text_transform=&#8221;uppercase&#8221; text_color=&#8221;color-prif&#8221; sub_lead=&#8221;yes&#8221; sub_reduced=&#8221;yes&#8221; css_animation=&#8221;curtain&#8221; animation_delay=&#8221;200&#8221; interval_animation=&#8221;200&#8221;]<\/p>\n<p style=\"text-align: center;\">POSUDE I KUTIJE<\/p>\n<p>[\/vc_custom_heading][vc_column_text]<\/p>\n<p style=\"text-align: center;\">I am text block. Click edit button to change this text. Lorem ipsum dolor sit amet, consectetur adipiscing elit. Ut elit tellus, luctus nec ullamcorper mattis, pulvinar dapibus leo.<\/p>\n<p>[\/vc_column_text][uncode_index el_id=&#8221;index-124074&#8221; loop=&#8221;size:100|order_by:date|order:ASC|post_type:product|tax_query:129&#8221; style_preset=&#8221;metro&#8221; single_height_viewport=&#8221;yes&#8221; gutter_size=&#8221;3&#8221; page_items=&#8221;title,media|featured|onpost|original&#8221; product_items=&#8221;media|featured|onpost|original|hide-sale,title&#8221; screen_lg=&#8221;1000&#8221; screen_md=&#8221;600&#8221; screen_sm=&#8221;480&#8221; single_overlay_opacity=&#8221;50&#8221; single_h_align=&#8221;center&#8221; single_padding=&#8221;2&#8221;][\/vc_column][\/vc_row]<\/p>\n","protected":false},"excerpt":{"rendered":"<p>[vc_row unlock_row_content=&#8221;yes&#8221; row_height_percent=&#8221;0&#8221; override_padding=&#8221;yes&#8221; h_padding=&#8221;0&#8221; top_padding=&#8221;0&#8221; bottom_padding=&#8221;0&#8221; back_color=&#8221;color-nhtu&#8221; overlay_alpha=&#8221;50&#8221; equal_height=&#8221;yes&#8221; gutter_size=&#8221;0&#8221; shift_y=&#8221;0&#8221;][vc_column column_width_percent=&#8221;100&#8221; override_padding=&#8221;yes&#8221; column_padding=&#8221;4&#8221; style=&#8221;dark&#8221; back_color=&#8221;color-105898&#8221; back_image=&#8221;15051&#8221; back_position=&#8221;left center&#8221; [&hellip;]<\/p>\n","protected":false},"author":1,"featured_media":0,"parent":0,"menu_order":0,"comment_status":"closed","ping_status":"closed","template":"","meta":{"footnotes":""},"class_list":["post-81173","page","type-page","status-publish","hentry"],"_links":{"self":[{"href":"https:\/\/tisal.ba\/index.php\/wp-json\/wp\/v2\/pages\/81173","targetHints":{"allow":["GET"]}}],"collection":[{"href":"https:\/\/tisal.ba\/index.php\/wp-json\/wp\/v2\/pages"}],"about":[{"href":"https:\/\/tisal.ba\/index.php\/wp-json\/wp\/v2\/types\/page"}],"author":[{"embeddable":true,"href":"https:\/\/tisal.ba\/index.php\/wp-json\/wp\/v2\/users\/1"}],"replies":[{"embeddable":true,"href":"https:\/\/tisal.ba\/index.php\/wp-json\/wp\/v2\/comments?post=81173"}],"version-history":[{"count":62,"href":"https:\/\/tisal.ba\/index.php\/wp-json\/wp\/v2\/pages\/81173\/revisions"}],"predecessor-version":[{"id":82896,"href":"https:\/\/tisal.ba\/index.php\/wp-json\/wp\/v2\/pages\/81173\/revisions\/82896"}],"wp:attachment":[{"href":"https:\/\/tisal.ba\/index.php\/wp-json\/wp\/v2\/media?parent=81173"}],"curies":[{"name":"wp","href":"https:\/\/api.w.org\/{rel}","templated":true}]}}