{"id":81830,"date":"2019-04-03T12:42:52","date_gmt":"2019-04-03T12:42:52","guid":{"rendered":"http:\/\/tisal.ba\/?page_id=81830"},"modified":"2020-05-09T12:36:59","modified_gmt":"2020-05-09T10:36:59","slug":"kozmetika","status":"publish","type":"page","link":"https:\/\/tisal.ba\/index.php\/kozmetika\/","title":{"rendered":"Kozmetika"},"content":{"rendered":"<p>[vc_row unlock_row_content=&#8221;yes&#8221; row_height_percent=&#8221;0&#8221; override_padding=&#8221;yes&#8221; h_padding=&#8221;0&#8221; top_padding=&#8221;0&#8221; bottom_padding=&#8221;0&#8221; back_color=&#8221;color-nhtu&#8221; overlay_alpha=&#8221;50&#8221; equal_height=&#8221;yes&#8221; gutter_size=&#8221;0&#8221; column_width_percent=&#8221;100&#8221; shift_y=&#8221;0&#8221; z_index=&#8221;0&#8221; row_name=&#8221;Ella&#8221;][vc_column column_width_percent=&#8221;100&#8221; override_padding=&#8221;yes&#8221; column_padding=&#8221;4&#8221; style=&#8221;dark&#8221; back_color=&#8221;color-105616&#8221; back_image=&#8221;15051&#8221; back_position=&#8221;left center&#8221; parallax=&#8221;yes&#8221; overlay_color=&#8221;color-209281&#8221; overlay_alpha=&#8221;98&#8221; gutter_size=&#8221;3&#8221; align_medium=&#8221;align_center_tablet&#8221; medium_width=&#8221;0&#8221; align_mobile=&#8221;align_center_mobile&#8221; mobile_width=&#8221;0&#8221; shift_x=&#8221;0&#8221; shift_y=&#8221;0&#8221; shift_y_down=&#8221;0&#8221; z_index=&#8221;0&#8221; css_animation=&#8221;bottom-t-top&#8221; animation_delay=&#8221;200&#8221; width=&#8221;2\/3&#8221;][vc_custom_heading heading_semantic=&#8221;h1&#8221; text_size=&#8221;fontsize-155944&#8221; text_space=&#8221;fontspace-781688&#8221; text_font=&#8221;font-762333&#8221; text_weight=&#8221;800&#8221; sub_lead=&#8221;yes&#8221;]&#8221;Uz pomo\u0107 prirode do lijepog i zdravog izgleda&#8221;[\/vc_custom_heading][vc_column_text text_lead=&#8221;yes&#8221;]<span class=\"s1\">Ella proizvodi se dijele u \u010detiri skupine:<\/span><\/p>\n<ul>\n<li><span class=\"s1\">teku\u0107i sapuni<\/span><\/li>\n<li class=\"p1\"><span class=\"s1\">\u0161amponi i regeneratori<\/span><\/li>\n<li>ulja i gelovi za kosu<\/li>\n<li>odstranjiva\u010di laka za nokte<\/li>\n<\/ul>\n<p>[\/vc_column_text][\/vc_column][vc_column column_width_percent=&#8221;100&#8221; position_vertical=&#8221;middle&#8221; align_horizontal=&#8221;align_center&#8221; override_padding=&#8221;yes&#8221; column_padding=&#8221;4&#8221; style=&#8221;dark&#8221; back_image=&#8221;81118&#8221; overlay_alpha=&#8221;80&#8221; gutter_size=&#8221;3&#8221; medium_width=&#8221;0&#8221; mobile_width=&#8221;0&#8221; shift_x=&#8221;0&#8221; shift_y=&#8221;0&#8221; shift_y_down=&#8221;0&#8221; z_index=&#8221;0&#8221; css_animation=&#8221;bottom-t-top&#8221; animation_delay=&#8221;400&#8221; width=&#8221;1\/3&#8221; mobile_height=&#8221;280&#8221;][vc_single_image media=&#8221;81843&#8221; media_width_percent=&#8221;60&#8221;][\/vc_column][\/vc_row][vc_row unlock_row_content=&#8221;yes&#8221; row_height_percent=&#8221;0&#8221; override_padding=&#8221;yes&#8221; h_padding=&#8221;2&#8221; top_padding=&#8221;2&#8221; bottom_padding=&#8221;2&#8221; back_color=&#8221;color-lxmt&#8221; overlay_alpha=&#8221;50&#8221; gutter_size=&#8221;3&#8221; column_width_percent=&#8221;100&#8221; shift_y=&#8221;0&#8221; z_index=&#8221;0&#8221;][vc_column column_width_percent=&#8221;100&#8221; align_horizontal=&#8221;align_center&#8221; overlay_alpha=&#8221;50&#8221; gutter_size=&#8221;3&#8221; medium_width=&#8221;0&#8221; mobile_width=&#8221;0&#8221; shift_x=&#8221;0&#8221; shift_y=&#8221;0&#8221; shift_y_down=&#8221;0&#8221; z_index=&#8221;0&#8221; width=&#8221;1\/1&#8221;][vc_custom_heading heading_semantic=&#8221;h1&#8221; text_size=&#8221;h1&#8221; text_space=&#8221;fontspace-781688&#8221; text_font=&#8221;font-762333&#8221; text_weight=&#8221;800&#8221;]Njega ruku[\/vc_custom_heading][vc_row_inner row_inner_height_percent=&#8221;0&#8221; overlay_alpha=&#8221;50&#8221; gutter_size=&#8221;3&#8221; shift_y=&#8221;0&#8221; z_index=&#8221;0&#8221;][vc_column_inner column_width_percent=&#8221;100&#8221; gutter_size=&#8221;3&#8221; overlay_alpha=&#8221;50&#8221; medium_width=&#8221;0&#8221; mobile_width=&#8221;0&#8221; shift_x=&#8221;0&#8221; shift_y=&#8221;0&#8221; shift_y_down=&#8221;0&#8221; z_index=&#8221;0&#8221; width=&#8221;1\/1&#8221;][vc_empty_space empty_h=&#8221;1&#8221;][uncode_index el_id=&#8221;index-124074&#8221; loop=&#8221;size:100|order_by:date|order:ASC|post_type:product|tax_query:121&#8221; gutter_size=&#8221;3&#8221; page_items=&#8221;title,media|featured|onpost|original&#8221; product_items=&#8221;media|featured|onpost|original|hide-sale,title&#8221; screen_lg=&#8221;1000&#8221; screen_md=&#8221;600&#8221; screen_sm=&#8221;480&#8221; single_width=&#8221;3&#8221; single_overlay_opacity=&#8221;50&#8221; single_h_align=&#8221;center&#8221; single_padding=&#8221;2&#8221;][\/vc_column_inner][\/vc_row_inner][\/vc_column][\/vc_row][vc_row unlock_row_content=&#8221;yes&#8221; row_height_percent=&#8221;0&#8221; override_padding=&#8221;yes&#8221; h_padding=&#8221;2&#8221; top_padding=&#8221;2&#8221; bottom_padding=&#8221;2&#8221; back_color=&#8221;color-lxmt&#8221; overlay_alpha=&#8221;50&#8221; gutter_size=&#8221;3&#8221; column_width_percent=&#8221;100&#8221; shift_y=&#8221;0&#8221; z_index=&#8221;0&#8221;][vc_column column_width_percent=&#8221;100&#8221; align_horizontal=&#8221;align_center&#8221; overlay_alpha=&#8221;50&#8221; gutter_size=&#8221;3&#8221; medium_width=&#8221;0&#8221; mobile_width=&#8221;0&#8221; shift_x=&#8221;0&#8221; shift_y=&#8221;0&#8221; shift_y_down=&#8221;0&#8221; z_index=&#8221;0&#8221; width=&#8221;1\/1&#8221;][vc_custom_heading heading_semantic=&#8221;h1&#8221; text_size=&#8221;h1&#8221; text_space=&#8221;fontspace-781688&#8221; text_font=&#8221;font-762333&#8221; text_weight=&#8221;800&#8221;]Njega lica i tijela[\/vc_custom_heading][vc_row_inner row_inner_height_percent=&#8221;0&#8221; overlay_alpha=&#8221;50&#8221; gutter_size=&#8221;3&#8221; shift_y=&#8221;0&#8221; z_index=&#8221;0&#8221;][vc_column_inner column_width_percent=&#8221;100&#8221; gutter_size=&#8221;3&#8221; overlay_alpha=&#8221;50&#8221; medium_width=&#8221;0&#8221; mobile_width=&#8221;0&#8221; shift_x=&#8221;0&#8221; shift_y=&#8221;0&#8221; shift_y_down=&#8221;0&#8221; z_index=&#8221;0&#8221; width=&#8221;1\/1&#8221;][vc_empty_space empty_h=&#8221;1&#8221;][uncode_index el_id=&#8221;index-124074&#8221; loop=&#8221;size:100|order_by:title|order:ASC|post_type:product|tax_query:123&#8221; gutter_size=&#8221;3&#8221; page_items=&#8221;title,media|featured|onpost|original&#8221; product_items=&#8221;media|featured|onpost|original|hide-sale,title&#8221; screen_lg=&#8221;1000&#8221; screen_md=&#8221;600&#8221; screen_sm=&#8221;480&#8221; single_width=&#8221;3&#8221; single_overlay_opacity=&#8221;50&#8221; single_h_align=&#8221;center&#8221; single_padding=&#8221;2&#8221;][\/vc_column_inner][\/vc_row_inner][\/vc_column][\/vc_row][vc_row unlock_row_content=&#8221;yes&#8221; row_height_percent=&#8221;0&#8221; override_padding=&#8221;yes&#8221; h_padding=&#8221;2&#8221; top_padding=&#8221;2&#8221; bottom_padding=&#8221;2&#8221; back_color=&#8221;color-lxmt&#8221; overlay_alpha=&#8221;50&#8221; gutter_size=&#8221;3&#8221; column_width_percent=&#8221;100&#8221; shift_y=&#8221;0&#8221; z_index=&#8221;0&#8221;][vc_column column_width_percent=&#8221;100&#8221; align_horizontal=&#8221;align_center&#8221; overlay_alpha=&#8221;50&#8221; gutter_size=&#8221;3&#8221; medium_width=&#8221;0&#8221; mobile_width=&#8221;0&#8221; shift_x=&#8221;0&#8221; shift_y=&#8221;0&#8221; shift_y_down=&#8221;0&#8221; z_index=&#8221;0&#8221; width=&#8221;1\/1&#8221;][vc_custom_heading heading_semantic=&#8221;h1&#8221; text_size=&#8221;h1&#8221; text_space=&#8221;fontspace-781688&#8221; text_font=&#8221;font-762333&#8221; text_weight=&#8221;800&#8221;]Njega kose[\/vc_custom_heading][vc_row_inner row_inner_height_percent=&#8221;0&#8221; overlay_alpha=&#8221;50&#8221; gutter_size=&#8221;3&#8221; shift_y=&#8221;0&#8221; z_index=&#8221;0&#8221;][vc_column_inner column_width_percent=&#8221;100&#8221; gutter_size=&#8221;3&#8221; overlay_alpha=&#8221;50&#8221; medium_width=&#8221;0&#8221; mobile_width=&#8221;0&#8221; shift_x=&#8221;0&#8221; shift_y=&#8221;0&#8221; shift_y_down=&#8221;0&#8221; z_index=&#8221;0&#8221; width=&#8221;1\/1&#8221;][vc_empty_space empty_h=&#8221;1&#8221;][uncode_index el_id=&#8221;index-124074&#8221; loop=&#8221;size:100|order_by:title|order:ASC|post_type:product|tax_query:122&#8221; gutter_size=&#8221;3&#8221; page_items=&#8221;title,media|featured|onpost|original&#8221; product_items=&#8221;media|featured|onpost|original|hide-sale,title&#8221; screen_lg=&#8221;1000&#8221; screen_md=&#8221;600&#8221; screen_sm=&#8221;480&#8221; single_width=&#8221;3&#8221; single_overlay_opacity=&#8221;50&#8221; single_h_align=&#8221;center&#8221; single_padding=&#8221;2&#8221;][\/vc_column_inner][\/vc_row_inner][\/vc_column][\/vc_row][vc_row unlock_row_content=&#8221;yes&#8221; row_height_percent=&#8221;0&#8221; override_padding=&#8221;yes&#8221; h_padding=&#8221;0&#8221; top_padding=&#8221;0&#8221; bottom_padding=&#8221;0&#8221; back_color=&#8221;color-nhtu&#8221; overlay_alpha=&#8221;50&#8221; equal_height=&#8221;yes&#8221; gutter_size=&#8221;0&#8221; column_width_percent=&#8221;100&#8221; shift_y=&#8221;0&#8221; z_index=&#8221;0&#8221; row_name=&#8221;Daily&#8221;][vc_column column_width_percent=&#8221;100&#8221; override_padding=&#8221;yes&#8221; column_padding=&#8221;4&#8221; style=&#8221;dark&#8221; back_color=&#8221;color-105616&#8221; back_image=&#8221;15051&#8221; back_position=&#8221;left center&#8221; parallax=&#8221;yes&#8221; overlay_color=&#8221;color-209281&#8221; overlay_alpha=&#8221;98&#8221; gutter_size=&#8221;3&#8221; align_medium=&#8221;align_center_tablet&#8221; medium_width=&#8221;0&#8221; align_mobile=&#8221;align_center_mobile&#8221; mobile_width=&#8221;0&#8221; shift_x=&#8221;0&#8221; shift_y=&#8221;0&#8221; shift_y_down=&#8221;0&#8221; z_index=&#8221;0&#8221; css_animation=&#8221;bottom-t-top&#8221; animation_delay=&#8221;200&#8221; width=&#8221;2\/3&#8221;][vc_column_text text_lead=&#8221;yes&#8221;]Daily te\u010dni sapuni ve\u0107 poznati na<\/p>\n<p>na\u0161em tr\u017ei\u0161tu i \u0161ire![\/vc_column_text][\/vc_column][vc_column column_width_percent=&#8221;100&#8221; position_vertical=&#8221;middle&#8221; align_horizontal=&#8221;align_center&#8221; override_padding=&#8221;yes&#8221; column_padding=&#8221;4&#8221; style=&#8221;dark&#8221; back_image=&#8221;81840&#8221; overlay_alpha=&#8221;80&#8221; gutter_size=&#8221;3&#8221; medium_width=&#8221;0&#8221; mobile_width=&#8221;0&#8221; shift_x=&#8221;0&#8221; shift_y=&#8221;0&#8221; shift_y_down=&#8221;0&#8221; z_index=&#8221;0&#8221; css_animation=&#8221;bottom-t-top&#8221; animation_delay=&#8221;400&#8221; width=&#8221;1\/3&#8221; mobile_height=&#8221;280&#8221;][vc_single_image media=&#8221;81142&#8221; media_width_percent=&#8221;100&#8221;][\/vc_column][\/vc_row][vc_row unlock_row_content=&#8221;yes&#8221; row_height_percent=&#8221;0&#8221; override_padding=&#8221;yes&#8221; h_padding=&#8221;2&#8221; top_padding=&#8221;2&#8221; bottom_padding=&#8221;2&#8221; back_color=&#8221;color-lxmt&#8221; overlay_alpha=&#8221;50&#8221; gutter_size=&#8221;3&#8221; column_width_percent=&#8221;100&#8221; shift_y=&#8221;0&#8221; z_index=&#8221;0&#8221;][vc_column column_width_percent=&#8221;100&#8221; align_horizontal=&#8221;align_center&#8221; overlay_alpha=&#8221;50&#8221; gutter_size=&#8221;3&#8221; medium_width=&#8221;0&#8221; mobile_width=&#8221;0&#8221; shift_x=&#8221;0&#8221; shift_y=&#8221;0&#8221; shift_y_down=&#8221;0&#8221; z_index=&#8221;0&#8221; width=&#8221;1\/1&#8221;][vc_custom_heading heading_semantic=&#8221;h1&#8221; text_size=&#8221;h1&#8221; text_space=&#8221;fontspace-781688&#8221; text_font=&#8221;font-762333&#8221; text_weight=&#8221;800&#8221;]Teku\u0107i sapuni[\/vc_custom_heading][vc_row_inner row_inner_height_percent=&#8221;0&#8221; overlay_alpha=&#8221;50&#8221; gutter_size=&#8221;3&#8221; shift_y=&#8221;0&#8221; z_index=&#8221;0&#8221;][vc_column_inner column_width_percent=&#8221;100&#8221; gutter_size=&#8221;3&#8221; overlay_alpha=&#8221;50&#8221; medium_width=&#8221;0&#8221; mobile_width=&#8221;0&#8221; shift_x=&#8221;0&#8221; shift_y=&#8221;0&#8221; shift_y_down=&#8221;0&#8221; z_index=&#8221;0&#8221; width=&#8221;1\/1&#8221;][vc_empty_space empty_h=&#8221;1&#8221;][uncode_index el_id=&#8221;index-124074&#8221; loop=&#8221;size:100|order_by:title|order:ASC|post_type:product|tax_query:140&#8221; gutter_size=&#8221;3&#8221; page_items=&#8221;title,media|featured|onpost|original&#8221; product_items=&#8221;media|featured|onpost|original|hide-sale,title&#8221; screen_lg=&#8221;1000&#8221; screen_md=&#8221;600&#8221; screen_sm=&#8221;480&#8221; single_width=&#8221;3&#8221; single_overlay_opacity=&#8221;50&#8221; single_h_align=&#8221;center&#8221; single_padding=&#8221;2&#8221;][\/vc_column_inner][\/vc_row_inner][\/vc_column][\/vc_row][vc_row unlock_row_content=&#8221;yes&#8221; row_height_percent=&#8221;0&#8221; override_padding=&#8221;yes&#8221; h_padding=&#8221;2&#8221; top_padding=&#8221;2&#8221; bottom_padding=&#8221;2&#8221; back_color=&#8221;color-lxmt&#8221; overlay_alpha=&#8221;50&#8221; gutter_size=&#8221;3&#8221; column_width_percent=&#8221;100&#8221; shift_y=&#8221;0&#8221; z_index=&#8221;0&#8221;][vc_column column_width_percent=&#8221;100&#8221; align_horizontal=&#8221;align_center&#8221; overlay_alpha=&#8221;50&#8221; gutter_size=&#8221;3&#8221; medium_width=&#8221;0&#8221; mobile_width=&#8221;0&#8221; shift_x=&#8221;0&#8221; shift_y=&#8221;0&#8221; shift_y_down=&#8221;0&#8221; z_index=&#8221;0&#8221; width=&#8221;1\/1&#8221;][vc_custom_heading heading_semantic=&#8221;h1&#8221; text_size=&#8221;h1&#8221; text_space=&#8221;fontspace-781688&#8221; text_font=&#8221;font-762333&#8221; text_weight=&#8221;800&#8221;]Sredstva za dezinfekciju[\/vc_custom_heading][vc_row_inner row_inner_height_percent=&#8221;0&#8221; overlay_alpha=&#8221;50&#8221; gutter_size=&#8221;3&#8221; shift_y=&#8221;0&#8221; z_index=&#8221;0&#8221;][vc_column_inner column_width_percent=&#8221;100&#8221; gutter_size=&#8221;3&#8221; overlay_alpha=&#8221;50&#8221; medium_width=&#8221;0&#8221; mobile_width=&#8221;0&#8221; shift_x=&#8221;0&#8221; shift_y=&#8221;0&#8221; shift_y_down=&#8221;0&#8221; z_index=&#8221;0&#8221; width=&#8221;1\/1&#8221;][vc_empty_space empty_h=&#8221;1&#8221;][uncode_index el_id=&#8221;index-124074&#8221; loop=&#8221;size:100|order_by:title|order:ASC|post_type:product|tax_query:139&#8221; gutter_size=&#8221;3&#8221; page_items=&#8221;title,media|featured|onpost|original&#8221; product_items=&#8221;media|featured|onpost|original|hide-sale,title&#8221; screen_lg=&#8221;1000&#8221; screen_md=&#8221;600&#8221; screen_sm=&#8221;480&#8221; single_width=&#8221;3&#8221; single_overlay_opacity=&#8221;50&#8221; single_h_align=&#8221;center&#8221; single_padding=&#8221;2&#8221;][\/vc_column_inner][\/vc_row_inner][\/vc_column][\/vc_row]<\/p>\n","protected":false},"excerpt":{"rendered":"<p>[vc_row unlock_row_content=&#8221;yes&#8221; row_height_percent=&#8221;0&#8221; override_padding=&#8221;yes&#8221; h_padding=&#8221;0&#8221; top_padding=&#8221;0&#8221; bottom_padding=&#8221;0&#8221; back_color=&#8221;color-nhtu&#8221; overlay_alpha=&#8221;50&#8221; equal_height=&#8221;yes&#8221; gutter_size=&#8221;0&#8221; column_width_percent=&#8221;100&#8221; shift_y=&#8221;0&#8221; z_index=&#8221;0&#8221; row_name=&#8221;Ella&#8221;][vc_column column_width_percent=&#8221;100&#8221; override_padding=&#8221;yes&#8221; column_padding=&#8221;4&#8221; style=&#8221;dark&#8221; back_color=&#8221;color-105616&#8221; [&hellip;]<\/p>\n","protected":false},"author":1,"featured_media":0,"parent":0,"menu_order":0,"comment_status":"closed","ping_status":"closed","template":"","meta":{"footnotes":""},"class_list":["post-81830","page","type-page","status-publish","hentry"],"_links":{"self":[{"href":"https:\/\/tisal.ba\/index.php\/wp-json\/wp\/v2\/pages\/81830","targetHints":{"allow":["GET"]}}],"collection":[{"href":"https:\/\/tisal.ba\/index.php\/wp-json\/wp\/v2\/pages"}],"about":[{"href":"https:\/\/tisal.ba\/index.php\/wp-json\/wp\/v2\/types\/page"}],"author":[{"embeddable":true,"href":"https:\/\/tisal.ba\/index.php\/wp-json\/wp\/v2\/users\/1"}],"replies":[{"embeddable":true,"href":"https:\/\/tisal.ba\/index.php\/wp-json\/wp\/v2\/comments?post=81830"}],"version-history":[{"count":24,"href":"https:\/\/tisal.ba\/index.php\/wp-json\/wp\/v2\/pages\/81830\/revisions"}],"predecessor-version":[{"id":83211,"href":"https:\/\/tisal.ba\/index.php\/wp-json\/wp\/v2\/pages\/81830\/revisions\/83211"}],"wp:attachment":[{"href":"https:\/\/tisal.ba\/index.php\/wp-json\/wp\/v2\/media?parent=81830"}],"curies":[{"name":"wp","href":"https:\/\/api.w.org\/{rel}","templated":true}]}}