{"id":81643,"date":"2019-04-02T14:38:15","date_gmt":"2019-04-02T14:38:15","guid":{"rendered":"http:\/\/tisal.ba\/?post_type=product&#038;p=81643"},"modified":"2020-05-09T13:46:05","modified_gmt":"2020-05-09T11:46:05","slug":"glanz-deterdzent-500ml-nar","status":"publish","type":"product","link":"https:\/\/tisal.ba\/index.php\/product\/glanz-deterdzent-500ml-nar\/","title":{"rendered":"Glanz deterd\u017eent za pranje posu\u0111a \u2013 miris nara"},"content":{"rendered":"","protected":false},"excerpt":{"rendered":"<blockquote><p><strong>PAKOVANJA: 500 mL, 1L<\/strong><\/p><\/blockquote>\n<p>Glanz deterd\u017eent za ru\u010dno pranje posu\u0111a je visokokoncentrovani proizvod sa prijatnim mirisom nara. Izuzetna kombinacija aktivnih materija omogu\u0107ava da se masno\u0107e i najja\u010da zaprljanja s lako\u0107om uklanjaju sa posu\u0111a. Sna\u017ena pjena brzo rastvara ne\u010disto\u0107e, omogu\u0107ava da se deterd\u017eent lako ispire, te ne ostavlja miris na posu\u0111u. Lako se ispire, te nakon pranja ima izuzetan sjaj. Sadr\u017ei komponente koje njeguju i \u0161tite ruke te ga preporu\u010dujemo osobama sa osjetljivom i suhom ko\u017eom. Deterd\u017eent je biorazgradiv i PH neutralan.<\/p>\n<p><strong>NA\u010cIN UPOTREBE:<\/strong> istisnuti 1-2 mlaza (4mL) deterd\u017eenta u 5L vode. Oprano posu\u0111e isperite \u010distom vodom.<\/p>\n","protected":false},"featured_media":82225,"template":"","meta":[],"product_brand":[],"product_cat":[102],"product_tag":[],"class_list":{"0":"post-81643","1":"product","2":"type-product","3":"status-publish","4":"has-post-thumbnail","6":"product_cat-glanz-deterdzent","8":"first","9":"instock","10":"shipping-taxable","11":"product-type-simple"},"_links":{"self":[{"href":"https:\/\/tisal.ba\/index.php\/wp-json\/wp\/v2\/product\/81643","targetHints":{"allow":["GET"]}}],"collection":[{"href":"https:\/\/tisal.ba\/index.php\/wp-json\/wp\/v2\/product"}],"about":[{"href":"https:\/\/tisal.ba\/index.php\/wp-json\/wp\/v2\/types\/product"}],"wp:featuredmedia":[{"embeddable":true,"href":"https:\/\/tisal.ba\/index.php\/wp-json\/wp\/v2\/media\/82225"}],"wp:attachment":[{"href":"https:\/\/tisal.ba\/index.php\/wp-json\/wp\/v2\/media?parent=81643"}],"wp:term":[{"taxonomy":"product_brand","embeddable":true,"href":"https:\/\/tisal.ba\/index.php\/wp-json\/wp\/v2\/product_brand?post=81643"},{"taxonomy":"product_cat","embeddable":true,"href":"https:\/\/tisal.ba\/index.php\/wp-json\/wp\/v2\/product_cat?post=81643"},{"taxonomy":"product_tag","embeddable":true,"href":"https:\/\/tisal.ba\/index.php\/wp-json\/wp\/v2\/product_tag?post=81643"}],"curies":[{"name":"wp","href":"https:\/\/api.w.org\/{rel}","templated":true}]}}