{"id":81651,"date":"2019-04-02T14:40:46","date_gmt":"2019-04-02T14:40:46","guid":{"rendered":"http:\/\/tisal.ba\/?post_type=product&#038;p=81651"},"modified":"2023-07-17T14:18:15","modified_gmt":"2023-07-17T12:18:15","slug":"glanz-tabs-tablete-za-strojno-pranje-posuda-25-kom","status":"publish","type":"product","link":"https:\/\/tisal.ba\/index.php\/product\/glanz-tabs-tablete-za-strojno-pranje-posuda-25-kom\/","title":{"rendered":"Glanz Tabs \u2013 tablete za strojno pranje posu\u0111a"},"content":{"rendered":"","protected":false},"excerpt":{"rendered":"<blockquote><p><strong>PAKOVANJA: 25 kom, 60 kom, 100 kom<br \/>\n<\/strong><\/p><\/blockquote>\n<p>Glanz tablete u vodotopivoj foliji za strojno pranje posu\u0111a sadr\u017ee deterd\u017eent koji u\u010dinkovito razgra\u0111uje i uklanja najtvrdokornije ostatke zape\u010dene i zasu\u0161ene hrane. Opranom posu\u0111u daje blistavi sjaj, bez mrlja i tragova kapljica vode. Djelovanje nadomjestka soli kod tableta u\u010dinkovito je u mekoj, srednje tvrdoj i tvrdoj vodi. Kod tvrde vode koristiti Glanz Salz i sredstvo za ispiranje Glanz Brilliant. Nakon pranja tabletama posu\u0111e ostaje \u010disto, blistavo, bez mirisa i tragova kapljica vode. Glanz Tabs poma\u017eu u spre\u010davanju nastanka korozije stakla. Pojava korozija stakla ovisi o vrsti stakla i specifi\u010dnim uvjetima pranja. Glanz Tabs ne spre\u010davaju mehani\u010dka o\u0161te\u0107enja.<\/p>\n<p><strong>NA\u010cIN UPOTREBE:<\/strong> odstranite ostatke hrane s posu\u0111a. Provjerite \u010disto\u0107u filtera perilice. Pri kori\u0161tenju tableta ruke moraju biti suhe. Ne odmotavati ili probijati foliju u kojoj se tableta nalazi. Tabletu u foliji staviti u odjeljak za doziranje i uklju\u010diti perilicu. Odjeljak za doziranje mora biti suh. Ukoliko je odjeljak premali staviti tabletu u ko\u0161aru sa priborom za jelo, te isklju\u010dite program za predpranje.<\/p>\n","protected":false},"featured_media":84174,"template":"","meta":[],"product_brand":[],"product_cat":[102],"product_tag":[],"class_list":{"0":"post-81651","1":"product","2":"type-product","3":"status-publish","4":"has-post-thumbnail","6":"product_cat-glanz-deterdzent","8":"first","9":"instock","10":"shipping-taxable","11":"product-type-simple"},"_links":{"self":[{"href":"https:\/\/tisal.ba\/index.php\/wp-json\/wp\/v2\/product\/81651","targetHints":{"allow":["GET"]}}],"collection":[{"href":"https:\/\/tisal.ba\/index.php\/wp-json\/wp\/v2\/product"}],"about":[{"href":"https:\/\/tisal.ba\/index.php\/wp-json\/wp\/v2\/types\/product"}],"wp:featuredmedia":[{"embeddable":true,"href":"https:\/\/tisal.ba\/index.php\/wp-json\/wp\/v2\/media\/84174"}],"wp:attachment":[{"href":"https:\/\/tisal.ba\/index.php\/wp-json\/wp\/v2\/media?parent=81651"}],"wp:term":[{"taxonomy":"product_brand","embeddable":true,"href":"https:\/\/tisal.ba\/index.php\/wp-json\/wp\/v2\/product_brand?post=81651"},{"taxonomy":"product_cat","embeddable":true,"href":"https:\/\/tisal.ba\/index.php\/wp-json\/wp\/v2\/product_cat?post=81651"},{"taxonomy":"product_tag","embeddable":true,"href":"https:\/\/tisal.ba\/index.php\/wp-json\/wp\/v2\/product_tag?post=81651"}],"curies":[{"name":"wp","href":"https:\/\/api.w.org\/{rel}","templated":true}]}}