{"id":81655,"date":"2019-04-02T14:44:47","date_gmt":"2019-04-02T14:44:47","guid":{"rendered":"http:\/\/tisal.ba\/?post_type=product&#038;p=81655"},"modified":"2020-05-09T13:45:58","modified_gmt":"2020-05-09T11:45:58","slug":"glanz-sol-za-perilicu-posuda-15-kg","status":"publish","type":"product","link":"https:\/\/tisal.ba\/index.php\/product\/glanz-sol-za-perilicu-posuda-15-kg\/","title":{"rendered":"Glanz Salz \u2013 sol za perilicu posu\u0111a"},"content":{"rendered":"","protected":false},"excerpt":{"rendered":"<blockquote><p><strong>PAKOVANJE: 1,5 kg<\/strong><\/p><\/blockquote>\n<p>Glanz sol \u0161titi va\u0161u perilicu te slu\u017ei za omek\u0161avanje vode kako bi se pobolj\u0161ala u\u010dinkovitost deterd\u017eenta i sredstva za ispiranje. Sprje\u010dava talo\u017eenje kamenca i mrlja na posu\u0111u i u perilici. Preporu\u010duje se u slu\u010daju veoma tvrde vode.<\/p>\n<p><strong>NA\u010cIN UPOTREBE: <\/strong>napunite spremnik prema uputstvima za upotrebu perilice. Potrebna koli\u010dina se automatski dozira. Ukoliko stroj nema pokaziva\u010d koli\u010dine soli preporu\u010dujemo redovno (jednom sedmi\u010dno) dopuniti spremnik.<\/p>\n","protected":false},"featured_media":82710,"template":"","meta":[],"product_brand":[],"product_cat":[102],"product_tag":[],"class_list":{"0":"post-81655","1":"product","2":"type-product","3":"status-publish","4":"has-post-thumbnail","6":"product_cat-glanz-deterdzent","8":"first","9":"instock","10":"shipping-taxable","11":"product-type-simple"},"_links":{"self":[{"href":"https:\/\/tisal.ba\/index.php\/wp-json\/wp\/v2\/product\/81655","targetHints":{"allow":["GET"]}}],"collection":[{"href":"https:\/\/tisal.ba\/index.php\/wp-json\/wp\/v2\/product"}],"about":[{"href":"https:\/\/tisal.ba\/index.php\/wp-json\/wp\/v2\/types\/product"}],"wp:featuredmedia":[{"embeddable":true,"href":"https:\/\/tisal.ba\/index.php\/wp-json\/wp\/v2\/media\/82710"}],"wp:attachment":[{"href":"https:\/\/tisal.ba\/index.php\/wp-json\/wp\/v2\/media?parent=81655"}],"wp:term":[{"taxonomy":"product_brand","embeddable":true,"href":"https:\/\/tisal.ba\/index.php\/wp-json\/wp\/v2\/product_brand?post=81655"},{"taxonomy":"product_cat","embeddable":true,"href":"https:\/\/tisal.ba\/index.php\/wp-json\/wp\/v2\/product_cat?post=81655"},{"taxonomy":"product_tag","embeddable":true,"href":"https:\/\/tisal.ba\/index.php\/wp-json\/wp\/v2\/product_tag?post=81655"}],"curies":[{"name":"wp","href":"https:\/\/api.w.org\/{rel}","templated":true}]}}