{"id":81657,"date":"2019-04-02T14:46:38","date_gmt":"2019-04-02T14:46:38","guid":{"rendered":"http:\/\/tisal.ba\/?post_type=product&#038;p=81657"},"modified":"2020-05-09T13:45:54","modified_gmt":"2020-05-09T11:45:54","slug":"glanz-tekuce-abrazivno-sredstvo","status":"publish","type":"product","link":"https:\/\/tisal.ba\/index.php\/product\/glanz-tekuce-abrazivno-sredstvo\/","title":{"rendered":"Glanz teku\u0107a abrazivna sredstva"},"content":{"rendered":"","protected":false},"excerpt":{"rendered":"<blockquote><p><strong>PAKOVANJE: 500 mL<\/strong><\/p><\/blockquote>\n<p>Abrazivno sredstvo za \u010di\u0161\u0107enje. U\u010dinkovito \u010disti i osigurava visoki sjaj na raznim povr\u0161inama poput \u0161tednjaka, sudopera, kerami\u010dkih plo\u010dica, kada, umivaonika&#8230; Kremasta struktura olak\u0161ava nano\u0161enje i poma\u017ee u uklanjanju zaprljanja ne o\u0161te\u0107uju\u0107i pri tome povr\u0161ine. Nakon \u010di\u0161\u0107enja povr\u0161ine ostaju besprijekorno \u010diste i blistave. Mirisne note lavanda i limun.<\/p>\n<p><strong>NA\u010cIN UPOTREBE:<\/strong> Glanz nanesite na povr\u0161inu koju \u017eelite o\u010distiti, istrljajte i isperite vodom.<\/p>\n<p>&nbsp;<\/p>\n","protected":false},"featured_media":82910,"template":"","meta":[],"product_brand":[],"product_cat":[117],"product_tag":[],"class_list":{"0":"post-81657","1":"product","2":"type-product","3":"status-publish","4":"has-post-thumbnail","6":"product_cat-glanz-ciscenje","8":"first","9":"instock","10":"shipping-taxable","11":"product-type-simple"},"_links":{"self":[{"href":"https:\/\/tisal.ba\/index.php\/wp-json\/wp\/v2\/product\/81657","targetHints":{"allow":["GET"]}}],"collection":[{"href":"https:\/\/tisal.ba\/index.php\/wp-json\/wp\/v2\/product"}],"about":[{"href":"https:\/\/tisal.ba\/index.php\/wp-json\/wp\/v2\/types\/product"}],"wp:featuredmedia":[{"embeddable":true,"href":"https:\/\/tisal.ba\/index.php\/wp-json\/wp\/v2\/media\/82910"}],"wp:attachment":[{"href":"https:\/\/tisal.ba\/index.php\/wp-json\/wp\/v2\/media?parent=81657"}],"wp:term":[{"taxonomy":"product_brand","embeddable":true,"href":"https:\/\/tisal.ba\/index.php\/wp-json\/wp\/v2\/product_brand?post=81657"},{"taxonomy":"product_cat","embeddable":true,"href":"https:\/\/tisal.ba\/index.php\/wp-json\/wp\/v2\/product_cat?post=81657"},{"taxonomy":"product_tag","embeddable":true,"href":"https:\/\/tisal.ba\/index.php\/wp-json\/wp\/v2\/product_tag?post=81657"}],"curies":[{"name":"wp","href":"https:\/\/api.w.org\/{rel}","templated":true}]}}