{"id":81663,"date":"2019-04-02T15:01:32","date_gmt":"2019-04-02T15:01:32","guid":{"rendered":"http:\/\/tisal.ba\/?post_type=product&#038;p=81663"},"modified":"2021-10-08T15:09:00","modified_gmt":"2021-10-08T13:09:00","slug":"glanz-universal","status":"publish","type":"product","link":"https:\/\/tisal.ba\/index.php\/product\/glanz-universal\/","title":{"rendered":"Glanz ProActive Universal &#8211; univerzalno sredstvo za \u010di\u0161\u0107enje"},"content":{"rendered":"","protected":false},"excerpt":{"rendered":"<blockquote><p><strong>PAKOVANJE: 750 mL<\/strong><\/p><\/blockquote>\n<p>Zahvaljuju\u0107i novoj inovativnoj formuli Glanz UNIVERSAL efikasno uklanja ne\u010disto\u0107e, odma\u0161\u0107uje i \u010disti jaka zaprljanja sa gotovo svih vrsta materijala. \u010cISTI: kupaonice (kade, umivaonike, WC \u0161olje), kuhinje (pe\u0107nice, mikrovalne pe\u0107nice, posu\u0111e), automobile (felge, motore, sjedi\u0161ta), alate, radijatore, bicikle, tkanine, sportsku obu\u0107u, tapacirani namje\u0161taj, vrtni namje\u0161taj, plastiku&#8230; Nakon \u010di\u0161\u0107enja povr\u0161ine ostaju blistave a miris citrusa prostoriju ispunjava dugotrajnom svje\u017einom.<\/p>\n<p><strong>NA\u010cIN UPOTREBE:<\/strong> pritiskom na ru\u010dicu raspr\u0161iva\u010da nanesite sredstvo za \u010di\u0161\u0107enje na \u017eeljenu povr\u0161inu. Obri\u0161ite vla\u017enom krpom ili isperite vodom. Ispiranje je potrebno kod povr\u0161ina koje su u neposrednom kontaktu s hranom. Nakon svakog pranja ruke isprati u \u010distoj vodi.<\/p>\n","protected":false},"featured_media":83850,"template":"","meta":[],"product_brand":[],"product_cat":[117],"product_tag":[],"class_list":{"0":"post-81663","1":"product","2":"type-product","3":"status-publish","4":"has-post-thumbnail","6":"product_cat-glanz-ciscenje","8":"first","9":"instock","10":"shipping-taxable","11":"product-type-simple"},"_links":{"self":[{"href":"https:\/\/tisal.ba\/index.php\/wp-json\/wp\/v2\/product\/81663","targetHints":{"allow":["GET"]}}],"collection":[{"href":"https:\/\/tisal.ba\/index.php\/wp-json\/wp\/v2\/product"}],"about":[{"href":"https:\/\/tisal.ba\/index.php\/wp-json\/wp\/v2\/types\/product"}],"wp:featuredmedia":[{"embeddable":true,"href":"https:\/\/tisal.ba\/index.php\/wp-json\/wp\/v2\/media\/83850"}],"wp:attachment":[{"href":"https:\/\/tisal.ba\/index.php\/wp-json\/wp\/v2\/media?parent=81663"}],"wp:term":[{"taxonomy":"product_brand","embeddable":true,"href":"https:\/\/tisal.ba\/index.php\/wp-json\/wp\/v2\/product_brand?post=81663"},{"taxonomy":"product_cat","embeddable":true,"href":"https:\/\/tisal.ba\/index.php\/wp-json\/wp\/v2\/product_cat?post=81663"},{"taxonomy":"product_tag","embeddable":true,"href":"https:\/\/tisal.ba\/index.php\/wp-json\/wp\/v2\/product_tag?post=81663"}],"curies":[{"name":"wp","href":"https:\/\/api.w.org\/{rel}","templated":true}]}}