{"id":81665,"date":"2019-04-02T15:02:45","date_gmt":"2019-04-02T15:02:45","guid":{"rendered":"http:\/\/tisal.ba\/?post_type=product&#038;p=81665"},"modified":"2021-10-08T14:14:22","modified_gmt":"2021-10-08T12:14:22","slug":"glanz-sredstvo-za-ciscenje-i-dezinfekciju-radnih-povrsina","status":"publish","type":"product","link":"https:\/\/tisal.ba\/index.php\/product\/glanz-sredstvo-za-ciscenje-i-dezinfekciju-radnih-povrsina\/","title":{"rendered":"Glanz sredstvo za \u010di\u0161\u0107enje i dezinfekciju radnih povr\u0161ina"},"content":{"rendered":"","protected":false},"excerpt":{"rendered":"<blockquote><p><strong>PAKOVANJE: 750 mL<\/strong><\/p><\/blockquote>\n<p>Glanz sredstvo za \u010di\u0161\u0107enje i dezinfekciju radnih povr\u0161ina je alkoholno sredstvo koje se primjenjuje za \u010di\u0161\u0107enje radnih povr\u0161ina, a ujedno vr\u0161i i dezinfekciju.<br \/>\nSadr\u017ei alkohol koji omogu\u0107ava brzo i efikasno djelovanje na \u0161iroki spektar bakterija, virusa i gljivica. Koristi se za univerzalnu upotrebu u va\u0161em domu ili poslovnom prostoru, na svim materijalima poput drveta, inoksa, metala, plastike, keramike i sl. Blagog je i prijatnog mirisa. Brzo se su\u0161i i ne ostavlja tragove na dezinfikovanim povr\u0161inama.<\/p>\n<p><strong>NA\u010cIN UPOTREBE:<\/strong> okrenuti vrh raspr\u0161iva\u010da na opciju SPRAY ili STREAM. Potom pritiskom na ru\u010dicu raspr\u0161iva\u010da po\u0161pricati povr\u0161inu koju \u017eelite o\u010distiti i obrisati suhom krpom. Ispiranje nije potrebno. Doziranje: 10 ml po 1m2 povr\u0161ine ili po potrebi ovisno o zaprljanju.<br \/>\n<em><strong>Za\u0161titite va\u0161e povr\u0161ine pomo\u0107u Glanz- sredstva za \u010di\u0161\u0107enje i dezinfekciju!<\/strong><\/em><\/p>\n","protected":false},"featured_media":83846,"template":"","meta":[],"product_brand":[],"product_cat":[117],"product_tag":[],"class_list":{"0":"post-81665","1":"product","2":"type-product","3":"status-publish","4":"has-post-thumbnail","6":"product_cat-glanz-ciscenje","8":"first","9":"instock","10":"shipping-taxable","11":"product-type-simple"},"_links":{"self":[{"href":"https:\/\/tisal.ba\/index.php\/wp-json\/wp\/v2\/product\/81665","targetHints":{"allow":["GET"]}}],"collection":[{"href":"https:\/\/tisal.ba\/index.php\/wp-json\/wp\/v2\/product"}],"about":[{"href":"https:\/\/tisal.ba\/index.php\/wp-json\/wp\/v2\/types\/product"}],"wp:featuredmedia":[{"embeddable":true,"href":"https:\/\/tisal.ba\/index.php\/wp-json\/wp\/v2\/media\/83846"}],"wp:attachment":[{"href":"https:\/\/tisal.ba\/index.php\/wp-json\/wp\/v2\/media?parent=81665"}],"wp:term":[{"taxonomy":"product_brand","embeddable":true,"href":"https:\/\/tisal.ba\/index.php\/wp-json\/wp\/v2\/product_brand?post=81665"},{"taxonomy":"product_cat","embeddable":true,"href":"https:\/\/tisal.ba\/index.php\/wp-json\/wp\/v2\/product_cat?post=81665"},{"taxonomy":"product_tag","embeddable":true,"href":"https:\/\/tisal.ba\/index.php\/wp-json\/wp\/v2\/product_tag?post=81665"}],"curies":[{"name":"wp","href":"https:\/\/api.w.org\/{rel}","templated":true}]}}