{"id":81669,"date":"2019-04-02T15:04:47","date_gmt":"2019-04-02T15:04:47","guid":{"rendered":"http:\/\/tisal.ba\/?post_type=product&#038;p=81669"},"modified":"2021-10-14T15:12:36","modified_gmt":"2021-10-14T13:12:36","slug":"glanz-proactive-antistatic-sredstvo-za-ciscenje-staklenih-povrsina","status":"publish","type":"product","link":"https:\/\/tisal.ba\/index.php\/product\/glanz-proactive-antistatic-sredstvo-za-ciscenje-staklenih-povrsina\/","title":{"rendered":"Glanz ProActive Antistatic &#8211; sredstvo za \u010di\u0161\u0107enje staklenih povr\u0161ina"},"content":{"rendered":"","protected":false},"excerpt":{"rendered":"<blockquote><p><strong>PAKOVANJE: 750 mL<\/strong><\/p><\/blockquote>\n<p>Sredstvo za \u010di\u0161\u0107enje staklenih povr\u0161ina Glanz Antistatic pru\u017ea savr\u0161ene rezultate u \u010di\u0161\u0107enju. Jedinstvena formula obezbje\u0111uje sjaj bez tragova. Na povr\u0161ini koja se tretira ostavlja bogat za\u0161titni sloj koji ima <strong>antistati\u010dno dejstvo<\/strong> pa samim tim umanjuje efekat prljanja te omogu\u0107ava da povr\u0161ine du\u017ee vremena ostanu sjajne i bez pra\u0161ine.<\/p>\n<p><strong>NA\u010cIN UPOTREBE:<\/strong> raspr\u0161iva\u010d okrenite na poziciju ON. Raspr\u0161ite proizvod s udaljenosti 20 cm na povr\u0161inu koju \u017eelite o\u010distiti i obri\u0161ite \u010distom, suhom krpom. Ispiranje nije potrebno.<\/p>\n","protected":false},"featured_media":83862,"template":"","meta":[],"product_brand":[],"product_cat":[117],"product_tag":[],"class_list":{"0":"post-81669","1":"product","2":"type-product","3":"status-publish","4":"has-post-thumbnail","6":"product_cat-glanz-ciscenje","8":"first","9":"instock","10":"shipping-taxable","11":"product-type-simple"},"_links":{"self":[{"href":"https:\/\/tisal.ba\/index.php\/wp-json\/wp\/v2\/product\/81669","targetHints":{"allow":["GET"]}}],"collection":[{"href":"https:\/\/tisal.ba\/index.php\/wp-json\/wp\/v2\/product"}],"about":[{"href":"https:\/\/tisal.ba\/index.php\/wp-json\/wp\/v2\/types\/product"}],"wp:featuredmedia":[{"embeddable":true,"href":"https:\/\/tisal.ba\/index.php\/wp-json\/wp\/v2\/media\/83862"}],"wp:attachment":[{"href":"https:\/\/tisal.ba\/index.php\/wp-json\/wp\/v2\/media?parent=81669"}],"wp:term":[{"taxonomy":"product_brand","embeddable":true,"href":"https:\/\/tisal.ba\/index.php\/wp-json\/wp\/v2\/product_brand?post=81669"},{"taxonomy":"product_cat","embeddable":true,"href":"https:\/\/tisal.ba\/index.php\/wp-json\/wp\/v2\/product_cat?post=81669"},{"taxonomy":"product_tag","embeddable":true,"href":"https:\/\/tisal.ba\/index.php\/wp-json\/wp\/v2\/product_tag?post=81669"}],"curies":[{"name":"wp","href":"https:\/\/api.w.org\/{rel}","templated":true}]}}