{"id":81673,"date":"2019-04-02T15:06:30","date_gmt":"2019-04-02T15:06:30","guid":{"rendered":"http:\/\/tisal.ba\/?post_type=product&#038;p=81673"},"modified":"2023-07-17T14:45:31","modified_gmt":"2023-07-17T12:45:31","slug":"glanz-grill","status":"publish","type":"product","link":"https:\/\/tisal.ba\/index.php\/product\/glanz-grill\/","title":{"rendered":"Glanz ProActive Grill sredstvo za \u010di\u0161\u0107enje pe\u0107nica, napa,  ro\u0161tilja i \u0161tednjaka"},"content":{"rendered":"","protected":false},"excerpt":{"rendered":"<blockquote><p><strong>PAKOVANJE: 600 mL<\/strong><\/p><\/blockquote>\n<p>Teku\u0107e sredstvo za uklanjanje zagorjelih masnih naslaga i \u010di\u0161\u0107enje pe\u0107nica, ro\u0161tilja, napa i \u0161tednjaka. Povr\u0161ine nakon \u010di\u0161\u0107enja ostaju sjajne i bez tragova.<\/p>\n<p><strong>NA\u010cIN UPOTREBE:<\/strong> okrenuti vrh rasp\u0161iva\u010da na opciju ON. Potom pritiskom na ru\u010dicu raspr\u0161iva\u010da sredstvo raspr\u0161iti po \u017eeljenoj povr\u0161ini. Nakon 3-5 minuta istrljati i isprati vodom.Kod ve\u0107ih naslaga ne\u010disto\u0107e postupak ponoviti. \u010ci\u0161\u0107enje je djelotvornije ukoliko se pe\u0107nica zagrije do 50\u02daC.<\/p>\n","protected":false},"featured_media":84178,"template":"","meta":[],"product_brand":[],"product_cat":[117],"product_tag":[],"class_list":{"0":"post-81673","1":"product","2":"type-product","3":"status-publish","4":"has-post-thumbnail","6":"product_cat-glanz-ciscenje","8":"first","9":"instock","10":"shipping-taxable","11":"product-type-simple"},"_links":{"self":[{"href":"https:\/\/tisal.ba\/index.php\/wp-json\/wp\/v2\/product\/81673","targetHints":{"allow":["GET"]}}],"collection":[{"href":"https:\/\/tisal.ba\/index.php\/wp-json\/wp\/v2\/product"}],"about":[{"href":"https:\/\/tisal.ba\/index.php\/wp-json\/wp\/v2\/types\/product"}],"wp:featuredmedia":[{"embeddable":true,"href":"https:\/\/tisal.ba\/index.php\/wp-json\/wp\/v2\/media\/84178"}],"wp:attachment":[{"href":"https:\/\/tisal.ba\/index.php\/wp-json\/wp\/v2\/media?parent=81673"}],"wp:term":[{"taxonomy":"product_brand","embeddable":true,"href":"https:\/\/tisal.ba\/index.php\/wp-json\/wp\/v2\/product_brand?post=81673"},{"taxonomy":"product_cat","embeddable":true,"href":"https:\/\/tisal.ba\/index.php\/wp-json\/wp\/v2\/product_cat?post=81673"},{"taxonomy":"product_tag","embeddable":true,"href":"https:\/\/tisal.ba\/index.php\/wp-json\/wp\/v2\/product_tag?post=81673"}],"curies":[{"name":"wp","href":"https:\/\/api.w.org\/{rel}","templated":true}]}}