{"id":81677,"date":"2019-04-02T15:09:59","date_gmt":"2019-04-02T15:09:59","guid":{"rendered":"http:\/\/tisal.ba\/?post_type=product&#038;p=81677"},"modified":"2020-05-09T13:43:03","modified_gmt":"2020-05-09T11:43:03","slug":"glanz-sredstvo-za-ciscenje-podova-ocean","status":"publish","type":"product","link":"https:\/\/tisal.ba\/index.php\/product\/glanz-sredstvo-za-ciscenje-podova-ocean\/","title":{"rendered":"Glanz sredstvo za \u010di\u0161\u0107enje podova"},"content":{"rendered":"","protected":false},"excerpt":{"rendered":"<blockquote><p><strong>PAKOVANJE: 1 L<\/strong><\/p><\/blockquote>\n<p>Glanz sredstvo za \u010di\u0161\u0107enje podova efikasno uklanja sve ne\u010disto\u0107e sa podnih obloga ispunjvaju\u0107i prostoriju ugodnim mirisom. Dvije neodoljive mirisne vrste: Lavanda i Ocean.<\/p>\n<p><strong>NA\u010cIN UPOTREBE:<\/strong> za \u010di\u0161\u0107enje ve\u0107ih povr\u0161ina (podova) na 5 L mlake vode dodati 2 zatvara\u010da sredstva za podove (60 mL). Ispiranje nije potrebno. Za uklanjanje tvrdokornih mrlja koristiti nerazbla\u017eeno sredstvo, te isprati vodom.<\/p>\n","protected":false},"featured_media":82239,"template":"","meta":[],"product_brand":[],"product_cat":[117],"product_tag":[],"class_list":{"0":"post-81677","1":"product","2":"type-product","3":"status-publish","4":"has-post-thumbnail","6":"product_cat-glanz-ciscenje","8":"first","9":"instock","10":"shipping-taxable","11":"product-type-simple"},"_links":{"self":[{"href":"https:\/\/tisal.ba\/index.php\/wp-json\/wp\/v2\/product\/81677","targetHints":{"allow":["GET"]}}],"collection":[{"href":"https:\/\/tisal.ba\/index.php\/wp-json\/wp\/v2\/product"}],"about":[{"href":"https:\/\/tisal.ba\/index.php\/wp-json\/wp\/v2\/types\/product"}],"wp:featuredmedia":[{"embeddable":true,"href":"https:\/\/tisal.ba\/index.php\/wp-json\/wp\/v2\/media\/82239"}],"wp:attachment":[{"href":"https:\/\/tisal.ba\/index.php\/wp-json\/wp\/v2\/media?parent=81677"}],"wp:term":[{"taxonomy":"product_brand","embeddable":true,"href":"https:\/\/tisal.ba\/index.php\/wp-json\/wp\/v2\/product_brand?post=81677"},{"taxonomy":"product_cat","embeddable":true,"href":"https:\/\/tisal.ba\/index.php\/wp-json\/wp\/v2\/product_cat?post=81677"},{"taxonomy":"product_tag","embeddable":true,"href":"https:\/\/tisal.ba\/index.php\/wp-json\/wp\/v2\/product_tag?post=81677"}],"curies":[{"name":"wp","href":"https:\/\/api.w.org\/{rel}","templated":true}]}}