{"id":81681,"date":"2019-04-02T15:11:44","date_gmt":"2019-04-02T15:11:44","guid":{"rendered":"http:\/\/tisal.ba\/?post_type=product&#038;p=81681"},"modified":"2020-05-09T13:43:00","modified_gmt":"2020-05-09T11:43:00","slug":"glanz-sredstvo-za-ciscenje-tepiha","status":"publish","type":"product","link":"https:\/\/tisal.ba\/index.php\/product\/glanz-sredstvo-za-ciscenje-tepiha\/","title":{"rendered":"Glanz sredstvo za \u010di\u0161\u0107enje i pranje tepiha"},"content":{"rendered":"","protected":false},"excerpt":{"rendered":"<blockquote><p><strong>PAKOVANJE: 1 L<\/strong><\/p><\/blockquote>\n<p>Glanz sredstvo za \u010di\u0161\u0107enje i pranje tepiha je teku\u0107e sredstvo koji dubinski pere, a pri tome ne o\u0161te\u0107uje boju. Posebna formulacija daje izvanredne rezultate pri ru\u010dnom ili ma\u0161inskom pranju, ostavljaju\u0107i ugodan miris.<\/p>\n<p><strong>NA\u010cIN UPOTREBE:<\/strong> Usisati pra\u0161inu. Pripremiti smjesu sredstva za \u010di\u0161\u0107enje i vode u omjeru 1:5 do 10 . Dozirati shodno potrebi i zaprljanju. Stvoriti bogatu pjenu, trljati \u010detkom ili spu\u017evom, a nakon toga dobro isprati vodom i osu\u0161iti.<\/p>\n","protected":false},"featured_media":82241,"template":"","meta":[],"product_brand":[],"product_cat":[117],"product_tag":[],"class_list":{"0":"post-81681","1":"product","2":"type-product","3":"status-publish","4":"has-post-thumbnail","6":"product_cat-glanz-ciscenje","8":"first","9":"instock","10":"shipping-taxable","11":"product-type-simple"},"_links":{"self":[{"href":"https:\/\/tisal.ba\/index.php\/wp-json\/wp\/v2\/product\/81681","targetHints":{"allow":["GET"]}}],"collection":[{"href":"https:\/\/tisal.ba\/index.php\/wp-json\/wp\/v2\/product"}],"about":[{"href":"https:\/\/tisal.ba\/index.php\/wp-json\/wp\/v2\/types\/product"}],"wp:featuredmedia":[{"embeddable":true,"href":"https:\/\/tisal.ba\/index.php\/wp-json\/wp\/v2\/media\/82241"}],"wp:attachment":[{"href":"https:\/\/tisal.ba\/index.php\/wp-json\/wp\/v2\/media?parent=81681"}],"wp:term":[{"taxonomy":"product_brand","embeddable":true,"href":"https:\/\/tisal.ba\/index.php\/wp-json\/wp\/v2\/product_brand?post=81681"},{"taxonomy":"product_cat","embeddable":true,"href":"https:\/\/tisal.ba\/index.php\/wp-json\/wp\/v2\/product_cat?post=81681"},{"taxonomy":"product_tag","embeddable":true,"href":"https:\/\/tisal.ba\/index.php\/wp-json\/wp\/v2\/product_tag?post=81681"}],"curies":[{"name":"wp","href":"https:\/\/api.w.org\/{rel}","templated":true}]}}