{"id":81683,"date":"2019-04-02T15:12:54","date_gmt":"2019-04-02T15:12:54","guid":{"rendered":"http:\/\/tisal.ba\/?post_type=product&#038;p=81683"},"modified":"2023-07-17T14:41:25","modified_gmt":"2023-07-17T12:41:25","slug":"glanz-odstranjivac-mrlja","status":"publish","type":"product","link":"https:\/\/tisal.ba\/index.php\/product\/glanz-odstranjivac-mrlja\/","title":{"rendered":"Glanz Flecken stop \u2013 odstranjiva\u010d mrlja"},"content":{"rendered":"","protected":false},"excerpt":{"rendered":"<blockquote><p><strong>PAKOVANJE: 110 mL<\/strong><\/p><\/blockquote>\n<p>Glanz Flecken stop- sredstvo za uklanjanje mrlja sa bijelih i \u0161arenih tkanina, uspje\u0161no uklanja tvrdokorne mrlje, a pri tome \u010duva boju na tkaninama.<\/p>\n<p><strong>NA\u010cIN UPOTREBE:<\/strong> odstranjiva\u010d mrlja nanesite u tankom sloju preko mrlje, sa\u010dekajte 5-10 min, te pristupite pranju na uobi\u010dajen na\u010din u perilici rublja ili ru\u010dno.<\/p>\n","protected":false},"featured_media":84176,"template":"","meta":[],"product_brand":[],"product_cat":[117],"product_tag":[],"class_list":{"0":"post-81683","1":"product","2":"type-product","3":"status-publish","4":"has-post-thumbnail","6":"product_cat-glanz-ciscenje","8":"first","9":"instock","10":"shipping-taxable","11":"product-type-simple"},"_links":{"self":[{"href":"https:\/\/tisal.ba\/index.php\/wp-json\/wp\/v2\/product\/81683","targetHints":{"allow":["GET"]}}],"collection":[{"href":"https:\/\/tisal.ba\/index.php\/wp-json\/wp\/v2\/product"}],"about":[{"href":"https:\/\/tisal.ba\/index.php\/wp-json\/wp\/v2\/types\/product"}],"wp:featuredmedia":[{"embeddable":true,"href":"https:\/\/tisal.ba\/index.php\/wp-json\/wp\/v2\/media\/84176"}],"wp:attachment":[{"href":"https:\/\/tisal.ba\/index.php\/wp-json\/wp\/v2\/media?parent=81683"}],"wp:term":[{"taxonomy":"product_brand","embeddable":true,"href":"https:\/\/tisal.ba\/index.php\/wp-json\/wp\/v2\/product_brand?post=81683"},{"taxonomy":"product_cat","embeddable":true,"href":"https:\/\/tisal.ba\/index.php\/wp-json\/wp\/v2\/product_cat?post=81683"},{"taxonomy":"product_tag","embeddable":true,"href":"https:\/\/tisal.ba\/index.php\/wp-json\/wp\/v2\/product_tag?post=81683"}],"curies":[{"name":"wp","href":"https:\/\/api.w.org\/{rel}","templated":true}]}}