{"id":81687,"date":"2019-04-03T07:59:35","date_gmt":"2019-04-03T07:59:35","guid":{"rendered":"http:\/\/tisal.ba\/?post_type=product&#038;p=81687"},"modified":"2020-05-09T13:42:35","modified_gmt":"2020-05-09T11:42:35","slug":"glanz-wc-osvjezivac-ozean-frische","status":"publish","type":"product","link":"https:\/\/tisal.ba\/index.php\/product\/glanz-wc-osvjezivac-ozean-frische\/","title":{"rendered":"Glanz osvje\u017eiva\u010d za WC \u0161koljke"},"content":{"rendered":"","protected":false},"excerpt":{"rendered":"<blockquote><p><strong>PAKOVANJE: 3 x 55 mL<\/strong><\/p><\/blockquote>\n<p>Glanz osvje\u017eiva\u010d za WC \u0161koljku Ozean Frische i Zitrus Frische- sprje\u010dava nakupljanje ne\u010disto\u0107a i kamenca, te omogu\u0107ava efikasnu svakodnevnu higijenu WC \u0161koljke uz stvaranje obilne pjene. Neutrali\u0161e neugodne mirise, ostavljaju\u0107i ugodne mirise svje\u017eine.<br \/>\nPakiranje: 1 osvje\u017eiva\u010d sa ko\u0161aricom+ 2 komada refila<\/p>\n<p><strong>NA\u010cIN UPOTREBE:<\/strong> <strong>1.<\/strong> Spremnik s gelom umetnuti u ko\u0161aricu i pritisnuti ga dok ne klikne, kako bi se poklopac automatski otvorio. <strong>2.<\/strong> Za optimalno djelovanje objesiti ko\u0161aricu ispod ruba WC \u0161koljke u \u0161to je mogu\u0107e ispravnijem polo\u017eaju, kako bi voda mogla dobro isplahnjivati gel. <strong>3.<\/strong> Kada se spremnik isprazni, izvaditi ga iz ko\u0161arice i zamjeniti novim.<\/p>\n","protected":false},"featured_media":82245,"template":"","meta":[],"product_brand":[],"product_cat":[118],"product_tag":[],"class_list":{"0":"post-81687","1":"product","2":"type-product","3":"status-publish","4":"has-post-thumbnail","6":"product_cat-glanz_wc","8":"first","9":"instock","10":"shipping-taxable","11":"product-type-simple"},"_links":{"self":[{"href":"https:\/\/tisal.ba\/index.php\/wp-json\/wp\/v2\/product\/81687","targetHints":{"allow":["GET"]}}],"collection":[{"href":"https:\/\/tisal.ba\/index.php\/wp-json\/wp\/v2\/product"}],"about":[{"href":"https:\/\/tisal.ba\/index.php\/wp-json\/wp\/v2\/types\/product"}],"wp:featuredmedia":[{"embeddable":true,"href":"https:\/\/tisal.ba\/index.php\/wp-json\/wp\/v2\/media\/82245"}],"wp:attachment":[{"href":"https:\/\/tisal.ba\/index.php\/wp-json\/wp\/v2\/media?parent=81687"}],"wp:term":[{"taxonomy":"product_brand","embeddable":true,"href":"https:\/\/tisal.ba\/index.php\/wp-json\/wp\/v2\/product_brand?post=81687"},{"taxonomy":"product_cat","embeddable":true,"href":"https:\/\/tisal.ba\/index.php\/wp-json\/wp\/v2\/product_cat?post=81687"},{"taxonomy":"product_tag","embeddable":true,"href":"https:\/\/tisal.ba\/index.php\/wp-json\/wp\/v2\/product_tag?post=81687"}],"curies":[{"name":"wp","href":"https:\/\/api.w.org\/{rel}","templated":true}]}}