{"id":81691,"date":"2019-04-03T08:03:21","date_gmt":"2019-04-03T08:03:21","guid":{"rendered":"http:\/\/tisal.ba\/?post_type=product&#038;p=81691"},"modified":"2022-09-29T11:07:00","modified_gmt":"2022-09-29T09:07:00","slug":"glanz-wc-gel","status":"publish","type":"product","link":"https:\/\/tisal.ba\/index.php\/product\/glanz-wc-gel\/","title":{"rendered":"GLANZ Proactive WC Gel 4u1"},"content":{"rendered":"","protected":false},"excerpt":{"rendered":"<blockquote><p><strong>PAKOVANJE: 700 mL<\/strong><\/p><\/blockquote>\n<p>GLANZ Proactive WC Gel temeljito i sna\u017eno \u010disti wc \u0161koljke i daje dugotrajan miris svje\u017eine. Svojom specijalnom formulom uklanja najtvrdokornije naslage kamenca i ostavlja sjajne povr\u0161ine.<br \/>\nNakon \u010di\u0161\u0107enja sa Glanz wc gelom Va\u0161e kupatilo \u0107e jo\u0161 dugo ostati mirisno i sjajno.<br \/>\nZa higijenski \u010dist WC.<\/p>\n<p><strong>NA\u010cIN UPOTREBE:<\/strong> Nanesite gel za \u010di\u0161\u0107enje WC \u0161koljke (oko 30 ml) ispod ruba na cijelu unutra\u0161nju povr\u0161inu WC \u0161koljke. Nakon nekoliko minuta istrljati \u010detkom i isprati vodom. \u010cuvati izvan dohvata djece. Nositi za\u0161titne rukavice\/za\u0161titu za o\u010di.<\/p>\n","protected":false},"featured_media":84100,"template":"","meta":[],"product_brand":[],"product_cat":[118],"product_tag":[],"class_list":{"0":"post-81691","1":"product","2":"type-product","3":"status-publish","4":"has-post-thumbnail","6":"product_cat-glanz_wc","8":"first","9":"instock","10":"shipping-taxable","11":"product-type-simple"},"_links":{"self":[{"href":"https:\/\/tisal.ba\/index.php\/wp-json\/wp\/v2\/product\/81691","targetHints":{"allow":["GET"]}}],"collection":[{"href":"https:\/\/tisal.ba\/index.php\/wp-json\/wp\/v2\/product"}],"about":[{"href":"https:\/\/tisal.ba\/index.php\/wp-json\/wp\/v2\/types\/product"}],"wp:featuredmedia":[{"embeddable":true,"href":"https:\/\/tisal.ba\/index.php\/wp-json\/wp\/v2\/media\/84100"}],"wp:attachment":[{"href":"https:\/\/tisal.ba\/index.php\/wp-json\/wp\/v2\/media?parent=81691"}],"wp:term":[{"taxonomy":"product_brand","embeddable":true,"href":"https:\/\/tisal.ba\/index.php\/wp-json\/wp\/v2\/product_brand?post=81691"},{"taxonomy":"product_cat","embeddable":true,"href":"https:\/\/tisal.ba\/index.php\/wp-json\/wp\/v2\/product_cat?post=81691"},{"taxonomy":"product_tag","embeddable":true,"href":"https:\/\/tisal.ba\/index.php\/wp-json\/wp\/v2\/product_tag?post=81691"}],"curies":[{"name":"wp","href":"https:\/\/api.w.org\/{rel}","templated":true}]}}