{"id":81696,"date":"2019-04-03T08:09:00","date_gmt":"2019-04-03T08:09:00","guid":{"rendered":"http:\/\/tisal.ba\/?post_type=product&#038;p=81696"},"modified":"2020-05-09T13:42:22","modified_gmt":"2020-05-09T11:42:22","slug":"glanz-winter-1l-sredstvo-za-pranje-vjetrobranskog-stakla","status":"publish","type":"product","link":"https:\/\/tisal.ba\/index.php\/product\/glanz-winter-1l-sredstvo-za-pranje-vjetrobranskog-stakla\/","title":{"rendered":"Glanz Winter &#8211; Sredstvo za pranje vjetrobranskog stakla"},"content":{"rendered":"","protected":false},"excerpt":{"rendered":"<blockquote><p><strong>PAKOVANJE: 1 L, 2 L, 3L, 5 L<\/strong><\/p><\/blockquote>\n<p>Winter Glanz \u2013 sredstvo za pranje i \u010di\u0161\u0107enje vjetrobranskog stakla u zimskim uslovima \u0161titi od smrzavanja na temperaturama do -20\u00b0C. <strong>GARANTOVANO BEZ METANOLA<\/strong><\/p>\n<p><strong>NA\u010cIN UPOTREBE:<\/strong> sredstvo direktno sipati iz boce u rezervoar za pranje vjetrobranskog stakla.<\/p>\n","protected":false},"featured_media":82251,"template":"","meta":[],"product_brand":[],"product_cat":[119],"product_tag":[],"class_list":{"0":"post-81696","1":"product","2":"type-product","3":"status-publish","4":"has-post-thumbnail","6":"product_cat-glanz_auto","8":"first","9":"instock","10":"shipping-taxable","11":"product-type-simple"},"_links":{"self":[{"href":"https:\/\/tisal.ba\/index.php\/wp-json\/wp\/v2\/product\/81696","targetHints":{"allow":["GET"]}}],"collection":[{"href":"https:\/\/tisal.ba\/index.php\/wp-json\/wp\/v2\/product"}],"about":[{"href":"https:\/\/tisal.ba\/index.php\/wp-json\/wp\/v2\/types\/product"}],"wp:featuredmedia":[{"embeddable":true,"href":"https:\/\/tisal.ba\/index.php\/wp-json\/wp\/v2\/media\/82251"}],"wp:attachment":[{"href":"https:\/\/tisal.ba\/index.php\/wp-json\/wp\/v2\/media?parent=81696"}],"wp:term":[{"taxonomy":"product_brand","embeddable":true,"href":"https:\/\/tisal.ba\/index.php\/wp-json\/wp\/v2\/product_brand?post=81696"},{"taxonomy":"product_cat","embeddable":true,"href":"https:\/\/tisal.ba\/index.php\/wp-json\/wp\/v2\/product_cat?post=81696"},{"taxonomy":"product_tag","embeddable":true,"href":"https:\/\/tisal.ba\/index.php\/wp-json\/wp\/v2\/product_tag?post=81696"}],"curies":[{"name":"wp","href":"https:\/\/api.w.org\/{rel}","templated":true}]}}