{"id":81704,"date":"2019-04-03T08:21:02","date_gmt":"2019-04-03T08:21:02","guid":{"rendered":"http:\/\/tisal.ba\/?post_type=product&#038;p=81704"},"modified":"2020-05-09T13:42:19","modified_gmt":"2020-05-09T11:42:19","slug":"glanz-ljetni-1l-sredstvo-za-pranje-vjetrobranskog-stakla","status":"publish","type":"product","link":"https:\/\/tisal.ba\/index.php\/product\/glanz-ljetni-1l-sredstvo-za-pranje-vjetrobranskog-stakla\/","title":{"rendered":"Auto Glanz &#8211; sredstvo za \u010di\u0161\u0107enje vjetrobranskog stakla u ljetnim uslovima"},"content":{"rendered":"","protected":false},"excerpt":{"rendered":"<blockquote><p><strong>PAKOVANJE: 1 L<\/strong><\/p><\/blockquote>\n<p>Auto Glanz sredstvo za pranje staklenih povr\u0161ina motornih vozila i za\u0161titu od smrzavanja, ugodnog mirisa. Osigurava odli\u010dnu vidljivost, \u010disti staklene povr\u0161ine od mrlja anorganskog i organskog porijekla, a posebno odstranjuje ostatke insekata. <strong>Ne sadr\u017ei metanol<\/strong>. Bez fosfata.<\/p>\n<p><strong>NA\u010cIN UPOTREBE:<\/strong> sredstvo direktno sipati iz boce u rezervoar za pranje vjetrobranskog stakla.<\/p>\n","protected":false},"featured_media":82253,"template":"","meta":[],"product_brand":[],"product_cat":[119],"product_tag":[],"class_list":{"0":"post-81704","1":"product","2":"type-product","3":"status-publish","4":"has-post-thumbnail","6":"product_cat-glanz_auto","8":"first","9":"instock","10":"shipping-taxable","11":"product-type-simple"},"_links":{"self":[{"href":"https:\/\/tisal.ba\/index.php\/wp-json\/wp\/v2\/product\/81704","targetHints":{"allow":["GET"]}}],"collection":[{"href":"https:\/\/tisal.ba\/index.php\/wp-json\/wp\/v2\/product"}],"about":[{"href":"https:\/\/tisal.ba\/index.php\/wp-json\/wp\/v2\/types\/product"}],"wp:featuredmedia":[{"embeddable":true,"href":"https:\/\/tisal.ba\/index.php\/wp-json\/wp\/v2\/media\/82253"}],"wp:attachment":[{"href":"https:\/\/tisal.ba\/index.php\/wp-json\/wp\/v2\/media?parent=81704"}],"wp:term":[{"taxonomy":"product_brand","embeddable":true,"href":"https:\/\/tisal.ba\/index.php\/wp-json\/wp\/v2\/product_brand?post=81704"},{"taxonomy":"product_cat","embeddable":true,"href":"https:\/\/tisal.ba\/index.php\/wp-json\/wp\/v2\/product_cat?post=81704"},{"taxonomy":"product_tag","embeddable":true,"href":"https:\/\/tisal.ba\/index.php\/wp-json\/wp\/v2\/product_tag?post=81704"}],"curies":[{"name":"wp","href":"https:\/\/api.w.org\/{rel}","templated":true}]}}