{"id":81723,"date":"2019-04-03T08:46:20","date_gmt":"2019-04-03T08:46:20","guid":{"rendered":"http:\/\/tisal.ba\/?post_type=product&#038;p=81723"},"modified":"2023-07-17T15:53:16","modified_gmt":"2023-07-17T13:53:16","slug":"tisal-lavanda-sredstvo-za-ciscenje-staklenih-povrsina","status":"publish","type":"product","link":"https:\/\/tisal.ba\/index.php\/product\/tisal-lavanda-sredstvo-za-ciscenje-staklenih-povrsina\/","title":{"rendered":"Glanz Lavanda \u2013 sredstvo za \u010di\u0161\u0107enje staklenih povr\u0161ina"},"content":{"rendered":"","protected":false},"excerpt":{"rendered":"<blockquote><p><strong>PAKOVANJE: 750 mL<\/strong><\/p><\/blockquote>\n<p>Glanz Lavanda uklanja mrlje sa staklenih povr\u0161ina bez tragova. Povr\u0161ine nakon \u010di\u0161\u0107enja ostaju besprijekorno sjajne.<\/p>\n<p><strong>NA\u010cIN UPOTREBE:<\/strong> Raspr\u0161iva\u010d okrenite na poziciju ON. Raspr\u0161ite proizvod s udaljenosti od 20 cm na povr\u0161inu koju \u017eelite o\u010distiti i obri\u0161ite \u010distom suhom krpom. Ispiranje nije potrebno. Nakon svakog pranja ruke isprati u \u010distoj vodi.<\/p>\n","protected":false},"featured_media":84192,"template":"","meta":[],"product_brand":[],"product_cat":[117],"product_tag":[],"class_list":{"0":"post-81723","1":"product","2":"type-product","3":"status-publish","4":"has-post-thumbnail","6":"product_cat-glanz-ciscenje","8":"first","9":"instock","10":"shipping-taxable","11":"product-type-simple"},"_links":{"self":[{"href":"https:\/\/tisal.ba\/index.php\/wp-json\/wp\/v2\/product\/81723","targetHints":{"allow":["GET"]}}],"collection":[{"href":"https:\/\/tisal.ba\/index.php\/wp-json\/wp\/v2\/product"}],"about":[{"href":"https:\/\/tisal.ba\/index.php\/wp-json\/wp\/v2\/types\/product"}],"wp:featuredmedia":[{"embeddable":true,"href":"https:\/\/tisal.ba\/index.php\/wp-json\/wp\/v2\/media\/84192"}],"wp:attachment":[{"href":"https:\/\/tisal.ba\/index.php\/wp-json\/wp\/v2\/media?parent=81723"}],"wp:term":[{"taxonomy":"product_brand","embeddable":true,"href":"https:\/\/tisal.ba\/index.php\/wp-json\/wp\/v2\/product_brand?post=81723"},{"taxonomy":"product_cat","embeddable":true,"href":"https:\/\/tisal.ba\/index.php\/wp-json\/wp\/v2\/product_cat?post=81723"},{"taxonomy":"product_tag","embeddable":true,"href":"https:\/\/tisal.ba\/index.php\/wp-json\/wp\/v2\/product_tag?post=81723"}],"curies":[{"name":"wp","href":"https:\/\/api.w.org\/{rel}","templated":true}]}}