{"id":81731,"date":"2019-04-03T09:08:37","date_gmt":"2019-04-03T09:08:37","guid":{"rendered":"http:\/\/tisal.ba\/?post_type=product&#038;p=81731"},"modified":"2020-05-09T13:42:04","modified_gmt":"2020-05-09T11:42:04","slug":"tisal-pasta-za-ruke","status":"publish","type":"product","link":"https:\/\/tisal.ba\/index.php\/product\/tisal-pasta-za-ruke\/","title":{"rendered":"Tisal abrazivna pasta za pranje ruku"},"content":{"rendered":"","protected":false},"excerpt":{"rendered":"<blockquote><p><strong>PAKOVANJE: 400 g<\/strong><\/p><\/blockquote>\n<p>Tisal abrazivna pasta je namijenjena za efikasno pranje zaprljanih ruku. Pogodna je za radionice, industrijske pogone i doma\u0107instva. Nakon upotrebe, ruke zadr\u017eavaju svoju prirodnu vla\u017enost.<\/p>\n<p><strong>NA\u010cIN UPOTREBE:<\/strong> Na vla\u017ene ruke nanijeti malu koli\u010dinu paste, dobro istrljati zaprljane dijelove I isprati u \u010distoj vodi.<\/p>\n","protected":false},"featured_media":82921,"template":"","meta":[],"product_brand":[],"product_cat":[141],"product_tag":[],"class_list":{"0":"post-81731","1":"product","2":"type-product","3":"status-publish","4":"has-post-thumbnail","6":"product_cat-sredstva-za-ciscenje","8":"first","9":"instock","10":"shipping-taxable","11":"product-type-simple"},"_links":{"self":[{"href":"https:\/\/tisal.ba\/index.php\/wp-json\/wp\/v2\/product\/81731","targetHints":{"allow":["GET"]}}],"collection":[{"href":"https:\/\/tisal.ba\/index.php\/wp-json\/wp\/v2\/product"}],"about":[{"href":"https:\/\/tisal.ba\/index.php\/wp-json\/wp\/v2\/types\/product"}],"wp:featuredmedia":[{"embeddable":true,"href":"https:\/\/tisal.ba\/index.php\/wp-json\/wp\/v2\/media\/82921"}],"wp:attachment":[{"href":"https:\/\/tisal.ba\/index.php\/wp-json\/wp\/v2\/media?parent=81731"}],"wp:term":[{"taxonomy":"product_brand","embeddable":true,"href":"https:\/\/tisal.ba\/index.php\/wp-json\/wp\/v2\/product_brand?post=81731"},{"taxonomy":"product_cat","embeddable":true,"href":"https:\/\/tisal.ba\/index.php\/wp-json\/wp\/v2\/product_cat?post=81731"},{"taxonomy":"product_tag","embeddable":true,"href":"https:\/\/tisal.ba\/index.php\/wp-json\/wp\/v2\/product_tag?post=81731"}],"curies":[{"name":"wp","href":"https:\/\/api.w.org\/{rel}","templated":true}]}}