{"id":81736,"date":"2019-05-03T09:13:26","date_gmt":"2019-05-03T09:13:26","guid":{"rendered":"http:\/\/tisal.ba\/?post_type=product&#038;p=81736"},"modified":"2023-07-18T13:55:30","modified_gmt":"2023-07-18T11:55:30","slug":"tisal-uno","status":"publish","type":"product","link":"https:\/\/tisal.ba\/index.php\/product\/tisal-uno\/","title":{"rendered":"Glanz ProActive Uno &#8211; univerzalno sredstvo za \u010di\u0161\u0107enje"},"content":{"rendered":"","protected":false},"excerpt":{"rendered":"<blockquote><p><strong>PAKOVANJE: 750 mL<\/strong><\/p><\/blockquote>\n<p>Glanz Uno- univerzalno sredstvo za \u010di\u0161\u0107enje uklanja ne\u010disto\u0107e sa gotovo svih vrsta materijala. \u010cisti: kupaonice (kade, umivaonike, WC \u0161olje), kuhinje (pe\u0107nice, mikrovalne pe\u0107nice, posu\u0111e), \u00a0automobile (felge, motore, sjedi\u0161ta), alate, radijatore, bicikle, tkanine, sportsku obu\u0107u, tapacirani namje\u0161taj, vrtni namje\u0161taj, plastiku&#8230; Nakon \u010di\u0161\u0107enja povr\u0161ine ostaju blistave.<\/p>\n<p><strong>NA\u010cIN UPOTREBE:<\/strong> Pritiskom na ru\u010dicu raspr\u0161iva\u010da nanesite sredstvo za \u010di\u0161\u0107enje na \u017eeljenu povr\u0161inu. Obri\u0161ite dobro vla\u017enom krpom ili isperite vodom.<\/p>\n","protected":false},"featured_media":84195,"template":"","meta":[],"product_brand":[],"product_cat":[117],"product_tag":[],"class_list":{"0":"post-81736","1":"product","2":"type-product","3":"status-publish","4":"has-post-thumbnail","6":"product_cat-glanz-ciscenje","8":"first","9":"instock","10":"shipping-taxable","11":"product-type-simple"},"_links":{"self":[{"href":"https:\/\/tisal.ba\/index.php\/wp-json\/wp\/v2\/product\/81736","targetHints":{"allow":["GET"]}}],"collection":[{"href":"https:\/\/tisal.ba\/index.php\/wp-json\/wp\/v2\/product"}],"about":[{"href":"https:\/\/tisal.ba\/index.php\/wp-json\/wp\/v2\/types\/product"}],"wp:featuredmedia":[{"embeddable":true,"href":"https:\/\/tisal.ba\/index.php\/wp-json\/wp\/v2\/media\/84195"}],"wp:attachment":[{"href":"https:\/\/tisal.ba\/index.php\/wp-json\/wp\/v2\/media?parent=81736"}],"wp:term":[{"taxonomy":"product_brand","embeddable":true,"href":"https:\/\/tisal.ba\/index.php\/wp-json\/wp\/v2\/product_brand?post=81736"},{"taxonomy":"product_cat","embeddable":true,"href":"https:\/\/tisal.ba\/index.php\/wp-json\/wp\/v2\/product_cat?post=81736"},{"taxonomy":"product_tag","embeddable":true,"href":"https:\/\/tisal.ba\/index.php\/wp-json\/wp\/v2\/product_tag?post=81736"}],"curies":[{"name":"wp","href":"https:\/\/api.w.org\/{rel}","templated":true}]}}