{"id":81737,"date":"2019-04-03T09:34:48","date_gmt":"2019-04-03T09:34:48","guid":{"rendered":"http:\/\/tisal.ba\/?post_type=product&#038;p=81737"},"modified":"2020-05-09T13:41:52","modified_gmt":"2020-05-09T11:41:52","slug":"citral-deterdzent-za-posude-limun-500ml","status":"publish","type":"product","link":"https:\/\/tisal.ba\/index.php\/product\/citral-deterdzent-za-posude-limun-500ml\/","title":{"rendered":"Citral Limun \u2013 deterd\u017eent za ru\u010dno pranje  posu\u0111a"},"content":{"rendered":"","protected":false},"excerpt":{"rendered":"<blockquote><p><strong>PAKOVANJA: 500 mL, 1 L, 2 L, 5 L<\/strong><\/p><\/blockquote>\n<p>Sredstvo za ru\u010dno pranje posu\u0111a s osvje\u017eavaju\u0107im mirisom limuna. Citral je sinonim za kategoriju sredstava za ru\u010dno pranje posu\u0111a zbog svojih izvrsnih svojstava pjenjenja, odma\u0161\u0107ivanja i pranja bez obzira na tvrdo\u0107u vode. Dermatolo\u0161ki testirano.<\/p>\n<p><strong>NA\u010cIN UPOTREBE:<\/strong> 4 ml deterd\u017eenta dodati u 5 l vode ili direktno na spu\u017evicu. Oprano posu\u0111e isperite \u010distom vodom. Nakon svakog pranja ruke isprati u \u010distoj vodi.<\/p>\n","protected":false},"featured_media":82268,"template":"","meta":[],"product_brand":[],"product_cat":[108,142],"product_tag":[],"class_list":{"0":"post-81737","1":"product","2":"type-product","3":"status-publish","4":"has-post-thumbnail","6":"product_cat-citral","7":"product_cat-sredstva-za-rucno-pranje-posuda","9":"first","10":"instock","11":"shipping-taxable","12":"product-type-simple"},"_links":{"self":[{"href":"https:\/\/tisal.ba\/index.php\/wp-json\/wp\/v2\/product\/81737","targetHints":{"allow":["GET"]}}],"collection":[{"href":"https:\/\/tisal.ba\/index.php\/wp-json\/wp\/v2\/product"}],"about":[{"href":"https:\/\/tisal.ba\/index.php\/wp-json\/wp\/v2\/types\/product"}],"wp:featuredmedia":[{"embeddable":true,"href":"https:\/\/tisal.ba\/index.php\/wp-json\/wp\/v2\/media\/82268"}],"wp:attachment":[{"href":"https:\/\/tisal.ba\/index.php\/wp-json\/wp\/v2\/media?parent=81737"}],"wp:term":[{"taxonomy":"product_brand","embeddable":true,"href":"https:\/\/tisal.ba\/index.php\/wp-json\/wp\/v2\/product_brand?post=81737"},{"taxonomy":"product_cat","embeddable":true,"href":"https:\/\/tisal.ba\/index.php\/wp-json\/wp\/v2\/product_cat?post=81737"},{"taxonomy":"product_tag","embeddable":true,"href":"https:\/\/tisal.ba\/index.php\/wp-json\/wp\/v2\/product_tag?post=81737"}],"curies":[{"name":"wp","href":"https:\/\/api.w.org\/{rel}","templated":true}]}}