{"id":81779,"date":"2019-04-03T10:26:17","date_gmt":"2019-04-03T10:26:17","guid":{"rendered":"http:\/\/tisal.ba\/?post_type=product&#038;p=81779"},"modified":"2023-07-17T15:18:48","modified_gmt":"2023-07-17T13:18:48","slug":"lilla-omeksivac-zara-1l","status":"publish","type":"product","link":"https:\/\/tisal.ba\/index.php\/product\/lilla-omeksivac-zara-1l\/","title":{"rendered":"Lilla Zara \u2013 omek\u0161iva\u010d rublja"},"content":{"rendered":"","protected":false},"excerpt":{"rendered":"<blockquote><p><strong>PAKOVANJA: 1 L, 2,7 L<br \/>\n<\/strong><\/p><\/blockquote>\n<p>Omek\u0161iva\u010di za rublje su proizvodi namijenjeni omek\u0161avanju, odr\u017eavanju i osvje\u017eavanju odje\u0107e i tkanina. Olak\u0161ava gla\u010danje\/peglanje i rublju daje prijatan miris i meko\u0107u. Inkapsulirani mirisi u Lilla omek\u0161iva\u010du na novi na\u010din osloba\u0111aju miris na rublju, a puni efekat se osje\u0107a pri dodiru ili u kontaktu sa tkaninom i produ\u017eava dugotrajni efekt svje\u017eine.<\/p>\n<p><strong>NA\u010cIN UPOTREBE:<\/strong> Omek\u0161iva\u010d dozirajte direktno u dozirnu posudicu perilice rublja prije posljednjeg ispiranja i ne nanositi direktno na rublje.<\/p>\n","protected":false},"featured_media":84186,"template":"","meta":[],"product_brand":[],"product_cat":[106],"product_tag":[],"class_list":{"0":"post-81779","1":"product","2":"type-product","3":"status-publish","4":"has-post-thumbnail","6":"product_cat-lilla","8":"first","9":"instock","10":"shipping-taxable","11":"product-type-simple"},"_links":{"self":[{"href":"https:\/\/tisal.ba\/index.php\/wp-json\/wp\/v2\/product\/81779","targetHints":{"allow":["GET"]}}],"collection":[{"href":"https:\/\/tisal.ba\/index.php\/wp-json\/wp\/v2\/product"}],"about":[{"href":"https:\/\/tisal.ba\/index.php\/wp-json\/wp\/v2\/types\/product"}],"wp:featuredmedia":[{"embeddable":true,"href":"https:\/\/tisal.ba\/index.php\/wp-json\/wp\/v2\/media\/84186"}],"wp:attachment":[{"href":"https:\/\/tisal.ba\/index.php\/wp-json\/wp\/v2\/media?parent=81779"}],"wp:term":[{"taxonomy":"product_brand","embeddable":true,"href":"https:\/\/tisal.ba\/index.php\/wp-json\/wp\/v2\/product_brand?post=81779"},{"taxonomy":"product_cat","embeddable":true,"href":"https:\/\/tisal.ba\/index.php\/wp-json\/wp\/v2\/product_cat?post=81779"},{"taxonomy":"product_tag","embeddable":true,"href":"https:\/\/tisal.ba\/index.php\/wp-json\/wp\/v2\/product_tag?post=81779"}],"curies":[{"name":"wp","href":"https:\/\/api.w.org\/{rel}","templated":true}]}}