{"id":81807,"date":"2019-04-03T10:36:07","date_gmt":"2019-04-03T10:36:07","guid":{"rendered":"http:\/\/tisal.ba\/?post_type=product&#038;p=81807"},"modified":"2020-05-09T13:39:25","modified_gmt":"2020-05-09T11:39:25","slug":"lilla-stirka-500ml","status":"publish","type":"product","link":"https:\/\/tisal.ba\/index.php\/product\/lilla-stirka-500ml\/","title":{"rendered":"Lilla \u0161tirka"},"content":{"rendered":"","protected":false},"excerpt":{"rendered":"<blockquote><p><strong>PAKOVANJA: 500 mL, 1 L<\/strong><\/p><\/blockquote>\n<p>Sredstvo za \u0161tirkanje rublja vlaknu daje \u010dvrsto\u0107u i sjaj. Olak\u0161ava gla\u010danje.<\/p>\n<p><strong>NA\u010cIN UPOTREBE:<\/strong> kod ru\u010dnog \u0161tirkanja dodajte po jednu ka\u0161iku \u0161tirke na jednu litru vode. Rublje natopiit, ocijediti i osu\u0161iti. Kod ma\u0161inskog \u0161tirkanja koli\u010dinu \u0161tirke prilagodite koli\u010dini vode prilikom zadnjeg ispitanja.<\/p>\n","protected":false},"featured_media":82300,"template":"","meta":[],"product_brand":[],"product_cat":[138],"product_tag":[],"class_list":{"0":"post-81807","1":"product","2":"type-product","3":"status-publish","4":"has-post-thumbnail","6":"product_cat-stirka","8":"first","9":"instock","10":"shipping-taxable","11":"product-type-simple"},"_links":{"self":[{"href":"https:\/\/tisal.ba\/index.php\/wp-json\/wp\/v2\/product\/81807","targetHints":{"allow":["GET"]}}],"collection":[{"href":"https:\/\/tisal.ba\/index.php\/wp-json\/wp\/v2\/product"}],"about":[{"href":"https:\/\/tisal.ba\/index.php\/wp-json\/wp\/v2\/types\/product"}],"wp:featuredmedia":[{"embeddable":true,"href":"https:\/\/tisal.ba\/index.php\/wp-json\/wp\/v2\/media\/82300"}],"wp:attachment":[{"href":"https:\/\/tisal.ba\/index.php\/wp-json\/wp\/v2\/media?parent=81807"}],"wp:term":[{"taxonomy":"product_brand","embeddable":true,"href":"https:\/\/tisal.ba\/index.php\/wp-json\/wp\/v2\/product_brand?post=81807"},{"taxonomy":"product_cat","embeddable":true,"href":"https:\/\/tisal.ba\/index.php\/wp-json\/wp\/v2\/product_cat?post=81807"},{"taxonomy":"product_tag","embeddable":true,"href":"https:\/\/tisal.ba\/index.php\/wp-json\/wp\/v2\/product_tag?post=81807"}],"curies":[{"name":"wp","href":"https:\/\/api.w.org\/{rel}","templated":true}]}}