{"id":81847,"date":"2019-04-03T13:02:18","date_gmt":"2019-04-03T13:02:18","guid":{"rendered":"http:\/\/tisal.ba\/?post_type=product&#038;p=81847"},"modified":"2020-05-09T13:39:17","modified_gmt":"2020-05-09T11:39:17","slug":"ella-tekuci-sapun-aroma-therapy-500ml","status":"publish","type":"product","link":"https:\/\/tisal.ba\/index.php\/product\/ella-tekuci-sapun-aroma-therapy-500ml\/","title":{"rendered":"Ella Aroma Theraphy \u2013 teku\u0107i sapun"},"content":{"rendered":"","protected":false},"excerpt":{"rendered":"<blockquote><p><strong>PAKOVANJA: 500 mL, 1 L<\/strong><\/p><\/blockquote>\n<p>Sprje\u010dava iritaciju ko\u017ee te je \u010dini hidratiziranom a nakon pranja izuzetno bar\u0161unastom i mekanom.<\/p>\n<p>Prijatan miris se dugo zadr\u017eava na Va\u0161oj ko\u017ei.<\/p>\n<p>pH neutralan.<\/p>\n<p><strong>NA\u010cIN UPOTREBE:<\/strong> Pomo\u0107u pumpice za doziranje teku\u0107i sapun nanijeti na ruke, navla\u017eiti vodom, istrljati i isprati \u010distom vodom.<\/p>\n","protected":false},"featured_media":82301,"template":"","meta":[],"product_brand":[],"product_cat":[121],"product_tag":[],"class_list":{"0":"post-81847","1":"product","2":"type-product","3":"status-publish","4":"has-post-thumbnail","6":"product_cat-ella-sapuni","8":"first","9":"instock","10":"shipping-taxable","11":"product-type-simple"},"_links":{"self":[{"href":"https:\/\/tisal.ba\/index.php\/wp-json\/wp\/v2\/product\/81847","targetHints":{"allow":["GET"]}}],"collection":[{"href":"https:\/\/tisal.ba\/index.php\/wp-json\/wp\/v2\/product"}],"about":[{"href":"https:\/\/tisal.ba\/index.php\/wp-json\/wp\/v2\/types\/product"}],"wp:featuredmedia":[{"embeddable":true,"href":"https:\/\/tisal.ba\/index.php\/wp-json\/wp\/v2\/media\/82301"}],"wp:attachment":[{"href":"https:\/\/tisal.ba\/index.php\/wp-json\/wp\/v2\/media?parent=81847"}],"wp:term":[{"taxonomy":"product_brand","embeddable":true,"href":"https:\/\/tisal.ba\/index.php\/wp-json\/wp\/v2\/product_brand?post=81847"},{"taxonomy":"product_cat","embeddable":true,"href":"https:\/\/tisal.ba\/index.php\/wp-json\/wp\/v2\/product_cat?post=81847"},{"taxonomy":"product_tag","embeddable":true,"href":"https:\/\/tisal.ba\/index.php\/wp-json\/wp\/v2\/product_tag?post=81847"}],"curies":[{"name":"wp","href":"https:\/\/api.w.org\/{rel}","templated":true}]}}