{"id":81873,"date":"2019-04-03T13:28:23","date_gmt":"2019-04-03T13:28:23","guid":{"rendered":"http:\/\/tisal.ba\/?post_type=product&#038;p=81873"},"modified":"2021-06-24T14:36:55","modified_gmt":"2021-06-24T12:36:55","slug":"ella-sampon-argan","status":"publish","type":"product","link":"https:\/\/tisal.ba\/index.php\/product\/ella-sampon-argan\/","title":{"rendered":"Ella Argan \u2013 \u0161ampon za kosu"},"content":{"rendered":"","protected":false},"excerpt":{"rendered":"<blockquote><p><strong>PAKOVANJE: 250 mL, 1 L<\/strong><\/p><\/blockquote>\n<p>Redovnom upotrebom \u0161ampona za kosu na bazi ulja ARGANA posti\u017eemo efekte:<\/p>\n<p>&#8211; regeneraciju vlasi\u0161ta od korijena do vrhova;<\/p>\n<p>&#8211; hrani kosu i dalje joj sjaj;<\/p>\n<p>&#8211; njeguje ispucale vrhove;<\/p>\n<p>&#8211; \u0161titi kosu od vjetra, fena i hladno\u0107e;<\/p>\n<p>&#8211; poma\u017ee u ra\u0161\u010de\u0161ljavanju kose;<\/p>\n<p>&#8211; spre\u010dava nastajanje peruti;<\/p>\n<p>&#8211; poti\u010de rast kose;<\/p>\n","protected":false},"featured_media":83808,"template":"","meta":[],"product_brand":[],"product_cat":[122],"product_tag":[],"class_list":{"0":"post-81873","1":"product","2":"type-product","3":"status-publish","4":"has-post-thumbnail","6":"product_cat-ella-za-kosu","8":"first","9":"instock","10":"shipping-taxable","11":"product-type-simple"},"_links":{"self":[{"href":"https:\/\/tisal.ba\/index.php\/wp-json\/wp\/v2\/product\/81873","targetHints":{"allow":["GET"]}}],"collection":[{"href":"https:\/\/tisal.ba\/index.php\/wp-json\/wp\/v2\/product"}],"about":[{"href":"https:\/\/tisal.ba\/index.php\/wp-json\/wp\/v2\/types\/product"}],"wp:featuredmedia":[{"embeddable":true,"href":"https:\/\/tisal.ba\/index.php\/wp-json\/wp\/v2\/media\/83808"}],"wp:attachment":[{"href":"https:\/\/tisal.ba\/index.php\/wp-json\/wp\/v2\/media?parent=81873"}],"wp:term":[{"taxonomy":"product_brand","embeddable":true,"href":"https:\/\/tisal.ba\/index.php\/wp-json\/wp\/v2\/product_brand?post=81873"},{"taxonomy":"product_cat","embeddable":true,"href":"https:\/\/tisal.ba\/index.php\/wp-json\/wp\/v2\/product_cat?post=81873"},{"taxonomy":"product_tag","embeddable":true,"href":"https:\/\/tisal.ba\/index.php\/wp-json\/wp\/v2\/product_tag?post=81873"}],"curies":[{"name":"wp","href":"https:\/\/api.w.org\/{rel}","templated":true}]}}