{"id":81875,"date":"2019-04-03T13:54:26","date_gmt":"2019-04-03T13:54:26","guid":{"rendered":"http:\/\/tisal.ba\/?post_type=product&#038;p=81875"},"modified":"2021-06-24T14:56:31","modified_gmt":"2021-06-24T12:56:31","slug":"ella-sampon-cesnjak","status":"publish","type":"product","link":"https:\/\/tisal.ba\/index.php\/product\/ella-sampon-cesnjak\/","title":{"rendered":"Ella \u010ce\u0161njak \u2013 \u0161ampon za kosu"},"content":{"rendered":"","protected":false},"excerpt":{"rendered":"<p><strong>PAKOVANJE: 250 mL, 1 L<\/strong><\/p>\n<p>Redovnom upotrebom \u0161ampona za kosu na bazi prirodnog \u010de\u0161njaka posti\u017eemo efekte:<\/p>\n<p>&#8211; ja\u010da korjen kose te smanjuje njeno ispadanje;<\/p>\n<p>&#8211; smiruje osjetljivo vlasi\u0161te i spre\u010dava nastanak peruti;<\/p>\n<p>&#8211; stimuli\u0161e rast i obnavljanje kose;<\/p>\n<p>&#8211; kosu \u010dini zdravom, sjajnom i za\u0161ti\u0107enom;<\/p>\n<p>&#8211; kosi pru\u017ea dodatni volumen;<\/p>\n<p><strong>NA\u010cIN UPOTREBE:<\/strong> Nanesite na mokru kosu, utrljajte i isperite.<\/p>\n","protected":false},"featured_media":83813,"template":"","meta":[],"product_brand":[],"product_cat":[122],"product_tag":[],"class_list":{"0":"post-81875","1":"product","2":"type-product","3":"status-publish","4":"has-post-thumbnail","6":"product_cat-ella-za-kosu","8":"first","9":"instock","10":"shipping-taxable","11":"product-type-simple"},"_links":{"self":[{"href":"https:\/\/tisal.ba\/index.php\/wp-json\/wp\/v2\/product\/81875","targetHints":{"allow":["GET"]}}],"collection":[{"href":"https:\/\/tisal.ba\/index.php\/wp-json\/wp\/v2\/product"}],"about":[{"href":"https:\/\/tisal.ba\/index.php\/wp-json\/wp\/v2\/types\/product"}],"wp:featuredmedia":[{"embeddable":true,"href":"https:\/\/tisal.ba\/index.php\/wp-json\/wp\/v2\/media\/83813"}],"wp:attachment":[{"href":"https:\/\/tisal.ba\/index.php\/wp-json\/wp\/v2\/media?parent=81875"}],"wp:term":[{"taxonomy":"product_brand","embeddable":true,"href":"https:\/\/tisal.ba\/index.php\/wp-json\/wp\/v2\/product_brand?post=81875"},{"taxonomy":"product_cat","embeddable":true,"href":"https:\/\/tisal.ba\/index.php\/wp-json\/wp\/v2\/product_cat?post=81875"},{"taxonomy":"product_tag","embeddable":true,"href":"https:\/\/tisal.ba\/index.php\/wp-json\/wp\/v2\/product_tag?post=81875"}],"curies":[{"name":"wp","href":"https:\/\/api.w.org\/{rel}","templated":true}]}}