{"id":81877,"date":"2019-04-03T13:54:56","date_gmt":"2019-04-03T13:54:56","guid":{"rendered":"http:\/\/tisal.ba\/?post_type=product&#038;p=81877"},"modified":"2021-06-24T14:52:58","modified_gmt":"2021-06-24T12:52:58","slug":"ella-sampon-breskva","status":"publish","type":"product","link":"https:\/\/tisal.ba\/index.php\/product\/ella-sampon-breskva\/","title":{"rendered":"Ella Breskva \u2013 \u0161ampon za kosu"},"content":{"rendered":"","protected":false},"excerpt":{"rendered":"<blockquote><p><strong>PAKOVANJE: 250 mL, 1 L<\/strong><\/p><\/blockquote>\n<p>Blagi \u0161ampon za kosu sa\u00a0 mirisom breskve preporu\u010dujemo za svakodnevnu upotrebu.<br \/>\nNje\u017ean i lagan \u0161ampon koji po\u0161tuje prirodnu ravnote\u017eu kose i \u010dini je sjajnom, zdravom i svilenkastom.<br \/>\nSvojom formulacijom Ella Breskva\u00a0 \u0161ampon za kosu je namijenjen za sve tipove kose kao i za cijelu obitelj.<\/p>\n<p><strong>NA\u010cIN UPOTREBE:<\/strong> Nanesite na mokru kosu, utrljajte i isperite.<\/p>\n","protected":false},"featured_media":83811,"template":"","meta":[],"product_brand":[],"product_cat":[122],"product_tag":[],"class_list":{"0":"post-81877","1":"product","2":"type-product","3":"status-publish","4":"has-post-thumbnail","6":"product_cat-ella-za-kosu","8":"first","9":"instock","10":"shipping-taxable","11":"product-type-simple"},"_links":{"self":[{"href":"https:\/\/tisal.ba\/index.php\/wp-json\/wp\/v2\/product\/81877","targetHints":{"allow":["GET"]}}],"collection":[{"href":"https:\/\/tisal.ba\/index.php\/wp-json\/wp\/v2\/product"}],"about":[{"href":"https:\/\/tisal.ba\/index.php\/wp-json\/wp\/v2\/types\/product"}],"wp:featuredmedia":[{"embeddable":true,"href":"https:\/\/tisal.ba\/index.php\/wp-json\/wp\/v2\/media\/83811"}],"wp:attachment":[{"href":"https:\/\/tisal.ba\/index.php\/wp-json\/wp\/v2\/media?parent=81877"}],"wp:term":[{"taxonomy":"product_brand","embeddable":true,"href":"https:\/\/tisal.ba\/index.php\/wp-json\/wp\/v2\/product_brand?post=81877"},{"taxonomy":"product_cat","embeddable":true,"href":"https:\/\/tisal.ba\/index.php\/wp-json\/wp\/v2\/product_cat?post=81877"},{"taxonomy":"product_tag","embeddable":true,"href":"https:\/\/tisal.ba\/index.php\/wp-json\/wp\/v2\/product_tag?post=81877"}],"curies":[{"name":"wp","href":"https:\/\/api.w.org\/{rel}","templated":true}]}}