{"id":81879,"date":"2019-04-03T13:55:30","date_gmt":"2019-04-03T13:55:30","guid":{"rendered":"http:\/\/tisal.ba\/?post_type=product&#038;p=81879"},"modified":"2021-06-24T15:04:40","modified_gmt":"2021-06-24T13:04:40","slug":"ella-sampon-kopriva","status":"publish","type":"product","link":"https:\/\/tisal.ba\/index.php\/product\/ella-sampon-kopriva\/","title":{"rendered":"Ella Kopriva \u2013 \u0161ampon za kosu"},"content":{"rendered":"","protected":false},"excerpt":{"rendered":"<blockquote><p><strong>PAKOVANJE: 250 mL, 1 L<\/strong><\/p><\/blockquote>\n<p>Blagi \u0161ampon za kosu sa\u00a0 mirisom koprive preporu\u010dujemo u svakodnevnoj upotrebi.<br \/>\nOmogu\u0107ava lako ra\u0161\u010de\u0161ljavanje, a redovnom upotrebom, kosi vra\u0107a sjaj i lepr\u0161avost.<br \/>\nSvojom formulacijom Ella \u0161ampon za kosu je namijenjen za sve tipove kose kao i za cijelu obitelj.<\/p>\n<p><strong><br \/>\nNA\u010cIN UPOTREBE:<\/strong> Nanesite na mokru kosu, utrljajte i isperite.<\/p>\n","protected":false},"featured_media":83817,"template":"","meta":[],"product_brand":[],"product_cat":[122],"product_tag":[],"class_list":{"0":"post-81879","1":"product","2":"type-product","3":"status-publish","4":"has-post-thumbnail","6":"product_cat-ella-za-kosu","8":"first","9":"instock","10":"shipping-taxable","11":"product-type-simple"},"_links":{"self":[{"href":"https:\/\/tisal.ba\/index.php\/wp-json\/wp\/v2\/product\/81879","targetHints":{"allow":["GET"]}}],"collection":[{"href":"https:\/\/tisal.ba\/index.php\/wp-json\/wp\/v2\/product"}],"about":[{"href":"https:\/\/tisal.ba\/index.php\/wp-json\/wp\/v2\/types\/product"}],"wp:featuredmedia":[{"embeddable":true,"href":"https:\/\/tisal.ba\/index.php\/wp-json\/wp\/v2\/media\/83817"}],"wp:attachment":[{"href":"https:\/\/tisal.ba\/index.php\/wp-json\/wp\/v2\/media?parent=81879"}],"wp:term":[{"taxonomy":"product_brand","embeddable":true,"href":"https:\/\/tisal.ba\/index.php\/wp-json\/wp\/v2\/product_brand?post=81879"},{"taxonomy":"product_cat","embeddable":true,"href":"https:\/\/tisal.ba\/index.php\/wp-json\/wp\/v2\/product_cat?post=81879"},{"taxonomy":"product_tag","embeddable":true,"href":"https:\/\/tisal.ba\/index.php\/wp-json\/wp\/v2\/product_tag?post=81879"}],"curies":[{"name":"wp","href":"https:\/\/api.w.org\/{rel}","templated":true}]}}