{"id":81883,"date":"2019-04-03T13:56:40","date_gmt":"2019-04-03T13:56:40","guid":{"rendered":"http:\/\/tisal.ba\/?post_type=product&#038;p=81883"},"modified":"2021-06-24T15:07:24","modified_gmt":"2021-06-24T13:07:24","slug":"ella-sampon-breskva-250ml","status":"publish","type":"product","link":"https:\/\/tisal.ba\/index.php\/product\/ella-sampon-breskva-250ml\/","title":{"rendered":"Ella Lavanda \u2013 \u0161ampon za kosu i tijelo"},"content":{"rendered":"","protected":false},"excerpt":{"rendered":"<blockquote><p><strong>PAKOVANJE: 250 mL, 1 L<\/strong><\/p><\/blockquote>\n<p>Blagi \u0161ampon za kosu sa osvje\u017eavaju\u0107im mirisom cvijeta lavande pogodan je za svakodnevnu upotrebu.<br \/>\nLavanda djeluje protuupalno te pobolj\u0161ava cirkulaciju vlasi\u0161ta kose. Poti\u010de rast i ja\u010da korijen dlake.<br \/>\nSvojom formulacijom Ella \u0161ampon za kosu je namjenjen za sve tipove kose kao i za tijelo cijele obitelji.<\/p>\n<p><strong>NA\u010cIN UPOTREBE:<\/strong> Nanesite na mokru kosu i tijelo stvaraju\u0107i bogatu pjenu, utrljajte i isperite.<\/p>\n","protected":false},"featured_media":83819,"template":"","meta":[],"product_brand":[],"product_cat":[122],"product_tag":[],"class_list":{"0":"post-81883","1":"product","2":"type-product","3":"status-publish","4":"has-post-thumbnail","6":"product_cat-ella-za-kosu","8":"first","9":"instock","10":"shipping-taxable","11":"product-type-simple"},"_links":{"self":[{"href":"https:\/\/tisal.ba\/index.php\/wp-json\/wp\/v2\/product\/81883","targetHints":{"allow":["GET"]}}],"collection":[{"href":"https:\/\/tisal.ba\/index.php\/wp-json\/wp\/v2\/product"}],"about":[{"href":"https:\/\/tisal.ba\/index.php\/wp-json\/wp\/v2\/types\/product"}],"wp:featuredmedia":[{"embeddable":true,"href":"https:\/\/tisal.ba\/index.php\/wp-json\/wp\/v2\/media\/83819"}],"wp:attachment":[{"href":"https:\/\/tisal.ba\/index.php\/wp-json\/wp\/v2\/media?parent=81883"}],"wp:term":[{"taxonomy":"product_brand","embeddable":true,"href":"https:\/\/tisal.ba\/index.php\/wp-json\/wp\/v2\/product_brand?post=81883"},{"taxonomy":"product_cat","embeddable":true,"href":"https:\/\/tisal.ba\/index.php\/wp-json\/wp\/v2\/product_cat?post=81883"},{"taxonomy":"product_tag","embeddable":true,"href":"https:\/\/tisal.ba\/index.php\/wp-json\/wp\/v2\/product_tag?post=81883"}],"curies":[{"name":"wp","href":"https:\/\/api.w.org\/{rel}","templated":true}]}}