{"id":81898,"date":"2019-04-03T14:08:02","date_gmt":"2019-04-03T14:08:02","guid":{"rendered":"http:\/\/tisal.ba\/?post_type=product&#038;p=81898"},"modified":"2020-05-09T13:36:17","modified_gmt":"2020-05-09T11:36:17","slug":"ella-regenerator-professional","status":"publish","type":"product","link":"https:\/\/tisal.ba\/index.php\/product\/ella-regenerator-professional\/","title":{"rendered":"Ella Professional \u2013 regenerator za kosu"},"content":{"rendered":"","protected":false},"excerpt":{"rendered":"<blockquote><p><strong>PAKOVANJE: 400mL, 500 mL, 1 L<\/strong><\/p><\/blockquote>\n<p>\u0160ampon zapravo samo \u010disti kosu, dok joj regenerator daje elemente koji je \u0161tite i uljep\u0161avaju. Oni smanjuju naticanje kutikula te oblikuju \u010dvrst sloj bez rupica ili povi\u0161enih kutikula. Vlas je sada spremna za oblikovanje i izdr\u017eat \u0107e dan bez velikih o\u0161te\u0107enja. Odgovaraju\u0107e njegovana kosa podatna je i zadr\u017eava svoju vla\u017enost kako bi o\u010daravaju\u0107e blistala.<\/p>\n<p>Dermatolo\u0161ki testirano.<\/p>\n<p><strong>NA\u010cIN UPOTREBE:<\/strong> Regenerator nanijeti na opranu i vla\u017enu kosu i ravnomjerno ga rasporediti. Nje\u017eno i lagano utrljati i ostaviti da djeluje 1-2 min. Kosu isprati \u010distom vodom.<\/p>\n","protected":false},"featured_media":83168,"template":"","meta":[],"product_brand":[],"product_cat":[122],"product_tag":[],"class_list":{"0":"post-81898","1":"product","2":"type-product","3":"status-publish","4":"has-post-thumbnail","6":"product_cat-ella-za-kosu","8":"first","9":"instock","10":"shipping-taxable","11":"product-type-simple"},"_links":{"self":[{"href":"https:\/\/tisal.ba\/index.php\/wp-json\/wp\/v2\/product\/81898","targetHints":{"allow":["GET"]}}],"collection":[{"href":"https:\/\/tisal.ba\/index.php\/wp-json\/wp\/v2\/product"}],"about":[{"href":"https:\/\/tisal.ba\/index.php\/wp-json\/wp\/v2\/types\/product"}],"wp:featuredmedia":[{"embeddable":true,"href":"https:\/\/tisal.ba\/index.php\/wp-json\/wp\/v2\/media\/83168"}],"wp:attachment":[{"href":"https:\/\/tisal.ba\/index.php\/wp-json\/wp\/v2\/media?parent=81898"}],"wp:term":[{"taxonomy":"product_brand","embeddable":true,"href":"https:\/\/tisal.ba\/index.php\/wp-json\/wp\/v2\/product_brand?post=81898"},{"taxonomy":"product_cat","embeddable":true,"href":"https:\/\/tisal.ba\/index.php\/wp-json\/wp\/v2\/product_cat?post=81898"},{"taxonomy":"product_tag","embeddable":true,"href":"https:\/\/tisal.ba\/index.php\/wp-json\/wp\/v2\/product_tag?post=81898"}],"curies":[{"name":"wp","href":"https:\/\/api.w.org\/{rel}","templated":true}]}}