{"id":81905,"date":"2019-04-04T07:29:26","date_gmt":"2019-04-04T07:29:26","guid":{"rendered":"http:\/\/tisal.ba\/?post_type=product&#038;p=81905"},"modified":"2023-07-17T15:41:32","modified_gmt":"2023-07-17T13:41:32","slug":"orahovo-ulje-za-kosu","status":"publish","type":"product","link":"https:\/\/tisal.ba\/index.php\/product\/orahovo-ulje-za-kosu\/","title":{"rendered":"Ella \u2013 Orahovo i \u010ci\u010dkovo ulje"},"content":{"rendered":"","protected":false},"excerpt":{"rendered":"<blockquote><p><strong>PAKOVANJE: 50 mL<\/strong><\/p><\/blockquote>\n<p>Orahovo i \u010di\u010dkovo ulje njeguje va\u0161u kosu i daje joj sjaj. Sprje\u010davaju o\u0161te\u0107enja i suho\u0107u kose.<\/p>\n<p><strong>NA\u010cIN UPOTREBE:<\/strong> Ulje razma\u017eite me\u0111u dlanovima, te jednostavno nanesite na kosu. Nakon pro\u010de\u0161ljavanja kosa ostaje njegovana i sjajna.<\/p>\n","protected":false},"featured_media":84190,"template":"","meta":[],"product_brand":[],"product_cat":[122],"product_tag":[],"class_list":{"0":"post-81905","1":"product","2":"type-product","3":"status-publish","4":"has-post-thumbnail","6":"product_cat-ella-za-kosu","8":"first","9":"instock","10":"shipping-taxable","11":"product-type-simple"},"_links":{"self":[{"href":"https:\/\/tisal.ba\/index.php\/wp-json\/wp\/v2\/product\/81905","targetHints":{"allow":["GET"]}}],"collection":[{"href":"https:\/\/tisal.ba\/index.php\/wp-json\/wp\/v2\/product"}],"about":[{"href":"https:\/\/tisal.ba\/index.php\/wp-json\/wp\/v2\/types\/product"}],"wp:featuredmedia":[{"embeddable":true,"href":"https:\/\/tisal.ba\/index.php\/wp-json\/wp\/v2\/media\/84190"}],"wp:attachment":[{"href":"https:\/\/tisal.ba\/index.php\/wp-json\/wp\/v2\/media?parent=81905"}],"wp:term":[{"taxonomy":"product_brand","embeddable":true,"href":"https:\/\/tisal.ba\/index.php\/wp-json\/wp\/v2\/product_brand?post=81905"},{"taxonomy":"product_cat","embeddable":true,"href":"https:\/\/tisal.ba\/index.php\/wp-json\/wp\/v2\/product_cat?post=81905"},{"taxonomy":"product_tag","embeddable":true,"href":"https:\/\/tisal.ba\/index.php\/wp-json\/wp\/v2\/product_tag?post=81905"}],"curies":[{"name":"wp","href":"https:\/\/api.w.org\/{rel}","templated":true}]}}