{"id":82376,"date":"2019-05-13T11:52:08","date_gmt":"2019-05-13T11:52:08","guid":{"rendered":"http:\/\/tisal.ba\/?post_type=product&#038;p=82376"},"modified":"2021-04-16T13:52:17","modified_gmt":"2021-04-16T11:52:17","slug":"daily-tekuci-sapun-sumsko-voce","status":"publish","type":"product","link":"https:\/\/tisal.ba\/index.php\/product\/daily-tekuci-sapun-sumsko-voce\/","title":{"rendered":"Daily \u0160umsko vo\u0107e &#8211; teku\u0107i sapun"},"content":{"rendered":"","protected":false},"excerpt":{"rendered":"<blockquote><p><strong>PAKOVANJA: 500 mL, 1L<\/strong><\/p><\/blockquote>\n<p>Teku\u0107i sapun za ruke va\u0161u ko\u017eu ugodno omek\u0161ava i vla\u017ei. Ruke nakon pranja ostaju njegovane uz prijatan osvje\u017eavaju\u0107i miris \u0161umskog vo\u0107a.<br \/>\npH neutralan.<br \/>\nDermatolo\u0161ki testiran<\/p>\n<p><strong>NA\u010cIN UPOTREBE:<\/strong> Pomo\u0107u pumpice za doziranje manju koli\u010dinu sapuna nanijeti\/naneti na ruke, navla\u017eiti vodom, istrljati i isprati \u010distom vodom<\/p>\n","protected":false},"featured_media":83680,"template":"","meta":[],"product_brand":[],"product_cat":[140],"product_tag":[],"class_list":{"0":"post-82376","1":"product","2":"type-product","3":"status-publish","4":"has-post-thumbnail","6":"product_cat-tekuci-sapuni","8":"first","9":"instock","10":"shipping-taxable","11":"product-type-simple"},"_links":{"self":[{"href":"https:\/\/tisal.ba\/index.php\/wp-json\/wp\/v2\/product\/82376","targetHints":{"allow":["GET"]}}],"collection":[{"href":"https:\/\/tisal.ba\/index.php\/wp-json\/wp\/v2\/product"}],"about":[{"href":"https:\/\/tisal.ba\/index.php\/wp-json\/wp\/v2\/types\/product"}],"wp:featuredmedia":[{"embeddable":true,"href":"https:\/\/tisal.ba\/index.php\/wp-json\/wp\/v2\/media\/83680"}],"wp:attachment":[{"href":"https:\/\/tisal.ba\/index.php\/wp-json\/wp\/v2\/media?parent=82376"}],"wp:term":[{"taxonomy":"product_brand","embeddable":true,"href":"https:\/\/tisal.ba\/index.php\/wp-json\/wp\/v2\/product_brand?post=82376"},{"taxonomy":"product_cat","embeddable":true,"href":"https:\/\/tisal.ba\/index.php\/wp-json\/wp\/v2\/product_cat?post=82376"},{"taxonomy":"product_tag","embeddable":true,"href":"https:\/\/tisal.ba\/index.php\/wp-json\/wp\/v2\/product_tag?post=82376"}],"curies":[{"name":"wp","href":"https:\/\/api.w.org\/{rel}","templated":true}]}}