{"id":82380,"date":"2019-05-13T11:53:18","date_gmt":"2019-05-13T11:53:18","guid":{"rendered":"http:\/\/tisal.ba\/?post_type=product&#038;p=82380"},"modified":"2021-04-28T15:29:47","modified_gmt":"2021-04-28T13:29:47","slug":"daily-tekuci-sapun-antibacterial","status":"publish","type":"product","link":"https:\/\/tisal.ba\/index.php\/product\/daily-tekuci-sapun-antibacterial\/","title":{"rendered":"DAILY PLUS ANTIBACTERIAL \u2013 Teku\u0107e sredstvo za dezinfekciju ruku 0,5l"},"content":{"rendered":"","protected":false},"excerpt":{"rendered":"<blockquote><p><strong>PAKOVANJE: 500 mL<\/strong><\/p><\/blockquote>\n<p>Sredstvo za dezinfekciju opranih ruku<\/p>\n<p>Proizvod jake dezinfekcione mo\u0107i na bazi alkohola i benzalkonijum hlorida<\/p>\n<p>Ima visoku mo\u0107 dezinfekcije, uspje\u0161no reducira broj mikroorganizama s povr\u0161ine ruku i posjeduje produ\u017eeno djelovanje<\/p>\n<p>Laka, jednostavna i brza primjena<\/p>\n<p>Ne isu\u0161uje ko\u017eu, njeguje i ne ostavlja tragove<\/p>\n<p>Blagog i prijatnog mirisa<\/p>\n<p>Ruke su nakon upotrebe dezinficirane, hidratizirane i njegovane<\/p>\n<p>Koristan u doma\u0107instvu, objektima javnog zdravlja, ugostiteljstvu, hotelijerstvu, \u0161kolskim ustanovama, sportskim objektima, frizerskim i kozmeti\u010dkim salonima i sl.<\/p>\n<p>&nbsp;<\/p>\n<p>Proizvod je ispitan na efikasnost dezinfekcionog sredstva u akreditovanoj laboratoriji gdje je dokazano da ima mikrobicidno djelovanje na 8 odabranih sojeva mikroorganizama. Efikasnost mikrobicidnog djelovanja pokazuje u vremenu kra\u0107em od 1 minut.<\/p>\n<p>DAILY PLUS antibacterial &#8211; sredstvo za dezinfekciju ruku je proizvod koji je upisan u Inventar biocidnih sredstava i na osnovu toga je dobio dozvolu za slobodno plasiranje na tr\u017ei\u0161te.<\/p>\n<p><strong>Uputstvo za upotrebu:<\/strong> Okrenuti vrh raspr\u0161iva\u010da na opciju SPRAY . Na \u010diste i suhe dlanove nanijeti 1-2 ml sredstva, istrljati dlanove i podru\u010dje izme\u0111u prstiju najmanje 30 sec dok se ruke ne osu\u0161e. Ne ispirati vodom..<\/p>\n","protected":false},"featured_media":83747,"template":"","meta":[],"product_brand":[],"product_cat":[139],"product_tag":[],"class_list":{"0":"post-82380","1":"product","2":"type-product","3":"status-publish","4":"has-post-thumbnail","6":"product_cat-sredstva-za-dezinfekciju","8":"first","9":"instock","10":"shipping-taxable","11":"product-type-simple"},"_links":{"self":[{"href":"https:\/\/tisal.ba\/index.php\/wp-json\/wp\/v2\/product\/82380","targetHints":{"allow":["GET"]}}],"collection":[{"href":"https:\/\/tisal.ba\/index.php\/wp-json\/wp\/v2\/product"}],"about":[{"href":"https:\/\/tisal.ba\/index.php\/wp-json\/wp\/v2\/types\/product"}],"wp:featuredmedia":[{"embeddable":true,"href":"https:\/\/tisal.ba\/index.php\/wp-json\/wp\/v2\/media\/83747"}],"wp:attachment":[{"href":"https:\/\/tisal.ba\/index.php\/wp-json\/wp\/v2\/media?parent=82380"}],"wp:term":[{"taxonomy":"product_brand","embeddable":true,"href":"https:\/\/tisal.ba\/index.php\/wp-json\/wp\/v2\/product_brand?post=82380"},{"taxonomy":"product_cat","embeddable":true,"href":"https:\/\/tisal.ba\/index.php\/wp-json\/wp\/v2\/product_cat?post=82380"},{"taxonomy":"product_tag","embeddable":true,"href":"https:\/\/tisal.ba\/index.php\/wp-json\/wp\/v2\/product_tag?post=82380"}],"curies":[{"name":"wp","href":"https:\/\/api.w.org\/{rel}","templated":true}]}}