{"id":83115,"date":"2020-02-18T15:00:25","date_gmt":"2020-02-18T13:00:25","guid":{"rendered":"https:\/\/tisal.ba\/?post_type=product&#038;p=83115"},"modified":"2022-01-13T17:19:21","modified_gmt":"2022-01-13T15:19:21","slug":"novo-lilla-lotus-osvjezivac-tkanina-i-prostora","status":"publish","type":"product","link":"https:\/\/tisal.ba\/index.php\/product\/novo-lilla-lotus-osvjezivac-tkanina-i-prostora\/","title":{"rendered":"NOVO! Lilla Lotus \u2013 osvje\u017eiva\u010d tkanina i prostora"},"content":{"rendered":"","protected":false},"excerpt":{"rendered":"<blockquote><p><strong>PAKOVANJE: 250 mL<\/strong><\/p><\/blockquote>\n<p>Neutralizira neugodne mirise, a prostoriju ispunjava ugodnim mirisom cvijeta lotusa. Unosi osvje\u017eenje u Va\u0161 dom.<\/p>\n<p>Lilla &#8211; osvje\u017eiva\u010d tkanina i prostora daje dugotrajan miris koji se osloba\u0111a dodirom stvaraju\u0107i dodatni impuls svje\u017eine na Va\u0161im tkaninama i prostoru. Nanesite ga na Va\u0161e zavjese, jo\u0161 dugo \u0107e osvje\u017eavati prostoriju. Efikasno i jednostavno uklanja miris iz kuhinje u Va\u0161em domu.<\/p>\n<p><strong>NA\u010cIN UPOTREBE:<\/strong> protresti bocu i okrenuti raspr\u0161iva\u010d na opciju spray. Potom pritiskom na ru\u010dicu raspr\u0161iva\u010da po\u0161pricati prostor koji \u017eelite osvje\u017eiti ili odagnati neugodne mirise. Mlaz obavezno usmjeriti u zrak ili tkaninu. Lilla osvje\u017eiva\u010d mo\u017eete naprskati i na tapacirani namje\u0161taj, tepihe, automobile, radne i poslovne prostore&#8230;<\/p>\n","protected":false},"featured_media":83880,"template":"","meta":[],"product_brand":[],"product_cat":[120],"product_tag":[],"class_list":{"0":"post-83115","1":"product","2":"type-product","3":"status-publish","4":"has-post-thumbnail","6":"product_cat-lilla-osvjezivaci","8":"first","9":"instock","10":"featured","11":"shipping-taxable","12":"product-type-simple"},"_links":{"self":[{"href":"https:\/\/tisal.ba\/index.php\/wp-json\/wp\/v2\/product\/83115","targetHints":{"allow":["GET"]}}],"collection":[{"href":"https:\/\/tisal.ba\/index.php\/wp-json\/wp\/v2\/product"}],"about":[{"href":"https:\/\/tisal.ba\/index.php\/wp-json\/wp\/v2\/types\/product"}],"wp:featuredmedia":[{"embeddable":true,"href":"https:\/\/tisal.ba\/index.php\/wp-json\/wp\/v2\/media\/83880"}],"wp:attachment":[{"href":"https:\/\/tisal.ba\/index.php\/wp-json\/wp\/v2\/media?parent=83115"}],"wp:term":[{"taxonomy":"product_brand","embeddable":true,"href":"https:\/\/tisal.ba\/index.php\/wp-json\/wp\/v2\/product_brand?post=83115"},{"taxonomy":"product_cat","embeddable":true,"href":"https:\/\/tisal.ba\/index.php\/wp-json\/wp\/v2\/product_cat?post=83115"},{"taxonomy":"product_tag","embeddable":true,"href":"https:\/\/tisal.ba\/index.php\/wp-json\/wp\/v2\/product_tag?post=83115"}],"curies":[{"name":"wp","href":"https:\/\/api.w.org\/{rel}","templated":true}]}}