{"id":83118,"date":"2020-03-06T14:21:54","date_gmt":"2020-03-06T12:21:54","guid":{"rendered":"https:\/\/tisal.ba\/?post_type=product&#038;p=83118"},"modified":"2021-08-19T12:53:07","modified_gmt":"2021-08-19T10:53:07","slug":"daily-antibacterial-gel-za-dezinfekciju-ruku","status":"publish","type":"product","link":"https:\/\/tisal.ba\/index.php\/product\/daily-antibacterial-gel-za-dezinfekciju-ruku\/","title":{"rendered":"Daily Antibacterial Gel &#8211; za dezinfekciju ruku"},"content":{"rendered":"","protected":false},"excerpt":{"rendered":"<blockquote><p><strong>PAKOVANJE: 100 mL, 250 mL, 500 mL<\/strong><\/p><\/blockquote>\n<div><span class=\"font-377884\"><strong>Novo iz EZ Group \u2013 Daily PLUS Antibacterial<\/strong><\/span><\/div>\n<div><span class=\"font-377884\">Gel se koristi za suho pranje ruku bez vode, te uni\u0161tava bakterije koje su uzro\u010dnici zaraznih bolesti. Ovaj gel njeguje ko\u017eu, ne isu\u0161uje je i ne ostavlja tragove. Primjena je veoma laka, jednostavna i brza, a gel je blagog i prijatnog mirisa. Ruke su nakon upotrebe dezinficirane, hidratizirane i njegovane.<\/span><\/div>\n<p><span class=\"font-377884\"><strong>NA\u010cIN UPOTREBE:<\/strong> Manju koli\u010dinu gela istisnuti iz bo\u010dice na dlan i trljati ruke dok se gel ne osu\u0161i. Ne ispirati vodom.<\/span><\/p>\n","protected":false},"featured_media":83826,"template":"","meta":[],"product_brand":[],"product_cat":[139],"product_tag":[],"class_list":{"0":"post-83118","1":"product","2":"type-product","3":"status-publish","4":"has-post-thumbnail","6":"product_cat-sredstva-za-dezinfekciju","8":"first","9":"instock","10":"featured","11":"shipping-taxable","12":"product-type-simple"},"_links":{"self":[{"href":"https:\/\/tisal.ba\/index.php\/wp-json\/wp\/v2\/product\/83118","targetHints":{"allow":["GET"]}}],"collection":[{"href":"https:\/\/tisal.ba\/index.php\/wp-json\/wp\/v2\/product"}],"about":[{"href":"https:\/\/tisal.ba\/index.php\/wp-json\/wp\/v2\/types\/product"}],"wp:featuredmedia":[{"embeddable":true,"href":"https:\/\/tisal.ba\/index.php\/wp-json\/wp\/v2\/media\/83826"}],"wp:attachment":[{"href":"https:\/\/tisal.ba\/index.php\/wp-json\/wp\/v2\/media?parent=83118"}],"wp:term":[{"taxonomy":"product_brand","embeddable":true,"href":"https:\/\/tisal.ba\/index.php\/wp-json\/wp\/v2\/product_brand?post=83118"},{"taxonomy":"product_cat","embeddable":true,"href":"https:\/\/tisal.ba\/index.php\/wp-json\/wp\/v2\/product_cat?post=83118"},{"taxonomy":"product_tag","embeddable":true,"href":"https:\/\/tisal.ba\/index.php\/wp-json\/wp\/v2\/product_tag?post=83118"}],"curies":[{"name":"wp","href":"https:\/\/api.w.org\/{rel}","templated":true}]}}