{"id":83184,"date":"2020-04-16T13:05:25","date_gmt":"2020-04-16T11:05:25","guid":{"rendered":"https:\/\/tisal.ba\/?post_type=product&#038;p=83184"},"modified":"2022-08-06T14:42:30","modified_gmt":"2022-08-06T12:42:30","slug":"daily-pjena-za-pranje-ruku-purple-i-blue-diamond","status":"publish","type":"product","link":"https:\/\/tisal.ba\/index.php\/product\/daily-pjena-za-pranje-ruku-purple-i-blue-diamond\/","title":{"rendered":"Daily &#8211; pjena za pranje ruku purple i blue diamond"},"content":{"rendered":"","protected":false},"excerpt":{"rendered":"<blockquote><p><strong>Pakovanje: 500 ml<\/strong><\/p><\/blockquote>\n<p>Daily pjena za pranje ruku je formula teku\u0107eg sapuna upakovana posebnu vrstu ambala\u017ee koji omogu\u0107ava stvaranje kremaste pjene pri svakom istiskivanju sadr\u017eaja. Na taj na\u010din svakodnevno pranje ruku predstavlja jo\u0161 ve\u0107e zadovoljstvo. Pjena nje\u017eno uklanja sve ne\u010disto\u0107e, a njegova aktivna formula \u0161titi ko\u017eu od su\u0161enja i njeguje va\u0161e ruke.<\/p>\n<p>pH neutralan<\/p>\n<p><strong>NA\u010cIN UPOTREBE:<\/strong> Na navla\u017eene ruke uz pomo\u0107 pumpice nanijeti pjenu, istrljati nje\u017eno ruke i isprati vodom.<\/p>\n","protected":false},"featured_media":84090,"template":"","meta":[],"product_brand":[],"product_cat":[140],"product_tag":[],"class_list":{"0":"post-83184","1":"product","2":"type-product","3":"status-publish","4":"has-post-thumbnail","6":"product_cat-tekuci-sapuni","8":"first","9":"instock","10":"shipping-taxable","11":"product-type-simple"},"_links":{"self":[{"href":"https:\/\/tisal.ba\/index.php\/wp-json\/wp\/v2\/product\/83184","targetHints":{"allow":["GET"]}}],"collection":[{"href":"https:\/\/tisal.ba\/index.php\/wp-json\/wp\/v2\/product"}],"about":[{"href":"https:\/\/tisal.ba\/index.php\/wp-json\/wp\/v2\/types\/product"}],"wp:featuredmedia":[{"embeddable":true,"href":"https:\/\/tisal.ba\/index.php\/wp-json\/wp\/v2\/media\/84090"}],"wp:attachment":[{"href":"https:\/\/tisal.ba\/index.php\/wp-json\/wp\/v2\/media?parent=83184"}],"wp:term":[{"taxonomy":"product_brand","embeddable":true,"href":"https:\/\/tisal.ba\/index.php\/wp-json\/wp\/v2\/product_brand?post=83184"},{"taxonomy":"product_cat","embeddable":true,"href":"https:\/\/tisal.ba\/index.php\/wp-json\/wp\/v2\/product_cat?post=83184"},{"taxonomy":"product_tag","embeddable":true,"href":"https:\/\/tisal.ba\/index.php\/wp-json\/wp\/v2\/product_tag?post=83184"}],"curies":[{"name":"wp","href":"https:\/\/api.w.org\/{rel}","templated":true}]}}