{"id":83192,"date":"2020-04-16T13:21:19","date_gmt":"2020-04-16T11:21:19","guid":{"rendered":"https:\/\/tisal.ba\/?post_type=product&#038;p=83192"},"modified":"2021-05-06T15:53:03","modified_gmt":"2021-05-06T13:53:03","slug":"ella-cotton-pamucni-stapici","status":"publish","type":"product","link":"https:\/\/tisal.ba\/index.php\/product\/ella-cotton-pamucni-stapici\/","title":{"rendered":"Ella cotton pamu\u010dni \u0161tapi\u0107i"},"content":{"rendered":"","protected":false},"excerpt":{"rendered":"<blockquote><p><strong>Pakovanje: 200 kom<\/strong><\/p><\/blockquote>\n<p>Ella pamu\u010dni \u0161tapi\u0107i za \u010di\u0161\u0107enje u\u0161ne \u0161koljke i podru\u010dja oko o\u010diju napravljeni su od 100% pamuka. Neka Va\u0161 odabir budu super mekani \u0161tapi\u0107i koji \u0107e nje\u017eno ukloniti sve ne\u0161isto\u0107e, a pri tome ne ostavljaju tragove kori\u0161tenja.<\/p>\n<p><strong>NA\u010cIN UPOTREBE:<\/strong> \u0161tapi\u0107e ne stavljajte duboko u u\u0161i. Pa\u017eljivo koristite, izbjegavaju\u0107i nagle pokrete. Budite posebno pa\u017eljivi prilikom \u010di\u0161\u0107enja dje\u010dijih u\u0161iju.<\/p>\n","protected":false},"featured_media":83193,"template":"","meta":[],"product_brand":[],"product_cat":[123],"product_tag":[],"class_list":{"0":"post-83192","1":"product","2":"type-product","3":"status-publish","4":"has-post-thumbnail","6":"product_cat-njega-lica-i-tijela","8":"first","9":"instock","10":"shipping-taxable","11":"product-type-simple"},"_links":{"self":[{"href":"https:\/\/tisal.ba\/index.php\/wp-json\/wp\/v2\/product\/83192","targetHints":{"allow":["GET"]}}],"collection":[{"href":"https:\/\/tisal.ba\/index.php\/wp-json\/wp\/v2\/product"}],"about":[{"href":"https:\/\/tisal.ba\/index.php\/wp-json\/wp\/v2\/types\/product"}],"wp:featuredmedia":[{"embeddable":true,"href":"https:\/\/tisal.ba\/index.php\/wp-json\/wp\/v2\/media\/83193"}],"wp:attachment":[{"href":"https:\/\/tisal.ba\/index.php\/wp-json\/wp\/v2\/media?parent=83192"}],"wp:term":[{"taxonomy":"product_brand","embeddable":true,"href":"https:\/\/tisal.ba\/index.php\/wp-json\/wp\/v2\/product_brand?post=83192"},{"taxonomy":"product_cat","embeddable":true,"href":"https:\/\/tisal.ba\/index.php\/wp-json\/wp\/v2\/product_cat?post=83192"},{"taxonomy":"product_tag","embeddable":true,"href":"https:\/\/tisal.ba\/index.php\/wp-json\/wp\/v2\/product_tag?post=83192"}],"curies":[{"name":"wp","href":"https:\/\/api.w.org\/{rel}","templated":true}]}}