{"id":83664,"date":"2021-04-16T13:13:27","date_gmt":"2021-04-16T11:13:27","guid":{"rendered":"https:\/\/tisal.ba\/?post_type=product&#038;p=83664"},"modified":"2023-02-02T11:27:25","modified_gmt":"2023-02-02T09:27:25","slug":"glanz-proactive-sredstvo-za-uklanjanje-kamenca-i-plijesni","status":"publish","type":"product","link":"https:\/\/tisal.ba\/index.php\/product\/glanz-proactive-sredstvo-za-uklanjanje-kamenca-i-plijesni\/","title":{"rendered":"Glanz ProActive sredstvo za uklanjanje kamenca i plijesni"},"content":{"rendered":"","protected":false},"excerpt":{"rendered":"<blockquote><p><strong>PAKOVANJE: 750 mL<\/strong><\/p><\/blockquote>\n<p>Glanz Proactive sredstvo za \u010di\u0161\u0107enje i dezinfekciju kupaonica- \u00a0s lako\u0107om \u010disti zaprljanja sa sanitarija, plo\u010dica, kabina i drugih povr\u0161ina. Uklanja kamenac i plijesni, a aktivne materije efikasno skidaju naslage sapuna, masne mrlje, vodu i ostalu ne\u010disto\u0107u te daju sjaj plo\u010dicama i sanitarijama. Blagog je i prijatnog mirisa. Tretirane povr\u0161ine istovremeno \u010disti i dezinfikuje.<\/p>\n<p><strong>NA\u010cIN UPOTREBE:<\/strong> Okrenuti vrh raspr\u0161iva\u010da na opciju ON. Potom pritiskom na ru\u010dicu raspr\u0161iva\u010da po\u0161pricati sa udaljenosti od 10 -15 cm u koli\u010dini od oko 5-10 ml. Ostaviti da djeluje 5-10 minuta, ukloniti mrlje krpom ili \u010detkicom, te isprati vodom.<\/p>\n","protected":false},"featured_media":83882,"template":"","meta":[],"product_brand":[],"product_cat":[117],"product_tag":[],"class_list":{"0":"post-83664","1":"product","2":"type-product","3":"status-publish","4":"has-post-thumbnail","6":"product_cat-glanz-ciscenje","8":"first","9":"instock","10":"featured","11":"shipping-taxable","12":"product-type-simple"},"_links":{"self":[{"href":"https:\/\/tisal.ba\/index.php\/wp-json\/wp\/v2\/product\/83664","targetHints":{"allow":["GET"]}}],"collection":[{"href":"https:\/\/tisal.ba\/index.php\/wp-json\/wp\/v2\/product"}],"about":[{"href":"https:\/\/tisal.ba\/index.php\/wp-json\/wp\/v2\/types\/product"}],"wp:featuredmedia":[{"embeddable":true,"href":"https:\/\/tisal.ba\/index.php\/wp-json\/wp\/v2\/media\/83882"}],"wp:attachment":[{"href":"https:\/\/tisal.ba\/index.php\/wp-json\/wp\/v2\/media?parent=83664"}],"wp:term":[{"taxonomy":"product_brand","embeddable":true,"href":"https:\/\/tisal.ba\/index.php\/wp-json\/wp\/v2\/product_brand?post=83664"},{"taxonomy":"product_cat","embeddable":true,"href":"https:\/\/tisal.ba\/index.php\/wp-json\/wp\/v2\/product_cat?post=83664"},{"taxonomy":"product_tag","embeddable":true,"href":"https:\/\/tisal.ba\/index.php\/wp-json\/wp\/v2\/product_tag?post=83664"}],"curies":[{"name":"wp","href":"https:\/\/api.w.org\/{rel}","templated":true}]}}