{"id":83696,"date":"2021-04-23T14:47:14","date_gmt":"2021-04-23T12:47:14","guid":{"rendered":"https:\/\/tisal.ba\/?post_type=product&#038;p=83696"},"modified":"2021-05-06T15:52:13","modified_gmt":"2021-05-06T13:52:13","slug":"ella-pamucne-blaznice","status":"publish","type":"product","link":"https:\/\/tisal.ba\/index.php\/product\/ella-pamucne-blaznice\/","title":{"rendered":"Ella pamu\u010dne blaznice"},"content":{"rendered":"","protected":false},"excerpt":{"rendered":"<blockquote><p><strong>Pakovanje: 80 kom<\/strong><\/p><\/blockquote>\n<p>Blaznice za \u010di\u0161\u0107enje lica napravljene od \u010distog pamuka. Na brz i efikasan na\u010din uklanjaju \u0161minku i sve ne\u010disto\u0107e sa va\u0161eg lica. 100% pamu\u010dne blaznice nje\u017eno \u010diste ko\u017eu lica, te ne ostavlja tragove kori\u0161tenja.<\/p>\n<p><strong>NA\u010cIN UPOTREBE:<\/strong> na blaznice nanijeti sredstvo za skidanje \u0161minke te blagim pokretima o\u010distiti ko\u017eu lica.<\/p>\n","protected":false},"featured_media":83718,"template":"","meta":[],"product_brand":[],"product_cat":[123],"product_tag":[],"class_list":{"0":"post-83696","1":"product","2":"type-product","3":"status-publish","4":"has-post-thumbnail","6":"product_cat-njega-lica-i-tijela","8":"first","9":"instock","10":"shipping-taxable","11":"product-type-simple"},"_links":{"self":[{"href":"https:\/\/tisal.ba\/index.php\/wp-json\/wp\/v2\/product\/83696","targetHints":{"allow":["GET"]}}],"collection":[{"href":"https:\/\/tisal.ba\/index.php\/wp-json\/wp\/v2\/product"}],"about":[{"href":"https:\/\/tisal.ba\/index.php\/wp-json\/wp\/v2\/types\/product"}],"wp:featuredmedia":[{"embeddable":true,"href":"https:\/\/tisal.ba\/index.php\/wp-json\/wp\/v2\/media\/83718"}],"wp:attachment":[{"href":"https:\/\/tisal.ba\/index.php\/wp-json\/wp\/v2\/media?parent=83696"}],"wp:term":[{"taxonomy":"product_brand","embeddable":true,"href":"https:\/\/tisal.ba\/index.php\/wp-json\/wp\/v2\/product_brand?post=83696"},{"taxonomy":"product_cat","embeddable":true,"href":"https:\/\/tisal.ba\/index.php\/wp-json\/wp\/v2\/product_cat?post=83696"},{"taxonomy":"product_tag","embeddable":true,"href":"https:\/\/tisal.ba\/index.php\/wp-json\/wp\/v2\/product_tag?post=83696"}],"curies":[{"name":"wp","href":"https:\/\/api.w.org\/{rel}","templated":true}]}}