{"id":83710,"date":"2021-04-23T15:26:01","date_gmt":"2021-04-23T13:26:01","guid":{"rendered":"https:\/\/tisal.ba\/?post_type=product&#038;p=83710"},"modified":"2021-04-27T15:00:28","modified_gmt":"2021-04-27T13:00:28","slug":"daily-plus-dezinficijens-sredstvo-za-dezinfekciju-i-ciscenje-povrsina","status":"publish","type":"product","link":"https:\/\/tisal.ba\/index.php\/product\/daily-plus-dezinficijens-sredstvo-za-dezinfekciju-i-ciscenje-povrsina\/","title":{"rendered":"Daily Plus DEZINFICIJENS \u2013  Sredstvo za dezinfekciju i \u010di\u0161\u0107enje povr\u0161ina"},"content":{"rendered":"","protected":false},"excerpt":{"rendered":"<blockquote><p><strong>PAKOVANJE: 750 mL<\/strong><\/p><\/blockquote>\n<p>&#8211;\u00a0 \u00a0Sredstvo za brzu dezinfekciju svih povr\u0161ina<\/p>\n<p>&#8211;\u00a0 \u00a0Proizvod jake dezinfekcione mo\u0107i na bazi\u00a0 benzalkonijum hlorida<\/p>\n<p>&#8211;\u00a0 \u00a0Ima visoku mo\u0107 dezinfekcije, uspje\u0161no reducira broj mikroorganizama sa povr\u0161ina i posjeduje produ\u017eeno djelovanje<\/p>\n<p>&#8211;\u00a0 \u00a0Lako, jednostavno i brzo kori\u0161tenje<\/p>\n<p>&#8211;\u00a0 \u00a0Blagog i prijatnog mirisa<\/p>\n<p>&#8211;\u00a0 \u00a0Povr\u0161ine nakon upotrebe ostaju \u010diste i dezinfikovane<\/p>\n<p>&#8211;\u00a0 \u00a0Koristan u doma\u0107instvu, objektima javnog zdravlja, ugostiteljstvu, hotelijerstvu, \u0161kolskim ustanovama, sportskim objektima, frizerskim i kozmeti\u010dkim salonima i sl.<\/p>\n<p>Proizvod je ispitan na efikasnost dezinfekcionog sredstva u akreditovanoj laboratoriji gdje je dokazano da ima mikrobicidno djelovanje na 8 odabranih sojeva mikroorganizama.<\/p>\n<p>&#8211;\u00a0 pH neutralan.<\/p>\n<p><strong>Na\u010din upotrebe:<\/strong> Okrenuti vrh raspr\u0161iva\u010da na opciju SPRAY. Potom pritiskom na ru\u010dicu raspr\u0161iva\u010da sa udaljenosti od 20 do 30 cm po\u0161pricati povr\u0161inu koju \u017eelite dezinfikovati, sa\u010dekati 4 do 5 minuta i obrisati suhom krpom. Ispiranje nije potrebno, osim za povr\u0161ine koje dolaze u dodir sa hranom.<\/p>\n","protected":false},"featured_media":83711,"template":"","meta":[],"product_brand":[],"product_cat":[139],"product_tag":[],"class_list":{"0":"post-83710","1":"product","2":"type-product","3":"status-publish","4":"has-post-thumbnail","6":"product_cat-sredstva-za-dezinfekciju","8":"first","9":"instock","10":"shipping-taxable","11":"product-type-simple"},"_links":{"self":[{"href":"https:\/\/tisal.ba\/index.php\/wp-json\/wp\/v2\/product\/83710","targetHints":{"allow":["GET"]}}],"collection":[{"href":"https:\/\/tisal.ba\/index.php\/wp-json\/wp\/v2\/product"}],"about":[{"href":"https:\/\/tisal.ba\/index.php\/wp-json\/wp\/v2\/types\/product"}],"wp:featuredmedia":[{"embeddable":true,"href":"https:\/\/tisal.ba\/index.php\/wp-json\/wp\/v2\/media\/83711"}],"wp:attachment":[{"href":"https:\/\/tisal.ba\/index.php\/wp-json\/wp\/v2\/media?parent=83710"}],"wp:term":[{"taxonomy":"product_brand","embeddable":true,"href":"https:\/\/tisal.ba\/index.php\/wp-json\/wp\/v2\/product_brand?post=83710"},{"taxonomy":"product_cat","embeddable":true,"href":"https:\/\/tisal.ba\/index.php\/wp-json\/wp\/v2\/product_cat?post=83710"},{"taxonomy":"product_tag","embeddable":true,"href":"https:\/\/tisal.ba\/index.php\/wp-json\/wp\/v2\/product_tag?post=83710"}],"curies":[{"name":"wp","href":"https:\/\/api.w.org\/{rel}","templated":true}]}}