{"id":83728,"date":"2021-04-27T14:01:31","date_gmt":"2021-04-27T12:01:31","guid":{"rendered":"https:\/\/tisal.ba\/?post_type=product&#038;p=83728"},"modified":"2022-02-15T09:57:56","modified_gmt":"2022-02-15T07:57:56","slug":"gel-za-kosu-ella-plug-n-play","status":"publish","type":"product","link":"https:\/\/tisal.ba\/index.php\/product\/gel-za-kosu-ella-plug-n-play\/","title":{"rendered":"Gel za kosu Ella Plug &#8216;n play"},"content":{"rendered":"","protected":false},"excerpt":{"rendered":"<blockquote><p><strong>PAKOVANJE: 250 mL i 100 mL<\/strong><\/p><\/blockquote>\n<p><strong>Ella gel za kosu Plug n play<\/strong>&#8211; \u00a0gel za kosu je idealan za u\u010dvr\u0161\u010divanje i bolje oblikovanje kose svih tipova frizura. Kosa postaje sjajna, ne nadra\u017euje tjeme, te ne stvara perut. Dermatolo\u0161ki testirano.<\/p>\n<p><strong>NA\u010cIN UPOTREBE:<\/strong> gel pomo\u0107u pumpice razma\u017eite me\u0111u dlanovima, te jednostavno nanesite na kosu. Nakon pro\u010de\u0161ljavanja, usprkos vjetru i vla\u017enom vremenu, kosa ostaje uredna i lijepa. Nanosi se na suhu ili vla\u017enu kosu. \u0160titi kosu od negativnih utjecaja okoline.<\/p>\n","protected":false},"featured_media":83729,"template":"","meta":[],"product_brand":[],"product_cat":[122],"product_tag":[],"class_list":{"0":"post-83728","1":"product","2":"type-product","3":"status-publish","4":"has-post-thumbnail","6":"product_cat-ella-za-kosu","8":"first","9":"instock","10":"shipping-taxable","11":"product-type-simple"},"_links":{"self":[{"href":"https:\/\/tisal.ba\/index.php\/wp-json\/wp\/v2\/product\/83728","targetHints":{"allow":["GET"]}}],"collection":[{"href":"https:\/\/tisal.ba\/index.php\/wp-json\/wp\/v2\/product"}],"about":[{"href":"https:\/\/tisal.ba\/index.php\/wp-json\/wp\/v2\/types\/product"}],"wp:featuredmedia":[{"embeddable":true,"href":"https:\/\/tisal.ba\/index.php\/wp-json\/wp\/v2\/media\/83729"}],"wp:attachment":[{"href":"https:\/\/tisal.ba\/index.php\/wp-json\/wp\/v2\/media?parent=83728"}],"wp:term":[{"taxonomy":"product_brand","embeddable":true,"href":"https:\/\/tisal.ba\/index.php\/wp-json\/wp\/v2\/product_brand?post=83728"},{"taxonomy":"product_cat","embeddable":true,"href":"https:\/\/tisal.ba\/index.php\/wp-json\/wp\/v2\/product_cat?post=83728"},{"taxonomy":"product_tag","embeddable":true,"href":"https:\/\/tisal.ba\/index.php\/wp-json\/wp\/v2\/product_tag?post=83728"}],"curies":[{"name":"wp","href":"https:\/\/api.w.org\/{rel}","templated":true}]}}