{"id":83739,"date":"2021-04-27T15:23:13","date_gmt":"2021-04-27T13:23:13","guid":{"rendered":"https:\/\/tisal.ba\/?post_type=product&#038;p=83739"},"modified":"2021-04-27T15:28:22","modified_gmt":"2021-04-27T13:28:22","slug":"gel-za-kosu-ella-glue-n-play-becool","status":"publish","type":"product","link":"https:\/\/tisal.ba\/index.php\/product\/gel-za-kosu-ella-glue-n-play-becool\/","title":{"rendered":"Gel za kosu Ella Glue &#8216;n play #BECOOL"},"content":{"rendered":"","protected":false},"excerpt":{"rendered":"<blockquote><p><strong>PAKOVANJE: 250 mL\u00a0<\/strong><\/p><\/blockquote>\n<p><strong>Ella gel za kosu Plug n play<\/strong>&#8211; \u00a0gel za kosu je idealan za extra jako u\u010dvr\u0161\u010divanje i oblikovanje kose svih tipova frizura. Kosa postaje sjajna, ne nadra\u017euje tjeme, te ne stvara perut. Dermatolo\u0161ki testirano.<\/p>\n<p><strong>NA\u010cIN UPOTREBE:<\/strong> gel pomo\u0107u pumpice razma\u017eite me\u0111u dlanovima, te jednostavno nanesite na kosu. Nakon pro\u010de\u0161ljavanja, usprkos vjetru i vla\u017enom vremenu, kosa ostaje uredna i lijepa. Nanosi se na suhu ili vla\u017enu kosu. \u0160titi kosu od negativnih utjecaja okoline.<\/p>\n","protected":false},"featured_media":83740,"template":"","meta":[],"product_brand":[],"product_cat":[122],"product_tag":[],"class_list":{"0":"post-83739","1":"product","2":"type-product","3":"status-publish","4":"has-post-thumbnail","6":"product_cat-ella-za-kosu","8":"first","9":"instock","10":"shipping-taxable","11":"product-type-simple"},"_links":{"self":[{"href":"https:\/\/tisal.ba\/index.php\/wp-json\/wp\/v2\/product\/83739","targetHints":{"allow":["GET"]}}],"collection":[{"href":"https:\/\/tisal.ba\/index.php\/wp-json\/wp\/v2\/product"}],"about":[{"href":"https:\/\/tisal.ba\/index.php\/wp-json\/wp\/v2\/types\/product"}],"wp:featuredmedia":[{"embeddable":true,"href":"https:\/\/tisal.ba\/index.php\/wp-json\/wp\/v2\/media\/83740"}],"wp:attachment":[{"href":"https:\/\/tisal.ba\/index.php\/wp-json\/wp\/v2\/media?parent=83739"}],"wp:term":[{"taxonomy":"product_brand","embeddable":true,"href":"https:\/\/tisal.ba\/index.php\/wp-json\/wp\/v2\/product_brand?post=83739"},{"taxonomy":"product_cat","embeddable":true,"href":"https:\/\/tisal.ba\/index.php\/wp-json\/wp\/v2\/product_cat?post=83739"},{"taxonomy":"product_tag","embeddable":true,"href":"https:\/\/tisal.ba\/index.php\/wp-json\/wp\/v2\/product_tag?post=83739"}],"curies":[{"name":"wp","href":"https:\/\/api.w.org\/{rel}","templated":true}]}}