{"id":83743,"date":"2021-04-28T14:52:09","date_gmt":"2021-04-28T12:52:09","guid":{"rendered":"https:\/\/tisal.ba\/?post_type=product&#038;p=83743"},"modified":"2022-01-13T17:13:18","modified_gmt":"2022-01-13T15:13:18","slug":"daily-antibacterial-tekuci-sapun","status":"publish","type":"product","link":"https:\/\/tisal.ba\/index.php\/product\/daily-antibacterial-tekuci-sapun\/","title":{"rendered":"Daily Antibacterial &#8211; teku\u0107i sapun"},"content":{"rendered":"","protected":false},"excerpt":{"rendered":"<blockquote><p><strong>PAKOVANJA: 500 mL i 1000 mL<\/strong><\/p><\/blockquote>\n<p>Antibakterijski te\u010dni sapun predstavlja idealnu kombinaciju komponenti koje djeluju na \u0161irok spektar bakterija, te sprije\u010dava razvoj mikroorganizama. Namijenjen je za sve koje \u017eele vi\u0161e od same higijene. Antibakterijsko svojstvo omogu\u0107ava temeljito \u010di\u0161\u0107enje ko\u017ee. Ne isu\u0161uje ko\u017eu i \u010duva njenu prirodnu vla\u017enost. Nakon pranja ko\u017ea ostaje meka i glatka. Pogodan je za cijelu porodicu. Dermatolo\u0161ki testirano i odobreno od strane laboratorija sa podru\u010dja EU.<\/p>\n<p>pH neutralan.<\/p>\n<p><strong>NA\u010cIN UPOTREBE:<\/strong> Pomo\u0107u pumpice za doziranje manju koli\u010dinu sapuna nanijeti na ruke, navla\u017eiti vodom, istrljati najmanje 30 sec i isprati \u010distom vodom.<\/p>\n","protected":false},"featured_media":83898,"template":"","meta":[],"product_brand":[],"product_cat":[140],"product_tag":[],"class_list":{"0":"post-83743","1":"product","2":"type-product","3":"status-publish","4":"has-post-thumbnail","6":"product_cat-tekuci-sapuni","8":"first","9":"instock","10":"shipping-taxable","11":"product-type-simple"},"_links":{"self":[{"href":"https:\/\/tisal.ba\/index.php\/wp-json\/wp\/v2\/product\/83743","targetHints":{"allow":["GET"]}}],"collection":[{"href":"https:\/\/tisal.ba\/index.php\/wp-json\/wp\/v2\/product"}],"about":[{"href":"https:\/\/tisal.ba\/index.php\/wp-json\/wp\/v2\/types\/product"}],"wp:featuredmedia":[{"embeddable":true,"href":"https:\/\/tisal.ba\/index.php\/wp-json\/wp\/v2\/media\/83898"}],"wp:attachment":[{"href":"https:\/\/tisal.ba\/index.php\/wp-json\/wp\/v2\/media?parent=83743"}],"wp:term":[{"taxonomy":"product_brand","embeddable":true,"href":"https:\/\/tisal.ba\/index.php\/wp-json\/wp\/v2\/product_brand?post=83743"},{"taxonomy":"product_cat","embeddable":true,"href":"https:\/\/tisal.ba\/index.php\/wp-json\/wp\/v2\/product_cat?post=83743"},{"taxonomy":"product_tag","embeddable":true,"href":"https:\/\/tisal.ba\/index.php\/wp-json\/wp\/v2\/product_tag?post=83743"}],"curies":[{"name":"wp","href":"https:\/\/api.w.org\/{rel}","templated":true}]}}