{"id":83750,"date":"2021-04-30T13:15:05","date_gmt":"2021-04-30T11:15:05","guid":{"rendered":"https:\/\/tisal.ba\/?post_type=product&#038;p=83750"},"modified":"2021-10-15T12:26:00","modified_gmt":"2021-10-15T10:26:00","slug":"glanz-proactive-sredstvo-za-dezinfekciju-i-ciscenje-klima-uredjaja","status":"publish","type":"product","link":"https:\/\/tisal.ba\/index.php\/product\/glanz-proactive-sredstvo-za-dezinfekciju-i-ciscenje-klima-uredjaja\/","title":{"rendered":"Glanz ProActive sredstvo za dezinfekciju i \u010di\u0161\u0107enje klima ure\u0111aja"},"content":{"rendered":"","protected":false},"excerpt":{"rendered":"<blockquote><p><strong>PAKOVANJE: 750 mL<\/strong><\/p><\/blockquote>\n<p>Sredstvo za dezinfekciju, \u010di\u0161\u0107enje i odstranjivanje neugodnih mirisa klima ure\u0111aja &#8211; ispariva\u010da, filtera, unutarnje i vanjske jedinice klima ure\u0111aja.<\/p>\n<p>GLANZ sredstvo za dezinfekciju i \u010di\u0161\u0107enje namijenjeno je za klima ure\u0111aje i opremu za filtriranje zraka. Djeluje na \u0161iroki spektar bakterija i virusa, uzro\u010dnika gripe te mo\u017ee sprije\u010diti razvoj plijesni i neugodnih mirisa. Osim dezinfekcije i \u010di\u0161\u0107enja, ima i ulogu dezodoransa i osvje\u017eiva\u010da zraka.<\/p>\n<p>Razlozi za kori\u0161tenje GLANZ\u00a0 sredstva za dezinfekciju i \u010di\u0161\u0107enje klima ure\u0111aja:<\/p>\n<ul>\n<li>Filteri, ventilatori i izmjenjiva\u010di toplote klima ure\u0111aja zahtijevaju redovno \u010di\u0161\u0107enje i odr\u017eavanje kako bi jedinica u\u010dinkovito funkcionisala za vrijeme svog vijeka trajanja.<\/li>\n<li>Filteri unutar klima ure\u0111aja su dizajnirani da skupljaju prljav\u0161tinu i mikrobe, ali ako se redovno ne odr\u017eavaju, mogu se za\u010depiti i skupljati vlagu i plijesan.<\/li>\n<li>Za\u010depljeni, prljavi filteri blokiraju normalan protok zraka i smanjuju u\u010dinkovitost klima ure\u0111aja.<\/li>\n<li>Va\u0161e zdravlje je najva\u017enije pa \u0107e s pravilnim odr\u017eavanjem klime biti ugodnije i zdravije boraviti u prostoriji.<\/li>\n<\/ul>\n<p><strong>Uputstvo za upotrebu:<\/strong><\/p>\n<ol>\n<li>Prije \u010di\u0161\u0107enja, isklju\u010dite ure\u0111aj iz napajanja.<\/li>\n<li>Izvadite zra\u010dni filter.<\/li>\n<li>Na\u0161pricajte filter sredstvom za klime, sa\u010dekajte 2-3 minute i temeljito ga operite, po mogu\u0107nosti toplom vodom.<\/li>\n<li>Usisiva\u010dem usisajte svu pra\u0161inu i ne\u010disto\u0107e sa isprava\u010da i tijela klima ure\u0111aja.<\/li>\n<li>Ispariva\u010d na\u0161pricajte sredstvom za klime a zatim posu\u0161ite krpom\/ubrusom.<\/li>\n<li>Vratite suh filter u ure\u0111aj.<\/li>\n<li>Nakon toga mo\u017eete upaliti klima ure\u0111aj kako bi proces su\u0161enja bio br\u017ei.<\/li>\n<\/ol>\n<p><strong>Napomena:<\/strong> Obratite pa\u017enju na elektri\u010dne instalacije, koje ne smiju biti u dodiru sa sredstvom.<\/p>\n","protected":false},"featured_media":83753,"template":"","meta":[],"product_brand":[],"product_cat":[117],"product_tag":[],"class_list":{"0":"post-83750","1":"product","2":"type-product","3":"status-publish","4":"has-post-thumbnail","6":"product_cat-glanz-ciscenje","8":"first","9":"instock","10":"shipping-taxable","11":"product-type-simple"},"_links":{"self":[{"href":"https:\/\/tisal.ba\/index.php\/wp-json\/wp\/v2\/product\/83750","targetHints":{"allow":["GET"]}}],"collection":[{"href":"https:\/\/tisal.ba\/index.php\/wp-json\/wp\/v2\/product"}],"about":[{"href":"https:\/\/tisal.ba\/index.php\/wp-json\/wp\/v2\/types\/product"}],"wp:featuredmedia":[{"embeddable":true,"href":"https:\/\/tisal.ba\/index.php\/wp-json\/wp\/v2\/media\/83753"}],"wp:attachment":[{"href":"https:\/\/tisal.ba\/index.php\/wp-json\/wp\/v2\/media?parent=83750"}],"wp:term":[{"taxonomy":"product_brand","embeddable":true,"href":"https:\/\/tisal.ba\/index.php\/wp-json\/wp\/v2\/product_brand?post=83750"},{"taxonomy":"product_cat","embeddable":true,"href":"https:\/\/tisal.ba\/index.php\/wp-json\/wp\/v2\/product_cat?post=83750"},{"taxonomy":"product_tag","embeddable":true,"href":"https:\/\/tisal.ba\/index.php\/wp-json\/wp\/v2\/product_tag?post=83750"}],"curies":[{"name":"wp","href":"https:\/\/api.w.org\/{rel}","templated":true}]}}