{"id":83891,"date":"2022-01-12T14:51:46","date_gmt":"2022-01-12T12:51:46","guid":{"rendered":"https:\/\/tisal.ba\/?post_type=product&#038;p=83891"},"modified":"2022-02-15T09:59:50","modified_gmt":"2022-02-15T07:59:50","slug":"lilla-amore-premium-omeksivac-rublja","status":"publish","type":"product","link":"https:\/\/tisal.ba\/index.php\/product\/lilla-amore-premium-omeksivac-rublja\/","title":{"rendered":"Lilla Amore premium \u2013 omek\u0161iva\u010d rublja"},"content":{"rendered":"","protected":false},"excerpt":{"rendered":"<blockquote><p><strong>PAKOVANJE: 1 L<\/strong><\/p><\/blockquote>\n<p>Omek\u0161iva\u010di za rublje su proizvodi namijenjeni da omek\u0161avaju, odr\u017eavaju i osvje\u017eavaju odje\u0107u i razne vrste tkanina. Olak\u0161avaju gla\u010danje\/peglanje te rublju daju prijatan miris i meko\u0107u. Inkapsulirani mirisi osloba\u0111aju mirise na rublju, a puni efekat se osje\u0107a pri dodiru ili u kontaktu sa tkaninom i produ\u017eavaju dugotrajni efekat svje\u017eine.<\/p>\n<p>U\u017eivajte u novom, intenzivnijem proljetnom mirisu koji traje i do 10 sedmica.<\/p>\n<p><strong>NA\u010cIN UPOTREBE:<\/strong> Omek\u0161iva\u010d dozirajte direktno u dozirnu posudicu perilice rublja prije posljednjeg ispiranja i ne nanositi direktno na rublje.<\/p>\n","protected":false},"featured_media":83892,"template":"","meta":[],"product_brand":[],"product_cat":[106],"product_tag":[],"class_list":{"0":"post-83891","1":"product","2":"type-product","3":"status-publish","4":"has-post-thumbnail","6":"product_cat-lilla","8":"first","9":"instock","10":"shipping-taxable","11":"product-type-simple"},"_links":{"self":[{"href":"https:\/\/tisal.ba\/index.php\/wp-json\/wp\/v2\/product\/83891","targetHints":{"allow":["GET"]}}],"collection":[{"href":"https:\/\/tisal.ba\/index.php\/wp-json\/wp\/v2\/product"}],"about":[{"href":"https:\/\/tisal.ba\/index.php\/wp-json\/wp\/v2\/types\/product"}],"wp:featuredmedia":[{"embeddable":true,"href":"https:\/\/tisal.ba\/index.php\/wp-json\/wp\/v2\/media\/83892"}],"wp:attachment":[{"href":"https:\/\/tisal.ba\/index.php\/wp-json\/wp\/v2\/media?parent=83891"}],"wp:term":[{"taxonomy":"product_brand","embeddable":true,"href":"https:\/\/tisal.ba\/index.php\/wp-json\/wp\/v2\/product_brand?post=83891"},{"taxonomy":"product_cat","embeddable":true,"href":"https:\/\/tisal.ba\/index.php\/wp-json\/wp\/v2\/product_cat?post=83891"},{"taxonomy":"product_tag","embeddable":true,"href":"https:\/\/tisal.ba\/index.php\/wp-json\/wp\/v2\/product_tag?post=83891"}],"curies":[{"name":"wp","href":"https:\/\/api.w.org\/{rel}","templated":true}]}}