{"id":84106,"date":"2022-10-17T12:51:55","date_gmt":"2022-10-17T10:51:55","guid":{"rendered":"https:\/\/tisal.ba\/?post_type=product&#038;p=84106"},"modified":"2023-02-02T11:14:25","modified_gmt":"2023-02-02T09:14:25","slug":"glanz-praskasto-abrazivno-sredstvo","status":"publish","type":"product","link":"https:\/\/tisal.ba\/index.php\/product\/glanz-praskasto-abrazivno-sredstvo\/","title":{"rendered":"Glanz FORTE pra\u0161kasti deterd\u017eent za \u010di\u0161\u0107enje"},"content":{"rendered":"","protected":false},"excerpt":{"rendered":"<blockquote><p><strong>PAKOVANJE: 500 g<\/strong><\/p><\/blockquote>\n<p>Pra\u0161kasti deterd\u017eent za \u010di\u0161\u0107enje. U\u010dinkovito \u010disti, riba i polira razne povr\u0161ine poput \u0161tednjaka, sudopera, kerami\u010dkih plo\u010dica, kada, umivaonika&#8230; Nakon \u010di\u0161\u0107enja povr\u0161ine ostaju besprijekorno \u010diste i blistave.<\/p>\n<p><strong>NA\u010cIN UPOTREBE:<\/strong> Glanz nanesite na povr\u0161inu koju \u017eelite o\u010distiti, istrljajte i isperite vodom.<\/p>\n<p>&nbsp;<\/p>\n","protected":false},"featured_media":84120,"template":"","meta":[],"product_brand":[],"product_cat":[117],"product_tag":[],"class_list":{"0":"post-84106","1":"product","2":"type-product","3":"status-publish","4":"has-post-thumbnail","6":"product_cat-glanz-ciscenje","8":"first","9":"instock","10":"shipping-taxable","11":"product-type-simple"},"_links":{"self":[{"href":"https:\/\/tisal.ba\/index.php\/wp-json\/wp\/v2\/product\/84106","targetHints":{"allow":["GET"]}}],"collection":[{"href":"https:\/\/tisal.ba\/index.php\/wp-json\/wp\/v2\/product"}],"about":[{"href":"https:\/\/tisal.ba\/index.php\/wp-json\/wp\/v2\/types\/product"}],"wp:featuredmedia":[{"embeddable":true,"href":"https:\/\/tisal.ba\/index.php\/wp-json\/wp\/v2\/media\/84120"}],"wp:attachment":[{"href":"https:\/\/tisal.ba\/index.php\/wp-json\/wp\/v2\/media?parent=84106"}],"wp:term":[{"taxonomy":"product_brand","embeddable":true,"href":"https:\/\/tisal.ba\/index.php\/wp-json\/wp\/v2\/product_brand?post=84106"},{"taxonomy":"product_cat","embeddable":true,"href":"https:\/\/tisal.ba\/index.php\/wp-json\/wp\/v2\/product_cat?post=84106"},{"taxonomy":"product_tag","embeddable":true,"href":"https:\/\/tisal.ba\/index.php\/wp-json\/wp\/v2\/product_tag?post=84106"}],"curies":[{"name":"wp","href":"https:\/\/api.w.org\/{rel}","templated":true}]}}